{"id":29604,"date":"2023-08-14T22:34:09","date_gmt":"2023-08-14T22:34:09","guid":{"rendered":"https:\/\/arriva.sk\/trnavadev\/?page_id=29604"},"modified":"2023-11-27T21:21:10","modified_gmt":"2023-11-27T21:21:10","slug":"predaj-nehnutelneho-majetku","status":"publish","type":"page","link":"https:\/\/arriva.sk\/trnava\/predaj-nehnutelneho-majetku\/","title":{"rendered":"Predaj nehnute\u013en\u00e9ho majetku"},"content":{"rendered":"\t\t<div data-elementor-type=\"wp-page\" data-elementor-id=\"29604\" class=\"elementor elementor-29604\" data-elementor-post-type=\"page\">\n\t\t\t\t\t\t<section class=\"elementor-section elementor-top-section elementor-element elementor-element-1529b071 elementor-section-boxed elementor-section-height-default elementor-section-height-default\" data-id=\"1529b071\" data-element_type=\"section\" data-e-type=\"section\">\n\t\t\t\t\t\t<div class=\"elementor-container elementor-column-gap-default\">\n\t\t\t\t\t<div class=\"elementor-column elementor-col-50 elementor-top-column elementor-element elementor-element-42dd147f\" data-id=\"42dd147f\" data-element_type=\"column\" data-e-type=\"column\">\n\t\t\t<div class=\"elementor-widget-wrap elementor-element-populated\">\n\t\t\t\t\t\t<div class=\"elementor-element elementor-element-18477ae9 elementor-widget elementor-widget-heading\" data-id=\"18477ae9\" data-element_type=\"widget\" data-e-type=\"widget\" data-widget_type=\"heading.default\">\n\t\t\t\t<div class=\"elementor-widget-container\">\n\t\t\t\t\t<h2 class=\"elementor-heading-title elementor-size-default\">Predaj nehnute\u013en\u00e9ho majetku<\/h2>\t\t\t\t<\/div>\n\t\t\t\t<\/div>\n\t\t\t\t<div class=\"elementor-element elementor-element-6615350 elementor-icon-list--layout-traditional elementor-list-item-link-full_width elementor-widget elementor-widget-icon-list\" data-id=\"6615350\" data-element_type=\"widget\" data-e-type=\"widget\" data-widget_type=\"icon-list.default\">\n\t\t\t\t<div class=\"elementor-widget-container\">\n\t\t\t\t\t\t\t<ul class=\"elementor-icon-list-items\">\n\t\t\t\t\t\t\t<li class=\"elementor-icon-list-item\">\n\t\t\t\t\t\t\t\t\t\t\t<span class=\"elementor-icon-list-icon\">\n\t\t\t\t\t\t\t<i aria-hidden=\"true\" class=\"fas fa-angle-right\"><\/i>\t\t\t\t\t\t<\/span>\n\t\t\t\t\t\t\t\t\t\t<span class=\"elementor-icon-list-text\">aktu\u00e1lne bez ponuky<\/span>\n\t\t\t\t\t\t\t\t\t<\/li>\n\t\t\t\t\t\t<\/ul>\n\t\t\t\t\t\t<\/div>\n\t\t\t\t<\/div>\n\t\t\t\t\t<\/div>\n\t\t<\/div>\n\t\t\t\t<div class=\"elementor-column elementor-col-50 elementor-top-column elementor-element elementor-element-111d52e2\" data-id=\"111d52e2\" data-element_type=\"column\" data-e-type=\"column\">\n\t\t\t<div class=\"elementor-widget-wrap elementor-element-populated\">\n\t\t\t\t\t\t<div class=\"elementor-element elementor-element-ba21593 elementor-widget elementor-widget-image\" data-id=\"ba21593\" data-element_type=\"widget\" data-e-type=\"widget\" data-widget_type=\"image.default\">\n\t\t\t\t<div class=\"elementor-widget-container\">\n\t\t\t\t\t\t\t\t\t\t\t\t\t\t\t<img fetchpriority=\"high\" decoding=\"async\" width=\"2560\" height=\"1615\" src=\"https:\/\/arriva.sk\/trnava\/wp-content\/uploads\/sites\/17\/2023\/08\/AS-Trnava-scaled.jpg\" class=\"attachment-full size-full wp-image-28877\" alt=\"\" srcset=\"https:\/\/arriva.sk\/trnava\/wp-content\/uploads\/sites\/17\/2023\/08\/AS-Trnava-scaled.jpg 2560w, https:\/\/arriva.sk\/trnava\/wp-content\/uploads\/sites\/17\/2023\/08\/AS-Trnava-scaled-300x189.jpg 300w, https:\/\/arriva.sk\/trnava\/wp-content\/uploads\/sites\/17\/2023\/08\/AS-Trnava-scaled-1030x650.jpg 1030w, https:\/\/arriva.sk\/trnava\/wp-content\/uploads\/sites\/17\/2023\/08\/AS-Trnava-scaled-768x485.jpg 768w, https:\/\/arriva.sk\/trnava\/wp-content\/uploads\/sites\/17\/2023\/08\/AS-Trnava-scaled-1536x969.jpg 1536w, https:\/\/arriva.sk\/trnava\/wp-content\/uploads\/sites\/17\/2023\/08\/AS-Trnava-scaled-2048x1292.jpg 2048w, https:\/\/arriva.sk\/trnava\/wp-content\/uploads\/sites\/17\/2023\/08\/AS-Trnava-scaled-1500x946.jpg 1500w, https:\/\/arriva.sk\/trnava\/wp-content\/uploads\/sites\/17\/2023\/08\/AS-Trnava-scaled-705x445.jpg 705w, https:\/\/arriva.sk\/trnava\/wp-content\/uploads\/sites\/17\/2023\/08\/AS-Trnava-scaled-1320x833.jpg 1320w\" sizes=\"(max-width: 2560px) 100vw, 2560px\" \/>\t\t\t\t\t\t\t\t\t\t\t\t\t\t\t<\/div>\n\t\t\t\t<\/div>\n\t\t\t\t\t<\/div>\n\t\t<\/div>\n\t\t\t\t\t<\/div>\n\t\t<\/section>\n\t\t\t\t<\/div>\n\t\t","protected":false},"excerpt":{"rendered":"<p>Predaj nehnute\u013en\u00e9ho majetku aktu\u00e1lne bez ponuky<\/p>\n","protected":false},"author":1,"featured_media":0,"parent":0,"menu_order":0,"comment_status":"closed","ping_status":"closed","template":"","meta":{"_acf_changed":false,"footnotes":""},"class_list":["post-29604","page","type-page","status-publish","hentry"],"acf":[],"yoast_head":"<!-- This site is optimized with the Yoast SEO plugin v27.2 - https:\/\/yoast.com\/product\/yoast-seo-wordpress\/ -->\n<title>Autobusov\u00e9 stanice AS Nitra, AS Zlat\u00e9 Moravce, AS Vr\u00e1ble<\/title>\n<meta name=\"description\" content=\"Dopravno-prev\u00e1dzkov\u00e9 poriadky - AS Nitra, AS Zlat\u00e9 Moravce, AS Vr\u00e1ble\" \/>\n<meta name=\"robots\" content=\"index, follow, max-snippet:-1, max-image-preview:large, max-video-preview:-1\" \/>\n<link rel=\"canonical\" href=\"https:\/\/arriva.sk\/trnava\/predaj-nehnutelneho-majetku\/\" \/>\n<meta property=\"og:locale\" content=\"sk_SK\" \/>\n<meta property=\"og:type\" content=\"article\" \/>\n<meta property=\"og:title\" content=\"Pr\u00edmestsk\u00e1 verejn\u00e1 doprava v 4 regi\u00f3noch \u2013 Bratislava, Malacky, Senec a \u0160amor\u00edn.\" \/>\n<meta property=\"og:description\" content=\"ARRIVA Mobility Solutions, s.r.o. zabezpe\u010duje v Bratislavskom kraji pr\u00edmestsk\u00fa verejn\u00fa dopravu v 4 regi\u00f3noch \u2013 Bratislava, Malacky, Senec a \u0160amor\u00edn.\" \/>\n<meta property=\"og:url\" content=\"https:\/\/arriva.sk\/trnava\/predaj-nehnutelneho-majetku\/\" \/>\n<meta property=\"og:site_name\" content=\"ARRIVA Trnava\" \/>\n<meta property=\"article:modified_time\" content=\"2023-11-27T21:21:10+00:00\" \/>\n<meta property=\"og:image\" content=\"https:\/\/arriva.sk\/trnava\/wp-content\/uploads\/sites\/17\/2021\/11\/01.png\" \/>\n\t<meta property=\"og:image:width\" content=\"932\" \/>\n\t<meta property=\"og:image:height\" content=\"809\" \/>\n\t<meta property=\"og:image:type\" content=\"image\/png\" \/>\n<meta name=\"twitter:card\" content=\"summary_large_image\" \/>\n<meta name=\"twitter:label1\" content=\"Predpokladan\u00fd \u010das \u010d\u00edtania\" \/>\n\t<meta name=\"twitter:data1\" content=\"1 min\u00fata\" \/>\n<script type=\"application\/ld+json\" class=\"yoast-schema-graph\">{\"@context\":\"https:\/\/schema.org\",\"@graph\":[{\"@type\":\"WebPage\",\"@id\":\"https:\/\/arriva.sk\/trnava\/predaj-nehnutelneho-majetku\/\",\"url\":\"https:\/\/arriva.sk\/trnava\/predaj-nehnutelneho-majetku\/\",\"name\":\"Autobusov\u00e9 stanice AS Nitra, AS Zlat\u00e9 Moravce, AS Vr\u00e1ble\",\"isPartOf\":{\"@id\":\"https:\/\/arriva.sk\/trnava\/#website\"},\"primaryImageOfPage\":{\"@id\":\"https:\/\/arriva.sk\/trnava\/predaj-nehnutelneho-majetku\/#primaryimage\"},\"image\":{\"@id\":\"https:\/\/arriva.sk\/trnava\/predaj-nehnutelneho-majetku\/#primaryimage\"},\"thumbnailUrl\":\"https:\/\/arriva.sk\/trnavadev\/wp-content\/uploads\/sites\/17\/2023\/08\/AS-Trnava-scaled.jpg\",\"datePublished\":\"2023-08-14T22:34:09+00:00\",\"dateModified\":\"2023-11-27T21:21:10+00:00\",\"description\":\"Dopravno-prev\u00e1dzkov\u00e9 poriadky - AS Nitra, AS Zlat\u00e9 Moravce, AS Vr\u00e1ble\",\"breadcrumb\":{\"@id\":\"https:\/\/arriva.sk\/trnava\/predaj-nehnutelneho-majetku\/#breadcrumb\"},\"inLanguage\":\"sk-SK\",\"potentialAction\":[{\"@type\":\"ReadAction\",\"target\":[\"https:\/\/arriva.sk\/trnava\/predaj-nehnutelneho-majetku\/\"]}]},{\"@type\":\"ImageObject\",\"inLanguage\":\"sk-SK\",\"@id\":\"https:\/\/arriva.sk\/trnava\/predaj-nehnutelneho-majetku\/#primaryimage\",\"url\":\"https:\/\/arriva.sk\/trnava\/wp-content\/uploads\/sites\/17\/2023\/08\/AS-Trnava-scaled.jpg\",\"contentUrl\":\"https:\/\/arriva.sk\/trnava\/wp-content\/uploads\/sites\/17\/2023\/08\/AS-Trnava-scaled.jpg\",\"width\":2560,\"height\":1615},{\"@type\":\"BreadcrumbList\",\"@id\":\"https:\/\/arriva.sk\/trnava\/predaj-nehnutelneho-majetku\/#breadcrumb\",\"itemListElement\":[{\"@type\":\"ListItem\",\"position\":1,\"name\":\"Home\",\"item\":\"https:\/\/arriva.sk\/trnava\/\"},{\"@type\":\"ListItem\",\"position\":2,\"name\":\"Predaj nehnute\u013en\u00e9ho majetku\"}]},{\"@type\":\"WebSite\",\"@id\":\"https:\/\/arriva.sk\/trnava\/#website\",\"url\":\"https:\/\/arriva.sk\/trnava\/\",\"name\":\"ARRIVA Trnava\",\"description\":\"Autobusov\u00e1 doprava v trnavskom regi\u00f3ne\",\"publisher\":{\"@id\":\"https:\/\/arriva.sk\/trnava\/#organization\"},\"potentialAction\":[{\"@type\":\"SearchAction\",\"target\":{\"@type\":\"EntryPoint\",\"urlTemplate\":\"https:\/\/arriva.sk\/trnava\/?s={search_term_string}\"},\"query-input\":{\"@type\":\"PropertyValueSpecification\",\"valueRequired\":true,\"valueName\":\"search_term_string\"}}],\"inLanguage\":\"sk-SK\"},{\"@type\":\"Organization\",\"@id\":\"https:\/\/arriva.sk\/trnava\/#organization\",\"name\":\"ARRIVA Nitra\",\"url\":\"https:\/\/arriva.sk\/trnava\/\",\"logo\":{\"@type\":\"ImageObject\",\"inLanguage\":\"sk-SK\",\"@id\":\"https:\/\/arriva.sk\/trnava\/#\/schema\/logo\/image\/\",\"url\":\"https:\/\/arriva.sk\/trnavadev\/wp-content\/uploads\/sites\/17\/2021\/11\/logo-nitra.png\",\"contentUrl\":\"https:\/\/arriva.sk\/trnavadev\/wp-content\/uploads\/sites\/17\/2021\/11\/logo-nitra.png\",\"width\":300,\"height\":90,\"caption\":\"ARRIVA Nitra\"},\"image\":{\"@id\":\"https:\/\/arriva.sk\/trnava\/#\/schema\/logo\/image\/\"}}]}<\/script>\n<!-- \/ Yoast SEO plugin. -->","yoast_head_json":{"title":"Autobusov\u00e9 stanice AS Nitra, AS Zlat\u00e9 Moravce, AS Vr\u00e1ble","description":"Dopravno-prev\u00e1dzkov\u00e9 poriadky - AS Nitra, AS Zlat\u00e9 Moravce, AS Vr\u00e1ble","robots":{"index":"index","follow":"follow","max-snippet":"max-snippet:-1","max-image-preview":"max-image-preview:large","max-video-preview":"max-video-preview:-1"},"canonical":"https:\/\/arriva.sk\/trnava\/predaj-nehnutelneho-majetku\/","og_locale":"sk_SK","og_type":"article","og_title":"Pr\u00edmestsk\u00e1 verejn\u00e1 doprava v 4 regi\u00f3noch \u2013 Bratislava, Malacky, Senec a \u0160amor\u00edn.","og_description":"ARRIVA Mobility Solutions, s.r.o. zabezpe\u010duje v Bratislavskom kraji pr\u00edmestsk\u00fa verejn\u00fa dopravu v 4 regi\u00f3noch \u2013 Bratislava, Malacky, Senec a \u0160amor\u00edn.","og_url":"https:\/\/arriva.sk\/trnava\/predaj-nehnutelneho-majetku\/","og_site_name":"ARRIVA Trnava","article_modified_time":"2023-11-27T21:21:10+00:00","og_image":[{"width":932,"height":809,"url":"https:\/\/arriva.sk\/trnava\/wp-content\/uploads\/sites\/17\/2021\/11\/01.png","type":"image\/png"}],"twitter_card":"summary_large_image","twitter_misc":{"Predpokladan\u00fd \u010das \u010d\u00edtania":"1 min\u00fata"},"schema":{"@context":"https:\/\/schema.org","@graph":[{"@type":"WebPage","@id":"https:\/\/arriva.sk\/trnava\/predaj-nehnutelneho-majetku\/","url":"https:\/\/arriva.sk\/trnava\/predaj-nehnutelneho-majetku\/","name":"Autobusov\u00e9 stanice AS Nitra, AS Zlat\u00e9 Moravce, AS Vr\u00e1ble","isPartOf":{"@id":"https:\/\/arriva.sk\/trnava\/#website"},"primaryImageOfPage":{"@id":"https:\/\/arriva.sk\/trnava\/predaj-nehnutelneho-majetku\/#primaryimage"},"image":{"@id":"https:\/\/arriva.sk\/trnava\/predaj-nehnutelneho-majetku\/#primaryimage"},"thumbnailUrl":"https:\/\/arriva.sk\/trnavadev\/wp-content\/uploads\/sites\/17\/2023\/08\/AS-Trnava-scaled.jpg","datePublished":"2023-08-14T22:34:09+00:00","dateModified":"2023-11-27T21:21:10+00:00","description":"Dopravno-prev\u00e1dzkov\u00e9 poriadky - AS Nitra, AS Zlat\u00e9 Moravce, AS Vr\u00e1ble","breadcrumb":{"@id":"https:\/\/arriva.sk\/trnava\/predaj-nehnutelneho-majetku\/#breadcrumb"},"inLanguage":"sk-SK","potentialAction":[{"@type":"ReadAction","target":["https:\/\/arriva.sk\/trnava\/predaj-nehnutelneho-majetku\/"]}]},{"@type":"ImageObject","inLanguage":"sk-SK","@id":"https:\/\/arriva.sk\/trnava\/predaj-nehnutelneho-majetku\/#primaryimage","url":"https:\/\/arriva.sk\/trnava\/wp-content\/uploads\/sites\/17\/2023\/08\/AS-Trnava-scaled.jpg","contentUrl":"https:\/\/arriva.sk\/trnava\/wp-content\/uploads\/sites\/17\/2023\/08\/AS-Trnava-scaled.jpg","width":2560,"height":1615},{"@type":"BreadcrumbList","@id":"https:\/\/arriva.sk\/trnava\/predaj-nehnutelneho-majetku\/#breadcrumb","itemListElement":[{"@type":"ListItem","position":1,"name":"Home","item":"https:\/\/arriva.sk\/trnava\/"},{"@type":"ListItem","position":2,"name":"Predaj nehnute\u013en\u00e9ho majetku"}]},{"@type":"WebSite","@id":"https:\/\/arriva.sk\/trnava\/#website","url":"https:\/\/arriva.sk\/trnava\/","name":"ARRIVA Trnava","description":"Autobusov\u00e1 doprava v trnavskom regi\u00f3ne","publisher":{"@id":"https:\/\/arriva.sk\/trnava\/#organization"},"potentialAction":[{"@type":"SearchAction","target":{"@type":"EntryPoint","urlTemplate":"https:\/\/arriva.sk\/trnava\/?s={search_term_string}"},"query-input":{"@type":"PropertyValueSpecification","valueRequired":true,"valueName":"search_term_string"}}],"inLanguage":"sk-SK"},{"@type":"Organization","@id":"https:\/\/arriva.sk\/trnava\/#organization","name":"ARRIVA Nitra","url":"https:\/\/arriva.sk\/trnava\/","logo":{"@type":"ImageObject","inLanguage":"sk-SK","@id":"https:\/\/arriva.sk\/trnava\/#\/schema\/logo\/image\/","url":"https:\/\/arriva.sk\/trnavadev\/wp-content\/uploads\/sites\/17\/2021\/11\/logo-nitra.png","contentUrl":"https:\/\/arriva.sk\/trnavadev\/wp-content\/uploads\/sites\/17\/2021\/11\/logo-nitra.png","width":300,"height":90,"caption":"ARRIVA Nitra"},"image":{"@id":"https:\/\/arriva.sk\/trnava\/#\/schema\/logo\/image\/"}}]}},"_links":{"self":[{"href":"https:\/\/arriva.sk\/trnava\/wp-json\/wp\/v2\/pages\/29604","targetHints":{"allow":["GET"]}}],"collection":[{"href":"https:\/\/arriva.sk\/trnava\/wp-json\/wp\/v2\/pages"}],"about":[{"href":"https:\/\/arriva.sk\/trnava\/wp-json\/wp\/v2\/types\/page"}],"author":[{"embeddable":true,"href":"https:\/\/arriva.sk\/trnava\/wp-json\/wp\/v2\/users\/1"}],"replies":[{"embeddable":true,"href":"https:\/\/arriva.sk\/trnava\/wp-json\/wp\/v2\/comments?post=29604"}],"version-history":[{"count":0,"href":"https:\/\/arriva.sk\/trnava\/wp-json\/wp\/v2\/pages\/29604\/revisions"}],"wp:attachment":[{"href":"https:\/\/arriva.sk\/trnava\/wp-json\/wp\/v2\/media?parent=29604"}],"curies":[{"name":"wp","href":"https:\/\/api.w.org\/{rel}","templated":true}]}}