{"id":29592,"date":"2023-08-14T22:12:48","date_gmt":"2023-08-14T22:12:48","guid":{"rendered":"https:\/\/arriva.sk\/trnavadev\/?page_id=29592"},"modified":"2025-01-29T11:02:33","modified_gmt":"2025-01-29T09:02:33","slug":"mhd-sms-listok","status":"publish","type":"page","link":"https:\/\/arriva.sk\/trnava\/mestska-doprava\/mhd-sms-listok\/","title":{"rendered":"MHD SMS l\u00edstok"},"content":{"rendered":"\t\t<div data-elementor-type=\"wp-page\" data-elementor-id=\"29592\" class=\"elementor elementor-29592\" data-elementor-post-type=\"page\">\n\t\t\t\t\t\t<section class=\"elementor-section elementor-top-section elementor-element elementor-element-18595140 elementor-section-content-middle elementor-reverse-mobile elementor-section-boxed elementor-section-height-default elementor-section-height-default\" data-id=\"18595140\" data-element_type=\"section\" data-e-type=\"section\">\n\t\t\t\t\t\t<div class=\"elementor-container elementor-column-gap-default\">\n\t\t\t\t\t<div class=\"elementor-column elementor-col-50 elementor-top-column elementor-element elementor-element-7a4f021e\" data-id=\"7a4f021e\" data-element_type=\"column\" data-e-type=\"column\">\n\t\t\t<div class=\"elementor-widget-wrap elementor-element-populated\">\n\t\t\t\t\t\t<div class=\"elementor-element elementor-element-6fada645 elementor-widget elementor-widget-heading\" data-id=\"6fada645\" data-element_type=\"widget\" data-e-type=\"widget\" data-widget_type=\"heading.default\">\n\t\t\t\t<div class=\"elementor-widget-container\">\n\t\t\t\t\t<h2 class=\"elementor-heading-title elementor-size-default\">SMS l\u00edstok pre MHD Trnava<\/h2>\t\t\t\t<\/div>\n\t\t\t\t<\/div>\n\t\t\t\t<div class=\"elementor-element elementor-element-f466e28 elementor-widget elementor-widget-text-editor\" data-id=\"f466e28\" data-element_type=\"widget\" data-e-type=\"widget\" data-widget_type=\"text-editor.default\">\n\t\t\t\t<div class=\"elementor-widget-container\">\n\t\t\t\t\t\t\t\t\t<p>Cestuj\u00faci v na\u0161ej mestskej autobusovej doprave maj\u00fa mo\u017enos\u0165 zaplati\u0165 za cestu autobusom aj formou SMS l\u00edstka.<\/p>\t\t\t\t\t\t\t\t<\/div>\n\t\t\t\t<\/div>\n\t\t\t\t<div class=\"elementor-element elementor-element-772efbe elementor-widget elementor-widget-toggle\" data-id=\"772efbe\" data-element_type=\"widget\" data-e-type=\"widget\" data-widget_type=\"toggle.default\">\n\t\t\t\t<div class=\"elementor-widget-container\">\n\t\t\t\t\t\t\t<div class=\"elementor-toggle\">\n\t\t\t\t\t\t\t<div class=\"elementor-toggle-item\">\n\t\t\t\t\t<div id=\"elementor-tab-title-1241\" class=\"elementor-tab-title\" data-tab=\"1\" role=\"button\" aria-controls=\"elementor-tab-content-1241\" aria-expanded=\"false\">\n\t\t\t\t\t\t\t\t\t\t\t\t<span class=\"elementor-toggle-icon elementor-toggle-icon-right\" aria-hidden=\"true\">\n\t\t\t\t\t\t\t\t\t\t\t\t\t\t\t<span class=\"elementor-toggle-icon-closed\"><i class=\"fas fa-caret-right\"><\/i><\/span>\n\t\t\t\t\t\t\t\t<span class=\"elementor-toggle-icon-opened\"><i class=\"elementor-toggle-icon-opened fas fa-caret-up\"><\/i><\/span>\n\t\t\t\t\t\t\t\t\t\t\t\t\t<\/span>\n\t\t\t\t\t\t\t\t\t\t\t\t<a class=\"elementor-toggle-title\" tabindex=\"0\">Ak\u00e1 je cena a platnos\u0165 SMS l\u00edstka?<\/a>\n\t\t\t\t\t<\/div>\n\n\t\t\t\t\t<div id=\"elementor-tab-content-1241\" class=\"elementor-tab-content elementor-clearfix\" data-tab=\"1\" role=\"region\" aria-labelledby=\"elementor-tab-title-1241\"><p>SMS cestovn\u00fd l\u00edstok plat\u00ed 60 min\u00fat od doru\u010denia. Po\u010das jeho platnosti je mo\u017en\u00e9 vykona\u0165 \u013eubovo\u013en\u00fd po\u010det prestupov a pou\u017ei\u0165 ktor\u00fako\u013evek linku MHD Trnava. V texte spr\u00e1vy SMS l\u00edstka je vyzna\u010den\u00fd de\u0148 a \u010das platnosti cestovn\u00e9ho l\u00edstka.<\/p><p><span style=\"color: var( --e-global-color-secondary );\"><b>Cena SMS l\u00edstka je 1,00 \u20ac<\/b>. Ide o kone\u010dn\u00fa sumu, ktor\u00fa cestuj\u00faci zaplat\u00ed. Za zaslanie pr\u00e1zdnej SMS a doru\u010denie SMS l\u00edstka sa neplat\u00ed ni\u010d navy\u0161e. Cena je jednotn\u00e1 pre v\u0161etk\u00fdch cestuj\u00facich, nie je mo\u017en\u00e9 zak\u00fapi\u0165 si z\u013eavnen\u00fd l\u00edstok.<\/span><\/p><\/div>\n\t\t\t\t<\/div>\n\t\t\t\t\t\t\t<div class=\"elementor-toggle-item\">\n\t\t\t\t\t<div id=\"elementor-tab-title-1242\" class=\"elementor-tab-title\" data-tab=\"2\" role=\"button\" aria-controls=\"elementor-tab-content-1242\" aria-expanded=\"false\">\n\t\t\t\t\t\t\t\t\t\t\t\t<span class=\"elementor-toggle-icon elementor-toggle-icon-right\" aria-hidden=\"true\">\n\t\t\t\t\t\t\t\t\t\t\t\t\t\t\t<span class=\"elementor-toggle-icon-closed\"><i class=\"fas fa-caret-right\"><\/i><\/span>\n\t\t\t\t\t\t\t\t<span class=\"elementor-toggle-icon-opened\"><i class=\"elementor-toggle-icon-opened fas fa-caret-up\"><\/i><\/span>\n\t\t\t\t\t\t\t\t\t\t\t\t\t<\/span>\n\t\t\t\t\t\t\t\t\t\t\t\t<a class=\"elementor-toggle-title\" tabindex=\"0\">Ako sa kontroluje SMS l\u00edstok?<\/a>\n\t\t\t\t\t<\/div>\n\n\t\t\t\t\t<div id=\"elementor-tab-content-1242\" class=\"elementor-tab-content elementor-clearfix\" data-tab=\"2\" role=\"region\" aria-labelledby=\"elementor-tab-title-1242\"><p>V pr\u00edpade kontroly cestovn\u00fdch l\u00edstkov sa preuk\u00e1\u017eete rev\u00edzorovi alebo vodi\u010dovi autobusu Va\u0161im mobiln\u00fdm telef\u00f3nom s otvoren\u00fdm SMS l\u00edstkom. Zak\u00fapen\u00edm SMS l\u00edstka vyjadrujete s\u00fahlas na to, \u017ee rev\u00edzor alebo vodi\u010d autobusu m\u00e1 pr\u00e1vo pre\u010d\u00edta\u0165 si cel\u00fd obsah SMS spr\u00e1vy ako aj zobrazi\u0165 \u010fal\u0161ie detaily spr\u00e1vy (odosielate\u013e, \u010das doru\u010denia a pod.). Vy\u017eaduje sa pri tom Va\u0161a pln\u00e1 s\u00fa\u010dinnos\u0165.<\/p><p><span style=\"color: var( --e-global-color-secondary );\">Ak ste prostredn\u00edctvom mobiln\u00e9ho telef\u00f3nu zak\u00fapili viacero SMS l\u00edstkov, je potrebn\u00e9 predlo\u017ei\u0165 na kontrolu v\u0161etky doru\u010den\u00e9 SMS l\u00edstky a ozna\u010di\u0165 osoby, pre ktor\u00e9 boli zak\u00fapen\u00e9.<\/span><\/p><\/div>\n\t\t\t\t<\/div>\n\t\t\t\t\t\t\t<div class=\"elementor-toggle-item\">\n\t\t\t\t\t<div id=\"elementor-tab-title-1243\" class=\"elementor-tab-title\" data-tab=\"3\" role=\"button\" aria-controls=\"elementor-tab-content-1243\" aria-expanded=\"false\">\n\t\t\t\t\t\t\t\t\t\t\t\t<span class=\"elementor-toggle-icon elementor-toggle-icon-right\" aria-hidden=\"true\">\n\t\t\t\t\t\t\t\t\t\t\t\t\t\t\t<span class=\"elementor-toggle-icon-closed\"><i class=\"fas fa-caret-right\"><\/i><\/span>\n\t\t\t\t\t\t\t\t<span class=\"elementor-toggle-icon-opened\"><i class=\"elementor-toggle-icon-opened fas fa-caret-up\"><\/i><\/span>\n\t\t\t\t\t\t\t\t\t\t\t\t\t<\/span>\n\t\t\t\t\t\t\t\t\t\t\t\t<a class=\"elementor-toggle-title\" tabindex=\"0\">Ako sa vytla\u010d\u00ed da\u0148ov\u00fd doklad?<\/a>\n\t\t\t\t\t<\/div>\n\n\t\t\t\t\t<div id=\"elementor-tab-content-1243\" class=\"elementor-tab-content elementor-clearfix\" data-tab=\"3\" role=\"region\" aria-labelledby=\"elementor-tab-title-1243\"><p>Da\u0148ov\u00fd doklad za cestu realizovan\u00fa SMS l\u00edstkom si m\u00f4\u017eete vytla\u010di\u0165 kliknut\u00edm na <a href=\"https:\/\/mhd.mediatex.sk\/customer\/sign-in\" target=\"_blank\" rel=\"noopener\">tento odkaz<\/a>. Aby sa zobrazil zoznam Va\u0161ich l\u00edstkov, je potrebn\u00e9 sa prihl\u00e1si\u0165. Zadajte telef\u00f3nne \u010d\u00edslo, z ktor\u00e9ho ste SMS l\u00edstky objedn\u00e1vali, v medzin\u00e1rodnom tvare (+421 9\u2026) a kontroln\u00fd k\u00f3d z ktor\u00e9hoko\u013evek V\u00e1\u0161ho SMS l\u00edstka. Kontroln\u00fd k\u00f3d n\u00e1jdete v texte SMS l\u00edstka v poslednom riadku.<\/p><\/div>\n\t\t\t\t<\/div>\n\t\t\t\t\t\t\t<div class=\"elementor-toggle-item\">\n\t\t\t\t\t<div id=\"elementor-tab-title-1244\" class=\"elementor-tab-title\" data-tab=\"4\" role=\"button\" aria-controls=\"elementor-tab-content-1244\" aria-expanded=\"false\">\n\t\t\t\t\t\t\t\t\t\t\t\t<span class=\"elementor-toggle-icon elementor-toggle-icon-right\" aria-hidden=\"true\">\n\t\t\t\t\t\t\t\t\t\t\t\t\t\t\t<span class=\"elementor-toggle-icon-closed\"><i class=\"fas fa-caret-right\"><\/i><\/span>\n\t\t\t\t\t\t\t\t<span class=\"elementor-toggle-icon-opened\"><i class=\"elementor-toggle-icon-opened fas fa-caret-up\"><\/i><\/span>\n\t\t\t\t\t\t\t\t\t\t\t\t\t<\/span>\n\t\t\t\t\t\t\t\t\t\t\t\t<a class=\"elementor-toggle-title\" tabindex=\"0\">Ot\u00e1zky<\/a>\n\t\t\t\t\t<\/div>\n\n\t\t\t\t\t<div id=\"elementor-tab-content-1244\" class=\"elementor-tab-content elementor-clearfix\" data-tab=\"4\" role=\"region\" aria-labelledby=\"elementor-tab-title-1244\"><p>N\u00e1vod na z\u00edskanie SMS l\u00edstka je zverejnen\u00fd na v\u00e4\u010d\u0161ine zast\u00e1vok MHD pod cestovn\u00fdm poriadkom. Alternat\u00edvou je zaslanie SMS spr\u00e1vy s textom INFO na \u010d\u00edslo 1122 \u2013 n\u00e1sledne V\u00e1m bud\u00fa doru\u010den\u00e9 dve informa\u010dn\u00e9 SMS spr\u00e1vy.<\/p><p><span style=\"color: var( --e-global-color-secondary );\">Ak m\u00e1te \u010fal\u0161ie ot\u00e1zky, radi ich zodpovieme prostredn\u00edctvom na\u0161ej z\u00e1kazn\u00edckej podpory na telef\u00f3nnom \u010d\u00edsle 0915 733 733 alebo emailovej adrese informacie@arriva.sk.<\/span><\/p><\/div>\n\t\t\t\t<\/div>\n\t\t\t\t\t\t\t\t\t\t<script type=\"application\/ld+json\">{\"@context\":\"https:\\\/\\\/schema.org\",\"@type\":\"FAQPage\",\"mainEntity\":[{\"@type\":\"Question\",\"name\":\"Ak\\u00e1 je cena a platnos\\u0165 SMS l\\u00edstka?\",\"acceptedAnswer\":{\"@type\":\"Answer\",\"text\":\"<p>SMS cestovn\\u00fd l\\u00edstok plat\\u00ed 60 min\\u00fat od doru\\u010denia. Po\\u010das jeho platnosti je mo\\u017en\\u00e9 vykona\\u0165 \\u013eubovo\\u013en\\u00fd po\\u010det prestupov a pou\\u017ei\\u0165 ktor\\u00fako\\u013evek linku MHD Trnava. V texte spr\\u00e1vy SMS l\\u00edstka je vyzna\\u010den\\u00fd de\\u0148 a \\u010das platnosti cestovn\\u00e9ho l\\u00edstka.<\\\/p><p><span style=\\\"color: var( --e-global-color-secondary );\\\"><b>Cena SMS l\\u00edstka je 1,00 \\u20ac<\\\/b>. Ide o kone\\u010dn\\u00fa sumu, ktor\\u00fa cestuj\\u00faci zaplat\\u00ed. Za zaslanie pr\\u00e1zdnej SMS a doru\\u010denie SMS l\\u00edstka sa neplat\\u00ed ni\\u010d navy\\u0161e. Cena je jednotn\\u00e1 pre v\\u0161etk\\u00fdch cestuj\\u00facich, nie je mo\\u017en\\u00e9 zak\\u00fapi\\u0165 si z\\u013eavnen\\u00fd l\\u00edstok.<\\\/span><\\\/p>\"}},{\"@type\":\"Question\",\"name\":\"Ako sa kontroluje SMS l\\u00edstok?\",\"acceptedAnswer\":{\"@type\":\"Answer\",\"text\":\"<p>V pr\\u00edpade kontroly cestovn\\u00fdch l\\u00edstkov sa preuk\\u00e1\\u017eete rev\\u00edzorovi alebo vodi\\u010dovi autobusu Va\\u0161im mobiln\\u00fdm telef\\u00f3nom s otvoren\\u00fdm SMS l\\u00edstkom. Zak\\u00fapen\\u00edm SMS l\\u00edstka vyjadrujete s\\u00fahlas na to, \\u017ee rev\\u00edzor alebo vodi\\u010d autobusu m\\u00e1 pr\\u00e1vo pre\\u010d\\u00edta\\u0165 si cel\\u00fd obsah SMS spr\\u00e1vy ako aj zobrazi\\u0165 \\u010fal\\u0161ie detaily spr\\u00e1vy (odosielate\\u013e, \\u010das doru\\u010denia a pod.). Vy\\u017eaduje sa pri tom Va\\u0161a pln\\u00e1 s\\u00fa\\u010dinnos\\u0165.<\\\/p><p><span style=\\\"color: var( --e-global-color-secondary );\\\">Ak ste prostredn\\u00edctvom mobiln\\u00e9ho telef\\u00f3nu zak\\u00fapili viacero SMS l\\u00edstkov, je potrebn\\u00e9 predlo\\u017ei\\u0165 na kontrolu v\\u0161etky doru\\u010den\\u00e9 SMS l\\u00edstky a ozna\\u010di\\u0165 osoby, pre ktor\\u00e9 boli zak\\u00fapen\\u00e9.<\\\/span><\\\/p>\"}},{\"@type\":\"Question\",\"name\":\"Ako sa vytla\\u010d\\u00ed da\\u0148ov\\u00fd doklad?\",\"acceptedAnswer\":{\"@type\":\"Answer\",\"text\":\"<p>Da\\u0148ov\\u00fd doklad za cestu realizovan\\u00fa SMS l\\u00edstkom si m\\u00f4\\u017eete vytla\\u010di\\u0165 kliknut\\u00edm na <a href=\\\"https:\\\/\\\/mhd.mediatex.sk\\\/customer\\\/sign-in\\\" target=\\\"_blank\\\" rel=\\\"noopener\\\">tento odkaz<\\\/a>. Aby sa zobrazil zoznam Va\\u0161ich l\\u00edstkov, je potrebn\\u00e9 sa prihl\\u00e1si\\u0165. Zadajte telef\\u00f3nne \\u010d\\u00edslo, z ktor\\u00e9ho ste SMS l\\u00edstky objedn\\u00e1vali, v medzin\\u00e1rodnom tvare (+421 9\\u2026) a kontroln\\u00fd k\\u00f3d z ktor\\u00e9hoko\\u013evek V\\u00e1\\u0161ho SMS l\\u00edstka. Kontroln\\u00fd k\\u00f3d n\\u00e1jdete v texte SMS l\\u00edstka v poslednom riadku.<\\\/p>\"}},{\"@type\":\"Question\",\"name\":\"Ot\\u00e1zky\",\"acceptedAnswer\":{\"@type\":\"Answer\",\"text\":\"<p>N\\u00e1vod na z\\u00edskanie SMS l\\u00edstka je zverejnen\\u00fd na v\\u00e4\\u010d\\u0161ine zast\\u00e1vok MHD pod cestovn\\u00fdm poriadkom. Alternat\\u00edvou je zaslanie SMS spr\\u00e1vy s textom INFO na \\u010d\\u00edslo 1122 \\u2013 n\\u00e1sledne V\\u00e1m bud\\u00fa doru\\u010den\\u00e9 dve informa\\u010dn\\u00e9 SMS spr\\u00e1vy.<\\\/p><p><span style=\\\"color: var( --e-global-color-secondary );\\\">Ak m\\u00e1te \\u010fal\\u0161ie ot\\u00e1zky, radi ich zodpovieme prostredn\\u00edctvom na\\u0161ej z\\u00e1kazn\\u00edckej podpory na telef\\u00f3nnom \\u010d\\u00edsle 0915 733 733 alebo emailovej adrese informacie@arriva.sk.<\\\/span><\\\/p>\"}}]}<\/script>\n\t\t\t\t\t<\/div>\n\t\t\t\t\t\t<\/div>\n\t\t\t\t<\/div>\n\t\t\t\t<div class=\"elementor-element elementor-element-e9e1d79 elementor-align-center elementor-widget elementor-widget-button\" data-id=\"e9e1d79\" data-element_type=\"widget\" data-e-type=\"widget\" data-widget_type=\"button.default\">\n\t\t\t\t<div class=\"elementor-widget-container\">\n\t\t\t\t\t\t\t\t\t<div class=\"elementor-button-wrapper\">\n\t\t\t\t\t<a class=\"elementor-button elementor-button-link elementor-size-md\" href=\"https:\/\/arriva.sk\/files\/tt\/dokumenty\/pravidla_sms.pdf\" target=\"_blank\" id=\"#infolinka\">\n\t\t\t\t\t\t<span class=\"elementor-button-content-wrapper\">\n\t\t\t\t\t\t<span class=\"elementor-button-icon\">\n\t\t\t\t<i aria-hidden=\"true\" class=\"far fa-file-pdf\"><\/i>\t\t\t<\/span>\n\t\t\t\t\t\t\t\t\t<span class=\"elementor-button-text\">SMS cestovn\u00e9ho l\u00edstka pre MHD TRNAVA<\/span>\n\t\t\t\t\t<\/span>\n\t\t\t\t\t<\/a>\n\t\t\t\t<\/div>\n\t\t\t\t\t\t\t\t<\/div>\n\t\t\t\t<\/div>\n\t\t\t\t<div class=\"elementor-element elementor-element-e0ea844 elementor-align-center elementor-widget elementor-widget-button\" data-id=\"e0ea844\" data-element_type=\"widget\" data-e-type=\"widget\" data-widget_type=\"button.default\">\n\t\t\t\t<div class=\"elementor-widget-container\">\n\t\t\t\t\t\t\t\t\t<div class=\"elementor-button-wrapper\">\n\t\t\t\t\t<a class=\"elementor-button elementor-button-link elementor-size-md\" href=\"http:\/\/ecl-tt.mediatex.sk\/\" target=\"_blank\" id=\"#infolinka\">\n\t\t\t\t\t\t<span class=\"elementor-button-content-wrapper\">\n\t\t\t\t\t\t<span class=\"elementor-button-icon\">\n\t\t\t\t<i aria-hidden=\"true\" class=\"fas fa-long-arrow-alt-right\"><\/i>\t\t\t<\/span>\n\t\t\t\t\t\t\t\t\t<span class=\"elementor-button-text\">Vytla\u010denie da\u0148ov\u00e9ho dokladu<\/span>\n\t\t\t\t\t<\/span>\n\t\t\t\t\t<\/a>\n\t\t\t\t<\/div>\n\t\t\t\t\t\t\t\t<\/div>\n\t\t\t\t<\/div>\n\t\t\t\t\t<\/div>\n\t\t<\/div>\n\t\t\t\t<div class=\"elementor-column elementor-col-50 elementor-top-column elementor-element elementor-element-6bcf0c94\" data-id=\"6bcf0c94\" data-element_type=\"column\" data-e-type=\"column\">\n\t\t\t<div class=\"elementor-widget-wrap elementor-element-populated\">\n\t\t\t\t\t\t<div class=\"elementor-element elementor-element-6079b30 elementor-widget elementor-widget-image\" data-id=\"6079b30\" data-element_type=\"widget\" data-e-type=\"widget\" data-widget_type=\"image.default\">\n\t\t\t\t<div class=\"elementor-widget-container\">\n\t\t\t\t\t\t\t\t\t\t\t\t\t\t\t<img fetchpriority=\"high\" decoding=\"async\" width=\"559\" height=\"794\" src=\"https:\/\/arriva.sk\/trnava\/wp-content\/uploads\/sites\/17\/2025\/01\/SMS-listok-TT-NR.jpg\" class=\"attachment-large size-large wp-image-34881\" alt=\"\" srcset=\"https:\/\/arriva.sk\/trnava\/wp-content\/uploads\/sites\/17\/2025\/01\/SMS-listok-TT-NR.jpg 559w, https:\/\/arriva.sk\/trnava\/wp-content\/uploads\/sites\/17\/2025\/01\/SMS-listok-TT-NR-211x300.jpg 211w\" sizes=\"(max-width: 559px) 100vw, 559px\" \/>\t\t\t\t\t\t\t\t\t\t\t\t\t\t\t<\/div>\n\t\t\t\t<\/div>\n\t\t\t\t\t<\/div>\n\t\t<\/div>\n\t\t\t\t\t<\/div>\n\t\t<\/section>\n\t\t\t\t<\/div>\n\t\t","protected":false},"excerpt":{"rendered":"<p>SMS l\u00edstok pre MHD Trnava Cestuj\u00faci v na\u0161ej mestskej autobusovej doprave maj\u00fa mo\u017enos\u0165 zaplati\u0165 za cestu autobusom aj formou SMS l\u00edstka. Ak\u00e1 je cena a platnos\u0165 SMS l\u00edstka? SMS cestovn\u00fd l\u00edstok plat\u00ed 60 min\u00fat od doru\u010denia. Po\u010das jeho platnosti je mo\u017en\u00e9 vykona\u0165 \u013eubovo\u013en\u00fd po\u010det prestupov a pou\u017ei\u0165 ktor\u00fako\u013evek linku MHD Trnava. V texte spr\u00e1vy SMS [&hellip;]<\/p>\n","protected":false},"author":1,"featured_media":16034,"parent":25723,"menu_order":0,"comment_status":"closed","ping_status":"closed","template":"","meta":{"_acf_changed":false,"footnotes":""},"class_list":["post-29592","page","type-page","status-publish","has-post-thumbnail","hentry"],"acf":[],"yoast_head":"<!-- This site is optimized with the Yoast SEO plugin v27.2 - https:\/\/yoast.com\/product\/yoast-seo-wordpress\/ -->\n<title>ARRIVA Trnava - Autobusov\u00e1 doprava v Trnavskom kraji<\/title>\n<meta name=\"description\" content=\"\u010cipov\u00e9 karty pre autobusov\u00fa dopravu v regi\u00f3noch - Trnava, Pie\u0161\u0165any, Senica, Hlohovec\" \/>\n<meta name=\"robots\" content=\"index, follow, max-snippet:-1, max-image-preview:large, max-video-preview:-1\" \/>\n<link rel=\"canonical\" href=\"https:\/\/arriva.sk\/trnava\/mestska-doprava\/mhd-sms-listok\/\" \/>\n<meta property=\"og:locale\" content=\"sk_SK\" \/>\n<meta property=\"og:type\" content=\"article\" \/>\n<meta property=\"og:title\" content=\"Pr\u00edmestsk\u00e1 verejn\u00e1 doprava v 4 regi\u00f3noch \u2013 Bratislava, Malacky, Senec a \u0160amor\u00edn.\" \/>\n<meta property=\"og:description\" content=\"ARRIVA Mobility Solutions, s.r.o. zabezpe\u010duje v Bratislavskom kraji pr\u00edmestsk\u00fa verejn\u00fa dopravu v 4 regi\u00f3noch \u2013 Bratislava, Malacky, Senec a \u0160amor\u00edn.\" \/>\n<meta property=\"og:url\" content=\"https:\/\/arriva.sk\/trnava\/mestska-doprava\/mhd-sms-listok\/\" \/>\n<meta property=\"og:site_name\" content=\"ARRIVA Trnava\" \/>\n<meta property=\"article:modified_time\" content=\"2025-01-29T09:02:33+00:00\" \/>\n<meta property=\"og:image\" content=\"https:\/\/arriva.sk\/trnava\/wp-content\/uploads\/sites\/17\/2021\/11\/01.png\" \/>\n\t<meta property=\"og:image:width\" content=\"932\" \/>\n\t<meta property=\"og:image:height\" content=\"809\" \/>\n\t<meta property=\"og:image:type\" content=\"image\/png\" \/>\n<meta name=\"twitter:card\" content=\"summary_large_image\" \/>\n<meta name=\"twitter:label1\" content=\"Predpokladan\u00fd \u010das \u010d\u00edtania\" \/>\n\t<meta name=\"twitter:data1\" content=\"2 min\u00faty\" \/>\n<script type=\"application\/ld+json\" class=\"yoast-schema-graph\">{\"@context\":\"https:\/\/schema.org\",\"@graph\":[{\"@type\":\"WebPage\",\"@id\":\"https:\/\/arriva.sk\/trnava\/mestska-doprava\/mhd-sms-listok\/\",\"url\":\"https:\/\/arriva.sk\/trnava\/mestska-doprava\/mhd-sms-listok\/\",\"name\":\"ARRIVA Trnava - Autobusov\u00e1 doprava v Trnavskom kraji\",\"isPartOf\":{\"@id\":\"https:\/\/arriva.sk\/trnava\/#website\"},\"primaryImageOfPage\":{\"@id\":\"https:\/\/arriva.sk\/trnava\/mestska-doprava\/mhd-sms-listok\/#primaryimage\"},\"image\":{\"@id\":\"https:\/\/arriva.sk\/trnava\/mestska-doprava\/mhd-sms-listok\/#primaryimage\"},\"thumbnailUrl\":\"https:\/\/arriva.sk\/trnava\/wp-content\/uploads\/sites\/17\/2021\/11\/02b.png\",\"datePublished\":\"2023-08-14T22:12:48+00:00\",\"dateModified\":\"2025-01-29T09:02:33+00:00\",\"description\":\"\u010cipov\u00e9 karty pre autobusov\u00fa dopravu v regi\u00f3noch - Trnava, Pie\u0161\u0165any, Senica, Hlohovec\",\"breadcrumb\":{\"@id\":\"https:\/\/arriva.sk\/trnava\/mestska-doprava\/mhd-sms-listok\/#breadcrumb\"},\"inLanguage\":\"sk-SK\",\"potentialAction\":[{\"@type\":\"ReadAction\",\"target\":[\"https:\/\/arriva.sk\/trnava\/mestska-doprava\/mhd-sms-listok\/\"]}]},{\"@type\":\"ImageObject\",\"inLanguage\":\"sk-SK\",\"@id\":\"https:\/\/arriva.sk\/trnava\/mestska-doprava\/mhd-sms-listok\/#primaryimage\",\"url\":\"https:\/\/arriva.sk\/trnava\/wp-content\/uploads\/sites\/17\/2021\/11\/02b.png\",\"contentUrl\":\"https:\/\/arriva.sk\/trnava\/wp-content\/uploads\/sites\/17\/2021\/11\/02b.png\",\"width\":932,\"height\":932},{\"@type\":\"BreadcrumbList\",\"@id\":\"https:\/\/arriva.sk\/trnava\/mestska-doprava\/mhd-sms-listok\/#breadcrumb\",\"itemListElement\":[{\"@type\":\"ListItem\",\"position\":1,\"name\":\"Home\",\"item\":\"https:\/\/arriva.sk\/trnava\/\"},{\"@type\":\"ListItem\",\"position\":2,\"name\":\"Mestsk\u00e1 doprava\",\"item\":\"https:\/\/arriva.sk\/trnava\/mestska-doprava\/\"},{\"@type\":\"ListItem\",\"position\":3,\"name\":\"MHD SMS l\u00edstok\"}]},{\"@type\":\"WebSite\",\"@id\":\"https:\/\/arriva.sk\/trnava\/#website\",\"url\":\"https:\/\/arriva.sk\/trnava\/\",\"name\":\"ARRIVA Trnava\",\"description\":\"Autobusov\u00e1 doprava v trnavskom regi\u00f3ne\",\"publisher\":{\"@id\":\"https:\/\/arriva.sk\/trnava\/#organization\"},\"potentialAction\":[{\"@type\":\"SearchAction\",\"target\":{\"@type\":\"EntryPoint\",\"urlTemplate\":\"https:\/\/arriva.sk\/trnava\/?s={search_term_string}\"},\"query-input\":{\"@type\":\"PropertyValueSpecification\",\"valueRequired\":true,\"valueName\":\"search_term_string\"}}],\"inLanguage\":\"sk-SK\"},{\"@type\":\"Organization\",\"@id\":\"https:\/\/arriva.sk\/trnava\/#organization\",\"name\":\"ARRIVA Nitra\",\"url\":\"https:\/\/arriva.sk\/trnava\/\",\"logo\":{\"@type\":\"ImageObject\",\"inLanguage\":\"sk-SK\",\"@id\":\"https:\/\/arriva.sk\/trnava\/#\/schema\/logo\/image\/\",\"url\":\"https:\/\/arriva.sk\/trnavadev\/wp-content\/uploads\/sites\/17\/2021\/11\/logo-nitra.png\",\"contentUrl\":\"https:\/\/arriva.sk\/trnavadev\/wp-content\/uploads\/sites\/17\/2021\/11\/logo-nitra.png\",\"width\":300,\"height\":90,\"caption\":\"ARRIVA Nitra\"},\"image\":{\"@id\":\"https:\/\/arriva.sk\/trnava\/#\/schema\/logo\/image\/\"}}]}<\/script>\n<!-- \/ Yoast SEO plugin. -->","yoast_head_json":{"title":"ARRIVA Trnava - Autobusov\u00e1 doprava v Trnavskom kraji","description":"\u010cipov\u00e9 karty pre autobusov\u00fa dopravu v regi\u00f3noch - Trnava, Pie\u0161\u0165any, Senica, Hlohovec","robots":{"index":"index","follow":"follow","max-snippet":"max-snippet:-1","max-image-preview":"max-image-preview:large","max-video-preview":"max-video-preview:-1"},"canonical":"https:\/\/arriva.sk\/trnava\/mestska-doprava\/mhd-sms-listok\/","og_locale":"sk_SK","og_type":"article","og_title":"Pr\u00edmestsk\u00e1 verejn\u00e1 doprava v 4 regi\u00f3noch \u2013 Bratislava, Malacky, Senec a \u0160amor\u00edn.","og_description":"ARRIVA Mobility Solutions, s.r.o. zabezpe\u010duje v Bratislavskom kraji pr\u00edmestsk\u00fa verejn\u00fa dopravu v 4 regi\u00f3noch \u2013 Bratislava, Malacky, Senec a \u0160amor\u00edn.","og_url":"https:\/\/arriva.sk\/trnava\/mestska-doprava\/mhd-sms-listok\/","og_site_name":"ARRIVA Trnava","article_modified_time":"2025-01-29T09:02:33+00:00","og_image":[{"width":932,"height":809,"url":"https:\/\/arriva.sk\/trnava\/wp-content\/uploads\/sites\/17\/2021\/11\/01.png","type":"image\/png"}],"twitter_card":"summary_large_image","twitter_misc":{"Predpokladan\u00fd \u010das \u010d\u00edtania":"2 min\u00faty"},"schema":{"@context":"https:\/\/schema.org","@graph":[{"@type":"WebPage","@id":"https:\/\/arriva.sk\/trnava\/mestska-doprava\/mhd-sms-listok\/","url":"https:\/\/arriva.sk\/trnava\/mestska-doprava\/mhd-sms-listok\/","name":"ARRIVA Trnava - Autobusov\u00e1 doprava v Trnavskom kraji","isPartOf":{"@id":"https:\/\/arriva.sk\/trnava\/#website"},"primaryImageOfPage":{"@id":"https:\/\/arriva.sk\/trnava\/mestska-doprava\/mhd-sms-listok\/#primaryimage"},"image":{"@id":"https:\/\/arriva.sk\/trnava\/mestska-doprava\/mhd-sms-listok\/#primaryimage"},"thumbnailUrl":"https:\/\/arriva.sk\/trnava\/wp-content\/uploads\/sites\/17\/2021\/11\/02b.png","datePublished":"2023-08-14T22:12:48+00:00","dateModified":"2025-01-29T09:02:33+00:00","description":"\u010cipov\u00e9 karty pre autobusov\u00fa dopravu v regi\u00f3noch - Trnava, Pie\u0161\u0165any, Senica, Hlohovec","breadcrumb":{"@id":"https:\/\/arriva.sk\/trnava\/mestska-doprava\/mhd-sms-listok\/#breadcrumb"},"inLanguage":"sk-SK","potentialAction":[{"@type":"ReadAction","target":["https:\/\/arriva.sk\/trnava\/mestska-doprava\/mhd-sms-listok\/"]}]},{"@type":"ImageObject","inLanguage":"sk-SK","@id":"https:\/\/arriva.sk\/trnava\/mestska-doprava\/mhd-sms-listok\/#primaryimage","url":"https:\/\/arriva.sk\/trnava\/wp-content\/uploads\/sites\/17\/2021\/11\/02b.png","contentUrl":"https:\/\/arriva.sk\/trnava\/wp-content\/uploads\/sites\/17\/2021\/11\/02b.png","width":932,"height":932},{"@type":"BreadcrumbList","@id":"https:\/\/arriva.sk\/trnava\/mestska-doprava\/mhd-sms-listok\/#breadcrumb","itemListElement":[{"@type":"ListItem","position":1,"name":"Home","item":"https:\/\/arriva.sk\/trnava\/"},{"@type":"ListItem","position":2,"name":"Mestsk\u00e1 doprava","item":"https:\/\/arriva.sk\/trnava\/mestska-doprava\/"},{"@type":"ListItem","position":3,"name":"MHD SMS l\u00edstok"}]},{"@type":"WebSite","@id":"https:\/\/arriva.sk\/trnava\/#website","url":"https:\/\/arriva.sk\/trnava\/","name":"ARRIVA Trnava","description":"Autobusov\u00e1 doprava v trnavskom regi\u00f3ne","publisher":{"@id":"https:\/\/arriva.sk\/trnava\/#organization"},"potentialAction":[{"@type":"SearchAction","target":{"@type":"EntryPoint","urlTemplate":"https:\/\/arriva.sk\/trnava\/?s={search_term_string}"},"query-input":{"@type":"PropertyValueSpecification","valueRequired":true,"valueName":"search_term_string"}}],"inLanguage":"sk-SK"},{"@type":"Organization","@id":"https:\/\/arriva.sk\/trnava\/#organization","name":"ARRIVA Nitra","url":"https:\/\/arriva.sk\/trnava\/","logo":{"@type":"ImageObject","inLanguage":"sk-SK","@id":"https:\/\/arriva.sk\/trnava\/#\/schema\/logo\/image\/","url":"https:\/\/arriva.sk\/trnavadev\/wp-content\/uploads\/sites\/17\/2021\/11\/logo-nitra.png","contentUrl":"https:\/\/arriva.sk\/trnavadev\/wp-content\/uploads\/sites\/17\/2021\/11\/logo-nitra.png","width":300,"height":90,"caption":"ARRIVA Nitra"},"image":{"@id":"https:\/\/arriva.sk\/trnava\/#\/schema\/logo\/image\/"}}]}},"_links":{"self":[{"href":"https:\/\/arriva.sk\/trnava\/wp-json\/wp\/v2\/pages\/29592","targetHints":{"allow":["GET"]}}],"collection":[{"href":"https:\/\/arriva.sk\/trnava\/wp-json\/wp\/v2\/pages"}],"about":[{"href":"https:\/\/arriva.sk\/trnava\/wp-json\/wp\/v2\/types\/page"}],"author":[{"embeddable":true,"href":"https:\/\/arriva.sk\/trnava\/wp-json\/wp\/v2\/users\/1"}],"replies":[{"embeddable":true,"href":"https:\/\/arriva.sk\/trnava\/wp-json\/wp\/v2\/comments?post=29592"}],"version-history":[{"count":9,"href":"https:\/\/arriva.sk\/trnava\/wp-json\/wp\/v2\/pages\/29592\/revisions"}],"predecessor-version":[{"id":34884,"href":"https:\/\/arriva.sk\/trnava\/wp-json\/wp\/v2\/pages\/29592\/revisions\/34884"}],"up":[{"embeddable":true,"href":"https:\/\/arriva.sk\/trnava\/wp-json\/wp\/v2\/pages\/25723"}],"wp:featuredmedia":[{"embeddable":true,"href":"https:\/\/arriva.sk\/trnava\/wp-json\/wp\/v2\/media\/16034"}],"wp:attachment":[{"href":"https:\/\/arriva.sk\/trnava\/wp-json\/wp\/v2\/media?parent=29592"}],"curies":[{"name":"wp","href":"https:\/\/api.w.org\/{rel}","templated":true}]}}