{"id":16812,"date":"2021-11-09T12:16:45","date_gmt":"2021-11-09T12:16:45","guid":{"rendered":"https:\/\/arriva.sk\/trnavadev\/?page_id=16812"},"modified":"2026-04-16T16:07:50","modified_gmt":"2026-04-16T14:07:50","slug":"dokumenty","status":"publish","type":"page","link":"https:\/\/arriva.sk\/trnava\/dokumenty\/","title":{"rendered":"Dokumenty"},"content":{"rendered":"\t\t<div data-elementor-type=\"wp-page\" data-elementor-id=\"16812\" class=\"elementor elementor-16812\" data-elementor-post-type=\"page\">\n\t\t\t\t\t\t<section class=\"elementor-section elementor-top-section elementor-element elementor-element-2dc884e elementor-section-content-middle elementor-reverse-mobile elementor-section-boxed elementor-section-height-default elementor-section-height-default\" data-id=\"2dc884e\" data-element_type=\"section\" data-e-type=\"section\">\n\t\t\t\t\t\t<div class=\"elementor-container elementor-column-gap-default\">\n\t\t\t\t\t<div class=\"elementor-column elementor-col-100 elementor-top-column elementor-element elementor-element-5e3887f3\" data-id=\"5e3887f3\" data-element_type=\"column\" data-e-type=\"column\">\n\t\t\t<div class=\"elementor-widget-wrap elementor-element-populated\">\n\t\t\t\t\t\t<div class=\"elementor-element elementor-element-2bcfc3a5 elementor-widget elementor-widget-heading\" data-id=\"2bcfc3a5\" data-element_type=\"widget\" data-e-type=\"widget\" data-widget_type=\"heading.default\">\n\t\t\t\t<div class=\"elementor-widget-container\">\n\t\t\t\t\t<h2 class=\"elementor-heading-title elementor-size-default\">Ochrana osobn\u00fdch \u00fadajov<\/h2>\t\t\t\t<\/div>\n\t\t\t\t<\/div>\n\t\t\t\t\t<\/div>\n\t\t<\/div>\n\t\t\t\t\t<\/div>\n\t\t<\/section>\n\t\t\t\t<section class=\"elementor-section elementor-top-section elementor-element elementor-element-c228c2e elementor-section-boxed elementor-section-height-default elementor-section-height-default\" data-id=\"c228c2e\" data-element_type=\"section\" data-e-type=\"section\">\n\t\t\t\t\t\t<div class=\"elementor-container elementor-column-gap-default\">\n\t\t\t\t\t<div class=\"elementor-column elementor-col-50 elementor-top-column elementor-element elementor-element-b9539f0\" data-id=\"b9539f0\" data-element_type=\"column\" data-e-type=\"column\">\n\t\t\t<div class=\"elementor-widget-wrap elementor-element-populated\">\n\t\t\t\t\t\t<div class=\"elementor-element elementor-element-2fe6cf41 elementor-widget elementor-widget-text-editor\" data-id=\"2fe6cf41\" data-element_type=\"widget\" data-e-type=\"widget\" data-widget_type=\"text-editor.default\">\n\t\t\t\t<div class=\"elementor-widget-container\">\n\t\t\t\t\t\t\t\t\t<section class=\"av_textblock_section av-jsd37jdg-be7b7b7c71ff1028c9ad0166410c3883 \"><div class=\"avia_textblock \"><p>Spolo\u010dnosti ARRIVA sprac\u00favaj\u00fa osobn\u00e9 \u00fadaje na \u00fa\u010dely a v zmysle z\u00e1kona \u010d. 18\/2018 Z.z. o ochrane osobn\u00fdch \u00fadajov a o zmene a doplnen\u00ed niektor\u00fdch z\u00e1konov v znen\u00ed neskor\u0161\u00edch predpisov a nariadenia Eur\u00f3pskeho parlamentu a Rady (E\u00da) \u010d. 2016\/679 z 27. apr\u00edla 2016 o ochrane fyzick\u00fdch os\u00f4b pri sprac\u00favan\u00ed osobn\u00fdch \u00fadajov a o vo\u013enom pohybe tak\u00fdchto \u00fadajov, ktor\u00fdm sa zru\u0161uje smernica 95\/46\/ES.<\/p><\/div><\/section><section class=\"av_textblock_section av-jsd37jdg-be7b7b7c71ff1028c9ad0166410c3883 \"><div class=\"avia_textblock \"><p><strong>Kontakt pre v\u0161etky spolo\u010dnosti ARRIVA na Slovensku<\/strong><\/p><p>Email: osobneudaje@arriva.sk<br \/><br \/><\/p><\/div><\/section>\t\t\t\t\t\t\t\t<\/div>\n\t\t\t\t<\/div>\n\t\t\t\t\t<\/div>\n\t\t<\/div>\n\t\t\t\t<div class=\"elementor-column elementor-col-50 elementor-top-column elementor-element elementor-element-4e5f2c6\" data-id=\"4e5f2c6\" data-element_type=\"column\" data-e-type=\"column\">\n\t\t\t<div class=\"elementor-widget-wrap elementor-element-populated\">\n\t\t\t\t\t\t<div class=\"elementor-element elementor-element-87e7b43 elementor-icon-list--layout-traditional elementor-list-item-link-full_width elementor-widget elementor-widget-icon-list\" data-id=\"87e7b43\" data-element_type=\"widget\" data-e-type=\"widget\" data-widget_type=\"icon-list.default\">\n\t\t\t\t<div class=\"elementor-widget-container\">\n\t\t\t\t\t\t\t<ul class=\"elementor-icon-list-items\">\n\t\t\t\t\t\t\t<li class=\"elementor-icon-list-item\">\n\t\t\t\t\t\t\t\t\t\t\t<a href=\"https:\/\/arriva.sk\/\/files\/dokumenty\/gdpr\/Arriva_Osobne_udaje_informacne_memorandum_zakaznici_pravidelna_doprava_ARRIVA_Trnava.pdf\" target=\"_blank\">\n\n\t\t\t\t\t\t\t\t\t\t\t\t<span class=\"elementor-icon-list-icon\">\n\t\t\t\t\t\t\t<i aria-hidden=\"true\" class=\"fas fa-file-pdf\"><\/i>\t\t\t\t\t\t<\/span>\n\t\t\t\t\t\t\t\t\t\t<span class=\"elementor-icon-list-text\">Informa\u010dn\u00e9 memorandum - pravideln\u00e1 doprava<\/span>\n\t\t\t\t\t\t\t\t\t\t\t<\/a>\n\t\t\t\t\t\t\t\t\t<\/li>\n\t\t\t\t\t\t\t\t<li class=\"elementor-icon-list-item\">\n\t\t\t\t\t\t\t\t\t\t\t<a href=\"https:\/\/arriva.sk\/files\/dokumenty\/gdpr\/Arriva_Osobne_udaje_informacne_memorandum_zakaznici_nepravidelna_doprava.pdf\" target=\"_blank\">\n\n\t\t\t\t\t\t\t\t\t\t\t\t<span class=\"elementor-icon-list-icon\">\n\t\t\t\t\t\t\t<i aria-hidden=\"true\" class=\"fas fa-file-pdf\"><\/i>\t\t\t\t\t\t<\/span>\n\t\t\t\t\t\t\t\t\t\t<span class=\"elementor-icon-list-text\">Informa\u010dn\u00e9 memorandum - nepravideln\u00e1 doprava<\/span>\n\t\t\t\t\t\t\t\t\t\t\t<\/a>\n\t\t\t\t\t\t\t\t\t<\/li>\n\t\t\t\t\t\t\t\t<li class=\"elementor-icon-list-item\">\n\t\t\t\t\t\t\t\t\t\t\t<a href=\"https:\/\/arriva.sk\/files\/dokumenty\/gdpr\/Arriva_Osobne_udaje_informacne_memorandum_zakaznicka%20podpora.pdf\" target=\"_blank\">\n\n\t\t\t\t\t\t\t\t\t\t\t\t<span class=\"elementor-icon-list-icon\">\n\t\t\t\t\t\t\t<i aria-hidden=\"true\" class=\"fas fa-file-pdf\"><\/i>\t\t\t\t\t\t<\/span>\n\t\t\t\t\t\t\t\t\t\t<span class=\"elementor-icon-list-text\">Informa\u010dn\u00e9 memorandum - z\u00e1kazn\u00edcka podpora<\/span>\n\t\t\t\t\t\t\t\t\t\t\t<\/a>\n\t\t\t\t\t\t\t\t\t<\/li>\n\t\t\t\t\t\t\t\t<li class=\"elementor-icon-list-item\">\n\t\t\t\t\t\t\t\t\t\t\t<a href=\"https:\/\/arriva.sk\/\/files\/dokumenty\/gdpr\/ARRIVA_Trnava_Osobne_udaje_informacne_memorandum_uchadzaci_o_zamestnanie.pdf\" target=\"_blank\">\n\n\t\t\t\t\t\t\t\t\t\t\t\t<span class=\"elementor-icon-list-icon\">\n\t\t\t\t\t\t\t<i aria-hidden=\"true\" class=\"fas fa-file-pdf\"><\/i>\t\t\t\t\t\t<\/span>\n\t\t\t\t\t\t\t\t\t\t<span class=\"elementor-icon-list-text\">Uch\u00e1dza\u010di o zamestnanie ARRIVA Trnava<\/span>\n\t\t\t\t\t\t\t\t\t\t\t<\/a>\n\t\t\t\t\t\t\t\t\t<\/li>\n\t\t\t\t\t\t<\/ul>\n\t\t\t\t\t\t<\/div>\n\t\t\t\t<\/div>\n\t\t\t\t\t<\/div>\n\t\t<\/div>\n\t\t\t\t\t<\/div>\n\t\t<\/section>\n\t\t\t\t<section class=\"elementor-section elementor-top-section elementor-element elementor-element-56aefe6 elementor-section-boxed elementor-section-height-default elementor-section-height-default\" data-id=\"56aefe6\" data-element_type=\"section\" data-e-type=\"section\">\n\t\t\t\t\t\t<div class=\"elementor-container elementor-column-gap-default\">\n\t\t\t\t\t<div class=\"elementor-column elementor-col-100 elementor-top-column elementor-element elementor-element-a845313\" data-id=\"a845313\" data-element_type=\"column\" data-e-type=\"column\">\n\t\t\t<div class=\"elementor-widget-wrap elementor-element-populated\">\n\t\t\t\t\t\t<div class=\"elementor-element elementor-element-d8a8ca4 elementor-widget-divider--view-line elementor-widget elementor-widget-divider\" data-id=\"d8a8ca4\" data-element_type=\"widget\" data-e-type=\"widget\" data-widget_type=\"divider.default\">\n\t\t\t\t<div class=\"elementor-widget-container\">\n\t\t\t\t\t\t\t<div class=\"elementor-divider\">\n\t\t\t<span class=\"elementor-divider-separator\">\n\t\t\t\t\t\t<\/span>\n\t\t<\/div>\n\t\t\t\t\t\t<\/div>\n\t\t\t\t<\/div>\n\t\t\t\t\t<\/div>\n\t\t<\/div>\n\t\t\t\t\t<\/div>\n\t\t<\/section>\n\t\t\t\t<section class=\"elementor-section elementor-top-section elementor-element elementor-element-1090c07 elementor-section-boxed elementor-section-height-default elementor-section-height-default\" data-id=\"1090c07\" data-element_type=\"section\" data-e-type=\"section\">\n\t\t\t\t\t\t<div class=\"elementor-container elementor-column-gap-wide\">\n\t\t\t\t\t<div class=\"elementor-column elementor-col-100 elementor-top-column elementor-element elementor-element-3479f16\" data-id=\"3479f16\" data-element_type=\"column\" data-e-type=\"column\">\n\t\t\t<div class=\"elementor-widget-wrap elementor-element-populated\">\n\t\t\t\t\t\t<div class=\"elementor-element elementor-element-2b2c2ad elementor-widget elementor-widget-text-editor\" data-id=\"2b2c2ad\" data-element_type=\"widget\" data-e-type=\"widget\" data-widget_type=\"text-editor.default\">\n\t\t\t\t<div class=\"elementor-widget-container\">\n\t\t\t\t\t\t\t\t\t<h3>Kto sme<\/h3><p>Adresa na\u0161ej webovej str\u00e1nky je: https:\/\/arriva.sk\/trnava\/.<\/p><h3>Ak\u00e9 osobn\u00e9 \u00fadaje z\u00edskavame a pre\u010do ich zbierame<\/h3><h4><strong>Kontaktn\u00e9 formul\u00e1re<\/strong><\/h4><p>Ke\u010f n\u00e1v\u0161tevn\u00edci webu zanechavaj\u00fa na str\u00e1nke koment\u00e1re, zbierame \u00fadaje, ktor\u00e9 s\u00fa zobrazen\u00e9 vo formul\u00e1ri koment\u00e1ra a taktie\u017e IP adresu pou\u017e\u00edvate\u013eov a user-agent prehliada\u010da z d\u00f4vodu ochrany proti spamu.<\/p><p>Anonymizovan\u00fd re\u0165azec vytvoren\u00fd z va\u0161ej e-mailovej adresy (naz\u00fdvan\u00fd aj hash) m\u00f4\u017ee by\u0165 poskytnut\u00fd slu\u017ebe Gravatar pre overenie, \u010di ju pou\u017e\u00edvate. Z\u00e1sady ochrany osobn\u00fdch \u00fadajov slu\u017eby Gravatar n\u00e1jdete na: https:\/\/automattic.com\/privacy\/.<\/p><h4><strong>S\u00fabory cookies<\/strong><\/h4><p>Ak prid\u00e1te koment\u00e1r na na\u0161ej str\u00e1nke, m\u00f4\u017eete s\u00fahlasi\u0165 s ulo\u017een\u00edm v\u00e1\u0161ho mena, e-mailovej adresy a webovej str\u00e1nky do s\u00faborov cookies. Je to pre va\u0161e pohodlie, aby ste nemuseli op\u00e4tovne vyp\u013a\u0148a\u0165 va\u0161e \u00fadaje znovu pri prid\u00e1van\u00ed \u010fal\u0161ieho koment\u00e1ra. Tieto s\u00fabory cookies s\u00fa platn\u00e9 jeden rok.<\/p><h4><strong>Vlo\u017een\u00fd obsah z in\u00fdch webov\u00fdch str\u00e1nok<\/strong><\/h4><p>Str\u00e1nky na tejto webovej str\u00e1nke m\u00f4\u017eu obsahova\u0165 vlo\u017een\u00fd obsah (napr. vide\u00e1, obr\u00e1zky, \u010dl\u00e1nky a podobne). Vlo\u017een\u00fd obsah z in\u00fdch str\u00e1nok sa chov\u00e1 rovnako, akoby n\u00e1v\u0161tevn\u00edk nav\u0161t\u00edvil in\u00fa webov\u00fa str\u00e1nku.<\/p><p>Tieto webov\u00e9 str\u00e1nky m\u00f4\u017eu o v\u00e1s zbiera\u0165 osobn\u00e9 \u00fadaje, pou\u017e\u00edva\u0165 s\u00fabory cookies, vklada\u0165 tre\u0165o-strann\u00e9 sledovanie a monitorova\u0165 va\u0161u interakciu s vlo\u017een\u00fdm obsahom, vr\u00e1tane sledovania va\u0161ej interakcie s vlo\u017een\u00fdm obsahom, ak na danej webovej str\u00e1nke m\u00e1te \u00fa\u010det a ste prihl\u00e1sen\u00fd.<\/p><h3>Analytika<\/h3><h4><strong>S k\u00fdm zdie\u013eame va\u0161e \u00fadaje<\/strong><\/h4><p>Na\u0161e \u00fadaje zdie\u013eame s Google Analytics, z d\u00f4vodu lep\u0161ej identifik\u00e1cie spr\u00e1vania pou\u017e\u00edvate\u013ea \/ n\u00e1v\u0161tevn\u00edka na\u0161ej str\u00e1nky. V tomto procese v\u0161ak nie s\u00fa zdie\u013ean\u00e9 osobn\u00e9 \u00fadaje iba anonymizovan\u00e9 identifika\u010dn\u00e9 \u00fadaje.<\/p><h4><strong>Ako dlho uchov\u00e1vame va\u0161e \u00fadaje<\/strong><\/h4><p>Pre pou\u017e\u00edvate\u013eov, ktor\u00ed sa zaregistruj\u00fa na na\u0161ich webov\u00fdch str\u00e1nkach (ak tak\u00ed existuj\u00fa), uklad\u00e1me aj osobn\u00e9 \u00fadaje, ktor\u00e9 poskytuj\u00fa, do ich u\u017e\u00edvate\u013esk\u00e9ho profilu. V\u0161etci pou\u017e\u00edvatelia m\u00f4\u017eu kedyko\u013evek zobrazi\u0165, upravi\u0165 alebo odstr\u00e1ni\u0165 svoje osobn\u00e9 \u00fadaje (okrem zmeny pou\u017e\u00edvate\u013esk\u00e9ho). Spr\u00e1vcovia webov\u00fdch str\u00e1nok tie\u017e m\u00f4\u017eu zobrazi\u0165 a upravi\u0165 tieto inform\u00e1cie.<\/p><h4><strong>Ak\u00e9 pr\u00e1va m\u00e1te nad svojimi \u00fadajmi<\/strong><\/h4><p>Ak na tejto webovej str\u00e1nke m\u00e1te \u00fa\u010det, alebo ste tu pridali koment\u00e1r, m\u00f4\u017eete po\u017eiada\u0165 o export va\u0161ich osobn\u00fdch \u00fadajov, ktor\u00e9 o v\u00e1s uklad\u00e1me, vr\u00e1tane \u00fadajov, ktor\u00e9 ste n\u00e1m poskytli. M\u00f4\u017eete tak isto po\u017eiada\u0165 o vymazanie osobn\u00fdch \u00fadajov. To sa ale net\u00fdka \u00fadajov, ktor\u00e9 o v\u00e1s mus\u00edme uchov\u00e1va\u0165 z administrat\u00edvnych, pr\u00e1vnych alebo bezpe\u010dnostn\u00fdch d\u00f4vodov.<\/p><h4><strong>Kam posielame va\u0161e \u00fadaje<\/strong><\/h4><p>Koment\u00e1re n\u00e1v\u0161tevn\u00edkov m\u00f4\u017eu by\u0165 kontrolovan\u00e9 prostredn\u00edctvom automatizovanej slu\u017eby na detekciu spamu.<\/p><h3>Dodato\u010dn\u00e9 inform\u00e1cie<\/h3><h4><strong>Ako chr\u00e1nime va\u0161e \u00fadaje<\/strong><\/h4><p>Prenos \u00fadajov je zabezpe\u010den\u00fd \u0161ifrovan\u00edm, \u00fadaje s\u00fa ulo\u017een\u00e9 v zabezpe\u010denej datab\u00e1ze s potrebou autorizovan\u00e9ho pr\u00edstupu, ktor\u00fa chr\u00e1nime pred po\u0161koden\u00edm, zni\u010den\u00edm, stratou alebo zneu\u017eit\u00edm, v\u0161etci na\u0161i pracovn\u00edci, ktor\u00ed pr\u00eddu s \u00fadajmi do styku, boli n\u00e1le\u017eite pou\u010den\u00ed o korektnom zaobch\u00e1dzan\u00ed s t\u00fdmito \u00fadajmi, va\u0161e osobn\u00e9 \u00fadaje nespr\u00edstup\u0148ujeme, nezverej\u0148ujeme a neposkytujeme tret\u00edm stran\u00e1m, okrem tret\u00edch str\u00e1n uveden\u00fdch vy\u0161\u0161ie a jedine v pr\u00edpadoch taxat\u00edvne ur\u010den\u00fdch z\u00e1konom \u2013 org\u00e1ny \u0161t\u00e1tnej spr\u00e1vy pre \u00fa\u010dely vy\u0161etrovania a vykon\u00e1vania kontroly.<\/p><h4><strong>Ak\u00e9 m\u00e1me procesy pri \u00faniku d\u00e1t<\/strong><\/h4><p>V pr\u00edpade, \u017ee d\u00f4jde k zisteniu, \u017ee do\u0161lo k \u00faniku osobn\u00fdch \u00fadajov z na\u0161ich webov\u00fdch str\u00e1nok, nahlasujeme \u00fanik tak\u00fdchto osobn\u00fdch \u00fadajov na \u00farade na ochranu osobn\u00fdch \u00fadajov prostredn\u00edctvom oznamovacieho formul\u00e1ra na str\u00e1nkach \u00faradu: https:\/\/dataprotection.gov.sk\/uoou\/sk\/dp\/dp-breach<\/p><h4><strong>Z ak\u00fdch tret\u00edch str\u00e1n z\u00edskavame \u00fadaje<\/strong><\/h4><p>\u00dadaje na na\u0161ich str\u00e1kach nezverej\u0148ujeme a neposkytujeme \u017eiadnym tret\u00edm stran\u00e1m.<\/p>\t\t\t\t\t\t\t\t<\/div>\n\t\t\t\t<\/div>\n\t\t\t\t\t<\/div>\n\t\t<\/div>\n\t\t\t\t\t<\/div>\n\t\t<\/section>\n\t\t\t\t<\/div>\n\t\t","protected":false},"excerpt":{"rendered":"<p>Ochrana osobn\u00fdch \u00fadajov Spolo\u010dnosti ARRIVA sprac\u00favaj\u00fa osobn\u00e9 \u00fadaje na \u00fa\u010dely a v zmysle z\u00e1kona \u010d. 18\/2018 Z.z. o ochrane osobn\u00fdch \u00fadajov a o zmene a doplnen\u00ed niektor\u00fdch z\u00e1konov v znen\u00ed neskor\u0161\u00edch predpisov a nariadenia Eur\u00f3pskeho parlamentu a Rady (E\u00da) \u010d. 2016\/679 z 27. apr\u00edla 2016 o ochrane fyzick\u00fdch os\u00f4b pri sprac\u00favan\u00ed osobn\u00fdch \u00fadajov a o [&hellip;]<\/p>\n","protected":false},"author":1,"featured_media":16072,"parent":0,"menu_order":0,"comment_status":"closed","ping_status":"closed","template":"","meta":{"_acf_changed":false,"footnotes":""},"class_list":["post-16812","page","type-page","status-publish","has-post-thumbnail","hentry"],"acf":[],"yoast_head":"<!-- This site is optimized with the Yoast SEO plugin v27.2 - https:\/\/yoast.com\/product\/yoast-seo-wordpress\/ -->\n<title>In\u00e9 slu\u017eby ARRIVA Trnava - Objedn\u00e1vka autobusu, servisn\u00e9 slu\u017eby<\/title>\n<meta name=\"description\" content=\"In\u00e9 slu\u017eby - ARRIVA Trnava - Objedn\u00e1vka autobusu, Servisn\u00e9 slu\u017eby, Pren\u00e1jom reklamnej plochy, Straty a n\u00e1lezy\" \/>\n<meta name=\"robots\" content=\"index, follow, max-snippet:-1, max-image-preview:large, max-video-preview:-1\" \/>\n<link rel=\"canonical\" href=\"https:\/\/arriva.sk\/trnava\/dokumenty\/\" \/>\n<meta property=\"og:locale\" content=\"sk_SK\" \/>\n<meta property=\"og:type\" content=\"article\" \/>\n<meta property=\"og:title\" content=\"\u010cast\u00e9 ot\u00e1zky nov\u00fdch kolegov\" \/>\n<meta property=\"og:description\" content=\"\u010co sa n\u00e1s naj\u010dastej\u0161ie p\u00fdtaj\u00fa nov\u00ed kolegovia?\" \/>\n<meta property=\"og:url\" content=\"https:\/\/arriva.sk\/trnava\/dokumenty\/\" \/>\n<meta property=\"og:site_name\" content=\"ARRIVA Trnava\" \/>\n<meta property=\"article:modified_time\" content=\"2026-04-16T14:07:50+00:00\" \/>\n<meta property=\"og:image\" content=\"https:\/\/arriva.sk\/trnava\/wp-content\/uploads\/sites\/17\/2021\/10\/Banner-QA.png\" \/>\n\t<meta property=\"og:image:width\" content=\"1312\" \/>\n\t<meta property=\"og:image:height\" content=\"598\" \/>\n\t<meta property=\"og:image:type\" content=\"image\/png\" \/>\n<meta name=\"twitter:card\" content=\"summary_large_image\" \/>\n<meta name=\"twitter:label1\" content=\"Predpokladan\u00fd \u010das \u010d\u00edtania\" \/>\n\t<meta name=\"twitter:data1\" content=\"4 min\u00faty\" \/>\n<script type=\"application\/ld+json\" class=\"yoast-schema-graph\">{\"@context\":\"https:\/\/schema.org\",\"@graph\":[{\"@type\":\"WebPage\",\"@id\":\"https:\/\/arriva.sk\/trnava\/dokumenty\/\",\"url\":\"https:\/\/arriva.sk\/trnava\/dokumenty\/\",\"name\":\"In\u00e9 slu\u017eby ARRIVA Trnava - Objedn\u00e1vka autobusu, servisn\u00e9 slu\u017eby\",\"isPartOf\":{\"@id\":\"https:\/\/arriva.sk\/trnava\/#website\"},\"primaryImageOfPage\":{\"@id\":\"https:\/\/arriva.sk\/trnava\/dokumenty\/#primaryimage\"},\"image\":{\"@id\":\"https:\/\/arriva.sk\/trnava\/dokumenty\/#primaryimage\"},\"thumbnailUrl\":\"https:\/\/arriva.sk\/trnava\/wp-content\/uploads\/sites\/17\/2021\/11\/05.png\",\"datePublished\":\"2021-11-09T12:16:45+00:00\",\"dateModified\":\"2026-04-16T14:07:50+00:00\",\"description\":\"In\u00e9 slu\u017eby - ARRIVA Trnava - Objedn\u00e1vka autobusu, Servisn\u00e9 slu\u017eby, Pren\u00e1jom reklamnej plochy, Straty a n\u00e1lezy\",\"breadcrumb\":{\"@id\":\"https:\/\/arriva.sk\/trnava\/dokumenty\/#breadcrumb\"},\"inLanguage\":\"sk-SK\",\"potentialAction\":[{\"@type\":\"ReadAction\",\"target\":[\"https:\/\/arriva.sk\/trnava\/dokumenty\/\"]}]},{\"@type\":\"ImageObject\",\"inLanguage\":\"sk-SK\",\"@id\":\"https:\/\/arriva.sk\/trnava\/dokumenty\/#primaryimage\",\"url\":\"https:\/\/arriva.sk\/trnava\/wp-content\/uploads\/sites\/17\/2021\/11\/05.png\",\"contentUrl\":\"https:\/\/arriva.sk\/trnava\/wp-content\/uploads\/sites\/17\/2021\/11\/05.png\",\"width\":932,\"height\":932},{\"@type\":\"BreadcrumbList\",\"@id\":\"https:\/\/arriva.sk\/trnava\/dokumenty\/#breadcrumb\",\"itemListElement\":[{\"@type\":\"ListItem\",\"position\":1,\"name\":\"Home\",\"item\":\"https:\/\/arriva.sk\/trnava\/\"},{\"@type\":\"ListItem\",\"position\":2,\"name\":\"Dokumenty\"}]},{\"@type\":\"WebSite\",\"@id\":\"https:\/\/arriva.sk\/trnava\/#website\",\"url\":\"https:\/\/arriva.sk\/trnava\/\",\"name\":\"ARRIVA Trnava\",\"description\":\"Autobusov\u00e1 doprava v trnavskom regi\u00f3ne\",\"publisher\":{\"@id\":\"https:\/\/arriva.sk\/trnava\/#organization\"},\"potentialAction\":[{\"@type\":\"SearchAction\",\"target\":{\"@type\":\"EntryPoint\",\"urlTemplate\":\"https:\/\/arriva.sk\/trnava\/?s={search_term_string}\"},\"query-input\":{\"@type\":\"PropertyValueSpecification\",\"valueRequired\":true,\"valueName\":\"search_term_string\"}}],\"inLanguage\":\"sk-SK\"},{\"@type\":\"Organization\",\"@id\":\"https:\/\/arriva.sk\/trnava\/#organization\",\"name\":\"ARRIVA Nitra\",\"url\":\"https:\/\/arriva.sk\/trnava\/\",\"logo\":{\"@type\":\"ImageObject\",\"inLanguage\":\"sk-SK\",\"@id\":\"https:\/\/arriva.sk\/trnava\/#\/schema\/logo\/image\/\",\"url\":\"https:\/\/arriva.sk\/trnavadev\/wp-content\/uploads\/sites\/17\/2021\/11\/logo-nitra.png\",\"contentUrl\":\"https:\/\/arriva.sk\/trnavadev\/wp-content\/uploads\/sites\/17\/2021\/11\/logo-nitra.png\",\"width\":300,\"height\":90,\"caption\":\"ARRIVA Nitra\"},\"image\":{\"@id\":\"https:\/\/arriva.sk\/trnava\/#\/schema\/logo\/image\/\"}}]}<\/script>\n<!-- \/ Yoast SEO plugin. -->","yoast_head_json":{"title":"In\u00e9 slu\u017eby ARRIVA Trnava - Objedn\u00e1vka autobusu, servisn\u00e9 slu\u017eby","description":"In\u00e9 slu\u017eby - ARRIVA Trnava - Objedn\u00e1vka autobusu, Servisn\u00e9 slu\u017eby, Pren\u00e1jom reklamnej plochy, Straty a n\u00e1lezy","robots":{"index":"index","follow":"follow","max-snippet":"max-snippet:-1","max-image-preview":"max-image-preview:large","max-video-preview":"max-video-preview:-1"},"canonical":"https:\/\/arriva.sk\/trnava\/dokumenty\/","og_locale":"sk_SK","og_type":"article","og_title":"\u010cast\u00e9 ot\u00e1zky nov\u00fdch kolegov","og_description":"\u010co sa n\u00e1s naj\u010dastej\u0161ie p\u00fdtaj\u00fa nov\u00ed kolegovia?","og_url":"https:\/\/arriva.sk\/trnava\/dokumenty\/","og_site_name":"ARRIVA Trnava","article_modified_time":"2026-04-16T14:07:50+00:00","og_image":[{"width":1312,"height":598,"url":"https:\/\/arriva.sk\/trnava\/wp-content\/uploads\/sites\/17\/2021\/10\/Banner-QA.png","type":"image\/png"}],"twitter_card":"summary_large_image","twitter_misc":{"Predpokladan\u00fd \u010das \u010d\u00edtania":"4 min\u00faty"},"schema":{"@context":"https:\/\/schema.org","@graph":[{"@type":"WebPage","@id":"https:\/\/arriva.sk\/trnava\/dokumenty\/","url":"https:\/\/arriva.sk\/trnava\/dokumenty\/","name":"In\u00e9 slu\u017eby ARRIVA Trnava - Objedn\u00e1vka autobusu, servisn\u00e9 slu\u017eby","isPartOf":{"@id":"https:\/\/arriva.sk\/trnava\/#website"},"primaryImageOfPage":{"@id":"https:\/\/arriva.sk\/trnava\/dokumenty\/#primaryimage"},"image":{"@id":"https:\/\/arriva.sk\/trnava\/dokumenty\/#primaryimage"},"thumbnailUrl":"https:\/\/arriva.sk\/trnava\/wp-content\/uploads\/sites\/17\/2021\/11\/05.png","datePublished":"2021-11-09T12:16:45+00:00","dateModified":"2026-04-16T14:07:50+00:00","description":"In\u00e9 slu\u017eby - ARRIVA Trnava - Objedn\u00e1vka autobusu, Servisn\u00e9 slu\u017eby, Pren\u00e1jom reklamnej plochy, Straty a n\u00e1lezy","breadcrumb":{"@id":"https:\/\/arriva.sk\/trnava\/dokumenty\/#breadcrumb"},"inLanguage":"sk-SK","potentialAction":[{"@type":"ReadAction","target":["https:\/\/arriva.sk\/trnava\/dokumenty\/"]}]},{"@type":"ImageObject","inLanguage":"sk-SK","@id":"https:\/\/arriva.sk\/trnava\/dokumenty\/#primaryimage","url":"https:\/\/arriva.sk\/trnava\/wp-content\/uploads\/sites\/17\/2021\/11\/05.png","contentUrl":"https:\/\/arriva.sk\/trnava\/wp-content\/uploads\/sites\/17\/2021\/11\/05.png","width":932,"height":932},{"@type":"BreadcrumbList","@id":"https:\/\/arriva.sk\/trnava\/dokumenty\/#breadcrumb","itemListElement":[{"@type":"ListItem","position":1,"name":"Home","item":"https:\/\/arriva.sk\/trnava\/"},{"@type":"ListItem","position":2,"name":"Dokumenty"}]},{"@type":"WebSite","@id":"https:\/\/arriva.sk\/trnava\/#website","url":"https:\/\/arriva.sk\/trnava\/","name":"ARRIVA Trnava","description":"Autobusov\u00e1 doprava v trnavskom regi\u00f3ne","publisher":{"@id":"https:\/\/arriva.sk\/trnava\/#organization"},"potentialAction":[{"@type":"SearchAction","target":{"@type":"EntryPoint","urlTemplate":"https:\/\/arriva.sk\/trnava\/?s={search_term_string}"},"query-input":{"@type":"PropertyValueSpecification","valueRequired":true,"valueName":"search_term_string"}}],"inLanguage":"sk-SK"},{"@type":"Organization","@id":"https:\/\/arriva.sk\/trnava\/#organization","name":"ARRIVA Nitra","url":"https:\/\/arriva.sk\/trnava\/","logo":{"@type":"ImageObject","inLanguage":"sk-SK","@id":"https:\/\/arriva.sk\/trnava\/#\/schema\/logo\/image\/","url":"https:\/\/arriva.sk\/trnavadev\/wp-content\/uploads\/sites\/17\/2021\/11\/logo-nitra.png","contentUrl":"https:\/\/arriva.sk\/trnavadev\/wp-content\/uploads\/sites\/17\/2021\/11\/logo-nitra.png","width":300,"height":90,"caption":"ARRIVA Nitra"},"image":{"@id":"https:\/\/arriva.sk\/trnava\/#\/schema\/logo\/image\/"}}]}},"_links":{"self":[{"href":"https:\/\/arriva.sk\/trnava\/wp-json\/wp\/v2\/pages\/16812","targetHints":{"allow":["GET"]}}],"collection":[{"href":"https:\/\/arriva.sk\/trnava\/wp-json\/wp\/v2\/pages"}],"about":[{"href":"https:\/\/arriva.sk\/trnava\/wp-json\/wp\/v2\/types\/page"}],"author":[{"embeddable":true,"href":"https:\/\/arriva.sk\/trnava\/wp-json\/wp\/v2\/users\/1"}],"replies":[{"embeddable":true,"href":"https:\/\/arriva.sk\/trnava\/wp-json\/wp\/v2\/comments?post=16812"}],"version-history":[{"count":6,"href":"https:\/\/arriva.sk\/trnava\/wp-json\/wp\/v2\/pages\/16812\/revisions"}],"predecessor-version":[{"id":37628,"href":"https:\/\/arriva.sk\/trnava\/wp-json\/wp\/v2\/pages\/16812\/revisions\/37628"}],"wp:featuredmedia":[{"embeddable":true,"href":"https:\/\/arriva.sk\/trnava\/wp-json\/wp\/v2\/media\/16072"}],"wp:attachment":[{"href":"https:\/\/arriva.sk\/trnava\/wp-json\/wp\/v2\/media?parent=16812"}],"curies":[{"name":"wp","href":"https:\/\/api.w.org\/{rel}","templated":true}]}}