{"id":30735,"date":"2023-08-14T21:50:46","date_gmt":"2023-08-14T19:50:46","guid":{"rendered":"https:\/\/arriva.sk\/nove-zamky\/autobusove-stanice\/"},"modified":"2026-01-07T07:48:11","modified_gmt":"2026-01-07T05:48:11","slug":"autobusove-stanice","status":"publish","type":"page","link":"https:\/\/arriva.sk\/nove-zamky\/autobusove-stanice\/","title":{"rendered":"Autobusov\u00e9 stanice"},"content":{"rendered":"\t\t<div data-elementor-type=\"wp-page\" data-elementor-id=\"30735\" class=\"elementor elementor-30735\" data-elementor-post-type=\"page\">\n\t\t\t\t\t\t<section class=\"elementor-section elementor-top-section elementor-element elementor-element-638ece0b elementor-section-content-middle elementor-reverse-mobile elementor-section-boxed elementor-section-height-default elementor-section-height-default\" data-id=\"638ece0b\" data-element_type=\"section\" data-e-type=\"section\">\n\t\t\t\t\t\t<div class=\"elementor-container elementor-column-gap-default\">\n\t\t\t\t\t<div class=\"elementor-column elementor-col-100 elementor-top-column elementor-element elementor-element-5a0d9265\" data-id=\"5a0d9265\" data-element_type=\"column\" data-e-type=\"column\">\n\t\t\t<div class=\"elementor-widget-wrap elementor-element-populated\">\n\t\t\t\t\t\t<div class=\"elementor-element elementor-element-18477ae9 elementor-widget elementor-widget-heading\" data-id=\"18477ae9\" data-element_type=\"widget\" data-e-type=\"widget\" data-widget_type=\"heading.default\">\n\t\t\t\t<div class=\"elementor-widget-container\">\n\t\t\t\t\t<h2 class=\"elementor-heading-title elementor-size-default\">Autobusov\u00e9 stanice<\/h2>\t\t\t\t<\/div>\n\t\t\t\t<\/div>\n\t\t\t\t\t<\/div>\n\t\t<\/div>\n\t\t\t\t\t<\/div>\n\t\t<\/section>\n\t\t\t\t<section class=\"elementor-section elementor-top-section elementor-element elementor-element-1529b071 elementor-section-boxed elementor-section-height-default elementor-section-height-default\" data-id=\"1529b071\" data-element_type=\"section\" data-e-type=\"section\">\n\t\t\t\t\t\t<div class=\"elementor-container elementor-column-gap-default\">\n\t\t\t\t\t<div class=\"elementor-column elementor-col-50 elementor-top-column elementor-element elementor-element-111d52e2\" data-id=\"111d52e2\" data-element_type=\"column\" data-e-type=\"column\">\n\t\t\t<div class=\"elementor-widget-wrap elementor-element-populated\">\n\t\t\t\t\t\t<div class=\"elementor-element elementor-element-ba21593 elementor-widget elementor-widget-image\" data-id=\"ba21593\" data-element_type=\"widget\" data-e-type=\"widget\" data-widget_type=\"image.default\">\n\t\t\t\t<div class=\"elementor-widget-container\">\n\t\t\t\t\t\t\t\t\t\t\t\t\t\t\t<img fetchpriority=\"high\" decoding=\"async\" width=\"1360\" height=\"765\" src=\"https:\/\/arriva.sk\/nove-zamky\/wp-content\/uploads\/sites\/19\/2025\/02\/2019-04-21.jpg\" class=\"attachment-full size-full wp-image-30807\" alt=\"\" srcset=\"https:\/\/arriva.sk\/nove-zamky\/wp-content\/uploads\/sites\/19\/2025\/02\/2019-04-21.jpg 1360w, https:\/\/arriva.sk\/nove-zamky\/wp-content\/uploads\/sites\/19\/2025\/02\/2019-04-21-300x169.jpg 300w, https:\/\/arriva.sk\/nove-zamky\/wp-content\/uploads\/sites\/19\/2025\/02\/2019-04-21-1030x579.jpg 1030w, https:\/\/arriva.sk\/nove-zamky\/wp-content\/uploads\/sites\/19\/2025\/02\/2019-04-21-768x432.jpg 768w, https:\/\/arriva.sk\/nove-zamky\/wp-content\/uploads\/sites\/19\/2025\/02\/2019-04-21-1320x743.jpg 1320w\" sizes=\"(max-width: 1360px) 100vw, 1360px\" \/>\t\t\t\t\t\t\t\t\t\t\t\t\t\t\t<\/div>\n\t\t\t\t<\/div>\n\t\t\t\t\t<\/div>\n\t\t<\/div>\n\t\t\t\t<div class=\"elementor-column elementor-col-50 elementor-top-column elementor-element elementor-element-42dd147f\" data-id=\"42dd147f\" data-element_type=\"column\" data-e-type=\"column\">\n\t\t\t<div class=\"elementor-widget-wrap elementor-element-populated\">\n\t\t\t\t\t\t<div class=\"elementor-element elementor-element-6615350 elementor-icon-list--layout-traditional elementor-list-item-link-full_width elementor-widget elementor-widget-icon-list\" data-id=\"6615350\" data-element_type=\"widget\" data-e-type=\"widget\" data-widget_type=\"icon-list.default\">\n\t\t\t\t<div class=\"elementor-widget-container\">\n\t\t\t\t\t\t\t<ul class=\"elementor-icon-list-items\">\n\t\t\t\t\t\t\t<li class=\"elementor-icon-list-item\">\n\t\t\t\t\t\t\t\t\t\t\t<a href=\"https:\/\/arriva.sk\/nove-zamky\/autobusove-stanice\/autobusova-stanica-nove-zamky\/\">\n\n\t\t\t\t\t\t\t\t\t\t\t\t<span class=\"elementor-icon-list-icon\">\n\t\t\t\t\t\t\t<i aria-hidden=\"true\" class=\"fas fa-angle-right\"><\/i>\t\t\t\t\t\t<\/span>\n\t\t\t\t\t\t\t\t\t\t<span class=\"elementor-icon-list-text\">Autobusov\u00e1 stanica Nov\u00e9 Z\u00e1mky<\/span>\n\t\t\t\t\t\t\t\t\t\t\t<\/a>\n\t\t\t\t\t\t\t\t\t<\/li>\n\t\t\t\t\t\t\t\t<li class=\"elementor-icon-list-item\">\n\t\t\t\t\t\t\t\t\t\t\t<a href=\"https:\/\/arriva.sk\/nove-zamky\/autobusove-stanice\/autobusova-stanica-levice\/\">\n\n\t\t\t\t\t\t\t\t\t\t\t\t<span class=\"elementor-icon-list-icon\">\n\t\t\t\t\t\t\t<i aria-hidden=\"true\" class=\"fas fa-angle-right\"><\/i>\t\t\t\t\t\t<\/span>\n\t\t\t\t\t\t\t\t\t\t<span class=\"elementor-icon-list-text\">Autobusov\u00e1 stanica Levice<\/span>\n\t\t\t\t\t\t\t\t\t\t\t<\/a>\n\t\t\t\t\t\t\t\t\t<\/li>\n\t\t\t\t\t\t\t\t<li class=\"elementor-icon-list-item\">\n\t\t\t\t\t\t\t\t\t\t\t<a href=\"https:\/\/arriva.sk\/nove-zamky\/autobusove-stanice\/autobusova-stanica-komarno\/\">\n\n\t\t\t\t\t\t\t\t\t\t\t\t<span class=\"elementor-icon-list-icon\">\n\t\t\t\t\t\t\t<i aria-hidden=\"true\" class=\"fas fa-angle-right\"><\/i>\t\t\t\t\t\t<\/span>\n\t\t\t\t\t\t\t\t\t\t<span class=\"elementor-icon-list-text\">Autobusov\u00e1 stanica Kom\u00e1rno<\/span>\n\t\t\t\t\t\t\t\t\t\t\t<\/a>\n\t\t\t\t\t\t\t\t\t<\/li>\n\t\t\t\t\t\t<\/ul>\n\t\t\t\t\t\t<\/div>\n\t\t\t\t<\/div>\n\t\t\t\t\t<\/div>\n\t\t<\/div>\n\t\t\t\t\t<\/div>\n\t\t<\/section>\n\t\t\t\t<\/div>\n\t\t","protected":false},"excerpt":{"rendered":"<p>Autobusov\u00e9 stanice Autobusov\u00e1 stanica Nov\u00e9 Z\u00e1mky Autobusov\u00e1 stanica Levice Autobusov\u00e1 stanica Kom\u00e1rno<\/p>\n","protected":false},"author":1,"featured_media":0,"parent":0,"menu_order":0,"comment_status":"closed","ping_status":"closed","template":"","meta":{"_acf_changed":false,"footnotes":""},"class_list":["post-30735","page","type-page","status-publish","hentry"],"acf":[],"yoast_head":"<!-- This site is optimized with the Yoast SEO plugin v27.2 - https:\/\/yoast.com\/product\/yoast-seo-wordpress\/ -->\n<title>Autobusov\u00e9 stanice - Nov\u00e9 Z\u00e1mky, Levice, Kom\u00e1rno<\/title>\n<meta name=\"description\" content=\"Autobusov\u00e9 stanice - Nov\u00e9 Z\u00e1mky, Levice, Kom\u00e1rno\" \/>\n<meta name=\"robots\" content=\"index, follow, max-snippet:-1, max-image-preview:large, max-video-preview:-1\" \/>\n<link rel=\"canonical\" href=\"https:\/\/arriva.sk\/nove-zamky\/autobusove-stanice\/\" \/>\n<meta property=\"og:locale\" content=\"sk_SK\" \/>\n<meta property=\"og:type\" content=\"article\" \/>\n<meta property=\"og:title\" content=\"Pr\u00edmestsk\u00e1 verejn\u00e1 doprava v 4 regi\u00f3noch \u2013 Bratislava, Malacky, Senec a \u0160amor\u00edn.\" \/>\n<meta property=\"og:description\" content=\"ARRIVA Mobility Solutions, s.r.o. zabezpe\u010duje v Bratislavskom kraji pr\u00edmestsk\u00fa verejn\u00fa dopravu v 4 regi\u00f3noch \u2013 Bratislava, Malacky, Senec a \u0160amor\u00edn.\" \/>\n<meta property=\"og:url\" content=\"https:\/\/arriva.sk\/nove-zamky\/autobusove-stanice\/\" \/>\n<meta property=\"og:site_name\" content=\"ARRIVA Nov\u00e9 Z\u00e1mky\" \/>\n<meta property=\"article:modified_time\" content=\"2026-01-07T05:48:11+00:00\" \/>\n<meta name=\"twitter:card\" content=\"summary_large_image\" \/>\n<meta name=\"twitter:image\" content=\"https:\/\/arriva.sk\/nove-zamky\/wp-content\/uploads\/sites\/19\/2025\/02\/2019-04-21.jpg\" \/>\n<meta name=\"twitter:label1\" content=\"Predpokladan\u00fd \u010das \u010d\u00edtania\" \/>\n\t<meta name=\"twitter:data1\" content=\"1 min\u00fata\" \/>\n<script type=\"application\/ld+json\" class=\"yoast-schema-graph\">{\"@context\":\"https:\/\/schema.org\",\"@graph\":[{\"@type\":\"WebPage\",\"@id\":\"https:\/\/arriva.sk\/nove-zamky\/autobusove-stanice\/\",\"url\":\"https:\/\/arriva.sk\/nove-zamky\/autobusove-stanice\/\",\"name\":\"Autobusov\u00e9 stanice - Nov\u00e9 Z\u00e1mky, Levice, Kom\u00e1rno\",\"isPartOf\":{\"@id\":\"https:\/\/arriva.sk\/nove-zamky\/#website\"},\"primaryImageOfPage\":{\"@id\":\"https:\/\/arriva.sk\/nove-zamky\/autobusove-stanice\/#primaryimage\"},\"image\":{\"@id\":\"https:\/\/arriva.sk\/nove-zamky\/autobusove-stanice\/#primaryimage\"},\"thumbnailUrl\":\"https:\/\/arriva.sk\/nove-zamky\/wp-content\/uploads\/sites\/19\/2025\/02\/2019-04-21.jpg\",\"datePublished\":\"2023-08-14T19:50:46+00:00\",\"dateModified\":\"2026-01-07T05:48:11+00:00\",\"description\":\"Autobusov\u00e9 stanice - Nov\u00e9 Z\u00e1mky, Levice, Kom\u00e1rno\",\"breadcrumb\":{\"@id\":\"https:\/\/arriva.sk\/nove-zamky\/autobusove-stanice\/#breadcrumb\"},\"inLanguage\":\"sk-SK\",\"potentialAction\":[{\"@type\":\"ReadAction\",\"target\":[\"https:\/\/arriva.sk\/nove-zamky\/autobusove-stanice\/\"]}]},{\"@type\":\"ImageObject\",\"inLanguage\":\"sk-SK\",\"@id\":\"https:\/\/arriva.sk\/nove-zamky\/autobusove-stanice\/#primaryimage\",\"url\":\"https:\/\/arriva.sk\/nove-zamky\/wp-content\/uploads\/sites\/19\/2025\/02\/2019-04-21.jpg\",\"contentUrl\":\"https:\/\/arriva.sk\/nove-zamky\/wp-content\/uploads\/sites\/19\/2025\/02\/2019-04-21.jpg\",\"width\":1360,\"height\":765},{\"@type\":\"BreadcrumbList\",\"@id\":\"https:\/\/arriva.sk\/nove-zamky\/autobusove-stanice\/#breadcrumb\",\"itemListElement\":[{\"@type\":\"ListItem\",\"position\":1,\"name\":\"Home\",\"item\":\"https:\/\/arriva.sk\/nove-zamky\/\"},{\"@type\":\"ListItem\",\"position\":2,\"name\":\"Autobusov\u00e9 stanice\"}]},{\"@type\":\"WebSite\",\"@id\":\"https:\/\/arriva.sk\/nove-zamky\/#website\",\"url\":\"https:\/\/arriva.sk\/nove-zamky\/\",\"name\":\"ARRIVA Nov\u00e9 Z\u00e1mky\",\"description\":\"Autobusov\u00e1 doprava v nitrianskom regi\u00f3ne\",\"publisher\":{\"@id\":\"https:\/\/arriva.sk\/nove-zamky\/#organization\"},\"potentialAction\":[{\"@type\":\"SearchAction\",\"target\":{\"@type\":\"EntryPoint\",\"urlTemplate\":\"https:\/\/arriva.sk\/nove-zamky\/?s={search_term_string}\"},\"query-input\":{\"@type\":\"PropertyValueSpecification\",\"valueRequired\":true,\"valueName\":\"search_term_string\"}}],\"inLanguage\":\"sk-SK\"},{\"@type\":\"Organization\",\"@id\":\"https:\/\/arriva.sk\/nove-zamky\/#organization\",\"name\":\"ARRIVA Nitra\",\"url\":\"https:\/\/arriva.sk\/nove-zamky\/\",\"logo\":{\"@type\":\"ImageObject\",\"inLanguage\":\"sk-SK\",\"@id\":\"https:\/\/arriva.sk\/nove-zamky\/#\/schema\/logo\/image\/\",\"url\":\"https:\/\/arriva.sk\/nzdev\/wp-content\/uploads\/sites\/19\/2021\/11\/logo-nitra.png\",\"contentUrl\":\"https:\/\/arriva.sk\/nzdev\/wp-content\/uploads\/sites\/19\/2021\/11\/logo-nitra.png\",\"width\":300,\"height\":90,\"caption\":\"ARRIVA Nitra\"},\"image\":{\"@id\":\"https:\/\/arriva.sk\/nove-zamky\/#\/schema\/logo\/image\/\"}}]}<\/script>\n<!-- \/ Yoast SEO plugin. -->","yoast_head_json":{"title":"Autobusov\u00e9 stanice - Nov\u00e9 Z\u00e1mky, Levice, Kom\u00e1rno","description":"Autobusov\u00e9 stanice - Nov\u00e9 Z\u00e1mky, Levice, Kom\u00e1rno","robots":{"index":"index","follow":"follow","max-snippet":"max-snippet:-1","max-image-preview":"max-image-preview:large","max-video-preview":"max-video-preview:-1"},"canonical":"https:\/\/arriva.sk\/nove-zamky\/autobusove-stanice\/","og_locale":"sk_SK","og_type":"article","og_title":"Pr\u00edmestsk\u00e1 verejn\u00e1 doprava v 4 regi\u00f3noch \u2013 Bratislava, Malacky, Senec a \u0160amor\u00edn.","og_description":"ARRIVA Mobility Solutions, s.r.o. zabezpe\u010duje v Bratislavskom kraji pr\u00edmestsk\u00fa verejn\u00fa dopravu v 4 regi\u00f3noch \u2013 Bratislava, Malacky, Senec a \u0160amor\u00edn.","og_url":"https:\/\/arriva.sk\/nove-zamky\/autobusove-stanice\/","og_site_name":"ARRIVA Nov\u00e9 Z\u00e1mky","article_modified_time":"2026-01-07T05:48:11+00:00","twitter_card":"summary_large_image","twitter_image":"https:\/\/arriva.sk\/nove-zamky\/wp-content\/uploads\/sites\/19\/2025\/02\/2019-04-21.jpg","twitter_misc":{"Predpokladan\u00fd \u010das \u010d\u00edtania":"1 min\u00fata"},"schema":{"@context":"https:\/\/schema.org","@graph":[{"@type":"WebPage","@id":"https:\/\/arriva.sk\/nove-zamky\/autobusove-stanice\/","url":"https:\/\/arriva.sk\/nove-zamky\/autobusove-stanice\/","name":"Autobusov\u00e9 stanice - Nov\u00e9 Z\u00e1mky, Levice, Kom\u00e1rno","isPartOf":{"@id":"https:\/\/arriva.sk\/nove-zamky\/#website"},"primaryImageOfPage":{"@id":"https:\/\/arriva.sk\/nove-zamky\/autobusove-stanice\/#primaryimage"},"image":{"@id":"https:\/\/arriva.sk\/nove-zamky\/autobusove-stanice\/#primaryimage"},"thumbnailUrl":"https:\/\/arriva.sk\/nove-zamky\/wp-content\/uploads\/sites\/19\/2025\/02\/2019-04-21.jpg","datePublished":"2023-08-14T19:50:46+00:00","dateModified":"2026-01-07T05:48:11+00:00","description":"Autobusov\u00e9 stanice - Nov\u00e9 Z\u00e1mky, Levice, Kom\u00e1rno","breadcrumb":{"@id":"https:\/\/arriva.sk\/nove-zamky\/autobusove-stanice\/#breadcrumb"},"inLanguage":"sk-SK","potentialAction":[{"@type":"ReadAction","target":["https:\/\/arriva.sk\/nove-zamky\/autobusove-stanice\/"]}]},{"@type":"ImageObject","inLanguage":"sk-SK","@id":"https:\/\/arriva.sk\/nove-zamky\/autobusove-stanice\/#primaryimage","url":"https:\/\/arriva.sk\/nove-zamky\/wp-content\/uploads\/sites\/19\/2025\/02\/2019-04-21.jpg","contentUrl":"https:\/\/arriva.sk\/nove-zamky\/wp-content\/uploads\/sites\/19\/2025\/02\/2019-04-21.jpg","width":1360,"height":765},{"@type":"BreadcrumbList","@id":"https:\/\/arriva.sk\/nove-zamky\/autobusove-stanice\/#breadcrumb","itemListElement":[{"@type":"ListItem","position":1,"name":"Home","item":"https:\/\/arriva.sk\/nove-zamky\/"},{"@type":"ListItem","position":2,"name":"Autobusov\u00e9 stanice"}]},{"@type":"WebSite","@id":"https:\/\/arriva.sk\/nove-zamky\/#website","url":"https:\/\/arriva.sk\/nove-zamky\/","name":"ARRIVA Nov\u00e9 Z\u00e1mky","description":"Autobusov\u00e1 doprava v nitrianskom regi\u00f3ne","publisher":{"@id":"https:\/\/arriva.sk\/nove-zamky\/#organization"},"potentialAction":[{"@type":"SearchAction","target":{"@type":"EntryPoint","urlTemplate":"https:\/\/arriva.sk\/nove-zamky\/?s={search_term_string}"},"query-input":{"@type":"PropertyValueSpecification","valueRequired":true,"valueName":"search_term_string"}}],"inLanguage":"sk-SK"},{"@type":"Organization","@id":"https:\/\/arriva.sk\/nove-zamky\/#organization","name":"ARRIVA Nitra","url":"https:\/\/arriva.sk\/nove-zamky\/","logo":{"@type":"ImageObject","inLanguage":"sk-SK","@id":"https:\/\/arriva.sk\/nove-zamky\/#\/schema\/logo\/image\/","url":"https:\/\/arriva.sk\/nzdev\/wp-content\/uploads\/sites\/19\/2021\/11\/logo-nitra.png","contentUrl":"https:\/\/arriva.sk\/nzdev\/wp-content\/uploads\/sites\/19\/2021\/11\/logo-nitra.png","width":300,"height":90,"caption":"ARRIVA Nitra"},"image":{"@id":"https:\/\/arriva.sk\/nove-zamky\/#\/schema\/logo\/image\/"}}]}},"_links":{"self":[{"href":"https:\/\/arriva.sk\/nove-zamky\/wp-json\/wp\/v2\/pages\/30735","targetHints":{"allow":["GET"]}}],"collection":[{"href":"https:\/\/arriva.sk\/nove-zamky\/wp-json\/wp\/v2\/pages"}],"about":[{"href":"https:\/\/arriva.sk\/nove-zamky\/wp-json\/wp\/v2\/types\/page"}],"author":[{"embeddable":true,"href":"https:\/\/arriva.sk\/nove-zamky\/wp-json\/wp\/v2\/users\/1"}],"replies":[{"embeddable":true,"href":"https:\/\/arriva.sk\/nove-zamky\/wp-json\/wp\/v2\/comments?post=30735"}],"version-history":[{"count":34,"href":"https:\/\/arriva.sk\/nove-zamky\/wp-json\/wp\/v2\/pages\/30735\/revisions"}],"predecessor-version":[{"id":31882,"href":"https:\/\/arriva.sk\/nove-zamky\/wp-json\/wp\/v2\/pages\/30735\/revisions\/31882"}],"wp:attachment":[{"href":"https:\/\/arriva.sk\/nove-zamky\/wp-json\/wp\/v2\/media?parent=30735"}],"curies":[{"name":"wp","href":"https:\/\/api.w.org\/{rel}","templated":true}]}}