{"id":30734,"date":"2023-08-14T21:54:21","date_gmt":"2023-08-14T19:54:21","guid":{"rendered":"https:\/\/arriva.sk\/nove-zamky\/autobusova-stanica-trnava\/"},"modified":"2026-04-30T09:21:11","modified_gmt":"2026-04-30T07:21:11","slug":"autobusova-stanica-levice","status":"publish","type":"page","link":"https:\/\/arriva.sk\/nove-zamky\/autobusove-stanice\/autobusova-stanica-levice\/","title":{"rendered":"Autobusov\u00e1 stanica Levice"},"content":{"rendered":"\t\t<div data-elementor-type=\"wp-page\" data-elementor-id=\"30734\" class=\"elementor elementor-30734\" data-elementor-post-type=\"page\">\n\t\t\t\t\t\t<section class=\"elementor-section elementor-top-section elementor-element elementor-element-683e230 elementor-section-boxed elementor-section-height-default elementor-section-height-default\" data-id=\"683e230\" data-element_type=\"section\" data-e-type=\"section\">\n\t\t\t\t\t\t<div class=\"elementor-container elementor-column-gap-default\">\n\t\t\t\t\t<div class=\"elementor-column elementor-col-100 elementor-top-column elementor-element elementor-element-2a83045\" data-id=\"2a83045\" data-element_type=\"column\" data-e-type=\"column\">\n\t\t\t<div class=\"elementor-widget-wrap elementor-element-populated\">\n\t\t\t\t\t\t<div class=\"elementor-element elementor-element-931da43 elementor-widget elementor-widget-heading\" data-id=\"931da43\" data-element_type=\"widget\" data-e-type=\"widget\" data-widget_type=\"heading.default\">\n\t\t\t\t<div class=\"elementor-widget-container\">\n\t\t\t\t\t<h2 class=\"elementor-heading-title elementor-size-default\">Autobusov\u00e1 stanica Levice<\/h2>\t\t\t\t<\/div>\n\t\t\t\t<\/div>\n\t\t\t\t\t<\/div>\n\t\t<\/div>\n\t\t\t\t\t<\/div>\n\t\t<\/section>\n\t\t\t\t<section class=\"elementor-section elementor-top-section elementor-element elementor-element-14878e2c elementor-section-boxed elementor-section-height-default elementor-section-height-default\" data-id=\"14878e2c\" data-element_type=\"section\" data-e-type=\"section\">\n\t\t\t\t\t\t<div class=\"elementor-container elementor-column-gap-default\">\n\t\t\t\t\t<div class=\"elementor-column elementor-col-50 elementor-top-column elementor-element elementor-element-37562219\" data-id=\"37562219\" data-element_type=\"column\" data-e-type=\"column\">\n\t\t\t<div class=\"elementor-widget-wrap elementor-element-populated\">\n\t\t\t\t\t\t<div class=\"elementor-element elementor-element-1509b7ab elementor-widget elementor-widget-text-editor\" data-id=\"1509b7ab\" data-element_type=\"widget\" data-e-type=\"widget\" data-widget_type=\"text-editor.default\">\n\t\t\t\t<div class=\"elementor-widget-container\">\n\t\t\t\t\t\t\t\t\t<p><b>Spr\u00e1vca AS:<\/b>\u00a0<\/p><p>ARRIVA Nov\u00e9 Z\u00e1mky, a.s.<br \/>Kpt. N\u00e1lepku 1, 934 30 Levice<\/p><p><b>Telef\u00f3n:<\/b> 036\/39 13 629, <span style=\"letter-spacing: 0px;\">+421 915 733 733<\/span><\/p><p><b>E-mail: <\/b><span style=\"letter-spacing: 0px;\"><a href=\"mailto:informacie@arriva.sk\">informacie@arriva.sk<\/a><br \/><\/span><\/p>\t\t\t\t\t\t\t\t<\/div>\n\t\t\t\t<\/div>\n\t\t\t\t<div class=\"elementor-element elementor-element-61173f8 elementor-widget-divider--view-line elementor-widget elementor-widget-divider\" data-id=\"61173f8\" data-element_type=\"widget\" data-e-type=\"widget\" data-widget_type=\"divider.default\">\n\t\t\t\t<div class=\"elementor-widget-container\">\n\t\t\t\t\t\t\t<div class=\"elementor-divider\">\n\t\t\t<span class=\"elementor-divider-separator\">\n\t\t\t\t\t\t<\/span>\n\t\t<\/div>\n\t\t\t\t\t\t<\/div>\n\t\t\t\t<\/div>\n\t\t\t\t<div class=\"elementor-element elementor-element-7d12131 elementor-icon-list--layout-traditional elementor-list-item-link-full_width elementor-widget elementor-widget-icon-list\" data-id=\"7d12131\" data-element_type=\"widget\" data-e-type=\"widget\" data-widget_type=\"icon-list.default\">\n\t\t\t\t<div class=\"elementor-widget-container\">\n\t\t\t\t\t\t\t<ul class=\"elementor-icon-list-items\">\n\t\t\t\t\t\t\t<li class=\"elementor-icon-list-item\">\n\t\t\t\t\t\t\t\t\t\t\t<a href=\"https:\/\/arriva.sk\/\/files\/nz\/dokumenty\/Podmienky-vyuzivania-AS-LV.pdf\" target=\"_blank\">\n\n\t\t\t\t\t\t\t\t\t\t\t\t<span class=\"elementor-icon-list-icon\">\n\t\t\t\t\t\t\t<i aria-hidden=\"true\" class=\"far fa-file-pdf\"><\/i>\t\t\t\t\t\t<\/span>\n\t\t\t\t\t\t\t\t\t\t<span class=\"elementor-icon-list-text\">Podmienky vyu\u017e\u00edvania AS v Leviciach<\/span>\n\t\t\t\t\t\t\t\t\t\t\t<\/a>\n\t\t\t\t\t\t\t\t\t<\/li>\n\t\t\t\t\t\t\t\t<li class=\"elementor-icon-list-item\">\n\t\t\t\t\t\t\t\t\t\t\t<a href=\"https:\/\/arriva.sk\/\/files\/nz\/dokumenty\/prevadzkovy-poriadok-cakarne-levice.pdf%20\" target=\"_blank\">\n\n\t\t\t\t\t\t\t\t\t\t\t\t<span class=\"elementor-icon-list-icon\">\n\t\t\t\t\t\t\t<i aria-hidden=\"true\" class=\"far fa-file-pdf\"><\/i>\t\t\t\t\t\t<\/span>\n\t\t\t\t\t\t\t\t\t\t<span class=\"elementor-icon-list-text\">Prev\u00e1dzkov\u00fd poriadok \u010dak\u00e1rne Levice<\/span>\n\t\t\t\t\t\t\t\t\t\t\t<\/a>\n\t\t\t\t\t\t\t\t\t<\/li>\n\t\t\t\t\t\t\t\t<li class=\"elementor-icon-list-item\">\n\t\t\t\t\t\t\t\t\t\t\t<a href=\"https:\/\/arriva.sk\/files\/nz\/dokumenty\/nariadenie-ep-a-rady-eu-c-181-2011.pdf\" target=\"_blank\">\n\n\t\t\t\t\t\t\t\t\t\t\t\t<span class=\"elementor-icon-list-icon\">\n\t\t\t\t\t\t\t<i aria-hidden=\"true\" class=\"far fa-file-pdf\"><\/i>\t\t\t\t\t\t<\/span>\n\t\t\t\t\t\t\t\t\t\t<span class=\"elementor-icon-list-text\">Nariadenie Eur\u00f3pskeho parlamentu a Rady (E\u00da) \u010d. 181\/2011 o pr\u00e1vach cestuj\u00facich v autobusovej a autokarovej doprave a o zmene a doplnen\u00ed nariadenia (ES) \u010d. 2006\/2004<\/span>\n\t\t\t\t\t\t\t\t\t\t\t<\/a>\n\t\t\t\t\t\t\t\t\t<\/li>\n\t\t\t\t\t\t<\/ul>\n\t\t\t\t\t\t<\/div>\n\t\t\t\t<\/div>\n\t\t\t\t<div class=\"elementor-element elementor-element-7b521c3 elementor-align-left elementor-widget elementor-widget-button\" data-id=\"7b521c3\" data-element_type=\"widget\" data-e-type=\"widget\" data-widget_type=\"button.default\">\n\t\t\t\t<div class=\"elementor-widget-container\">\n\t\t\t\t\t\t\t\t\t<div class=\"elementor-button-wrapper\">\n\t\t\t\t\t<a class=\"elementor-button elementor-button-link elementor-size-md\" href=\"https:\/\/arriva.sk\/nove-zamky\/autobusove-stanice\">\n\t\t\t\t\t\t<span class=\"elementor-button-content-wrapper\">\n\t\t\t\t\t\t<span class=\"elementor-button-icon\">\n\t\t\t\t<i aria-hidden=\"true\" class=\"fas fa-long-arrow-alt-right\"><\/i>\t\t\t<\/span>\n\t\t\t\t\t\t\t\t\t<span class=\"elementor-button-text\">\u010eal\u0161ie autobusov\u00e9 stanice<\/span>\n\t\t\t\t\t<\/span>\n\t\t\t\t\t<\/a>\n\t\t\t\t<\/div>\n\t\t\t\t\t\t\t\t<\/div>\n\t\t\t\t<\/div>\n\t\t\t\t\t<\/div>\n\t\t<\/div>\n\t\t\t\t<div class=\"elementor-column elementor-col-50 elementor-top-column elementor-element elementor-element-2abca99\" data-id=\"2abca99\" data-element_type=\"column\" data-e-type=\"column\">\n\t\t\t<div class=\"elementor-widget-wrap elementor-element-populated\">\n\t\t\t\t\t\t<div class=\"elementor-element elementor-element-e60e2b6 elementor-widget elementor-widget-image\" data-id=\"e60e2b6\" data-element_type=\"widget\" data-e-type=\"widget\" data-widget_type=\"image.default\">\n\t\t\t\t<div class=\"elementor-widget-container\">\n\t\t\t\t\t\t\t\t\t\t\t\t\t\t\t<img fetchpriority=\"high\" decoding=\"async\" width=\"800\" height=\"450\" src=\"https:\/\/arriva.sk\/nove-zamky\/wp-content\/uploads\/sites\/19\/2024\/01\/levice-1030x579.jpeg\" class=\"attachment-large size-large wp-image-29308\" alt=\"\" srcset=\"https:\/\/arriva.sk\/nove-zamky\/wp-content\/uploads\/sites\/19\/2024\/01\/levice-1030x579.jpeg 1030w, https:\/\/arriva.sk\/nove-zamky\/wp-content\/uploads\/sites\/19\/2024\/01\/levice-300x169.jpeg 300w, https:\/\/arriva.sk\/nove-zamky\/wp-content\/uploads\/sites\/19\/2024\/01\/levice-768x432.jpeg 768w, https:\/\/arriva.sk\/nove-zamky\/wp-content\/uploads\/sites\/19\/2024\/01\/levice.jpeg 1280w\" sizes=\"(max-width: 800px) 100vw, 800px\" \/>\t\t\t\t\t\t\t\t\t\t\t\t\t\t\t<\/div>\n\t\t\t\t<\/div>\n\t\t\t\t<div class=\"elementor-element elementor-element-660e184 elementor-widget elementor-widget-text-editor\" data-id=\"660e184\" data-element_type=\"widget\" data-e-type=\"widget\" data-widget_type=\"text-editor.default\">\n\t\t\t\t<div class=\"elementor-widget-container\">\n\t\t\t\t\t\t\t\t\t<iframe src=\"https:\/\/www.google.com\/maps\/embed?pb=!1m18!1m12!1m3!1d2419.8588940117!2d18.592167175942024!3d48.2118324459895!2m3!1f0!2f0!3f0!3m2!1i1024!2i768!4f13.1!3m3!1m2!1s0x476addfc50bea93b%3A0x7bbb5ec68951e0fd!2sAutobusov%C3%A1%20stanica%20Levice!5e1!3m2!1ssk!2sat!4v1738795594447!5m2!1ssk!2sat\" width=\"600\" height=\"450\" style=\"border:0;\" allowfullscreen=\"\" loading=\"lazy\" referrerpolicy=\"no-referrer-when-downgrade\"><\/iframe>\t\t\t\t\t\t\t\t<\/div>\n\t\t\t\t<\/div>\n\t\t\t\t\t<\/div>\n\t\t<\/div>\n\t\t\t\t\t<\/div>\n\t\t<\/section>\n\t\t\t\t<\/div>\n\t\t","protected":false},"excerpt":{"rendered":"<p>Autobusov\u00e1 stanica Levice Spr\u00e1vca AS:\u00a0 ARRIVA Nov\u00e9 Z\u00e1mky, a.s.Kpt. N\u00e1lepku 1, 934 30 Levice Telef\u00f3n: 036\/39 13 629, +421 915 733 733 E-mail: informacie@arriva.sk Podmienky vyu\u017e\u00edvania AS v Leviciach Prev\u00e1dzkov\u00fd poriadok \u010dak\u00e1rne Levice Nariadenie Eur\u00f3pskeho parlamentu a Rady (E\u00da) \u010d. 181\/2011 o pr\u00e1vach cestuj\u00facich v autobusovej a autokarovej doprave a o zmene a doplnen\u00ed nariadenia [&hellip;]<\/p>\n","protected":false},"author":1,"featured_media":0,"parent":30735,"menu_order":0,"comment_status":"closed","ping_status":"closed","template":"","meta":{"_acf_changed":false,"footnotes":""},"class_list":["post-30734","page","type-page","status-publish","hentry"],"acf":[],"yoast_head":"<!-- This site is optimized with the Yoast SEO plugin v27.2 - https:\/\/yoast.com\/product\/yoast-seo-wordpress\/ -->\n<title>Autobusov\u00e1 stanica Nov\u00e9 Z\u00e1mky<\/title>\n<meta name=\"description\" content=\"Dopravno-prev\u00e1dzkov\u00e9 poriadky - Autobusov\u00e1 stanica Nov\u00e9 Z\u00e1mky\" \/>\n<meta name=\"robots\" content=\"index, follow, max-snippet:-1, max-image-preview:large, max-video-preview:-1\" \/>\n<link rel=\"canonical\" href=\"https:\/\/arriva.sk\/nove-zamky\/autobusove-stanice\/autobusova-stanica-levice\/\" \/>\n<meta property=\"og:locale\" content=\"sk_SK\" \/>\n<meta property=\"og:type\" content=\"article\" \/>\n<meta property=\"og:title\" content=\"Pr\u00edmestsk\u00e1 verejn\u00e1 doprava v 4 regi\u00f3noch \u2013 Bratislava, Malacky, Senec a \u0160amor\u00edn.\" \/>\n<meta property=\"og:description\" content=\"ARRIVA Mobility Solutions, s.r.o. zabezpe\u010duje v Bratislavskom kraji pr\u00edmestsk\u00fa verejn\u00fa dopravu v 4 regi\u00f3noch \u2013 Bratislava, Malacky, Senec a \u0160amor\u00edn.\" \/>\n<meta property=\"og:url\" content=\"https:\/\/arriva.sk\/nove-zamky\/autobusove-stanice\/autobusova-stanica-levice\/\" \/>\n<meta property=\"og:site_name\" content=\"ARRIVA Nov\u00e9 Z\u00e1mky\" \/>\n<meta property=\"article:modified_time\" content=\"2026-04-30T07:21:11+00:00\" \/>\n<meta name=\"twitter:card\" content=\"summary_large_image\" \/>\n<meta name=\"twitter:image\" content=\"https:\/\/arriva.sk\/nove-zamky\/wp-content\/uploads\/sites\/19\/2024\/01\/levice.jpeg\" \/>\n<meta name=\"twitter:label1\" content=\"Predpokladan\u00fd \u010das \u010d\u00edtania\" \/>\n\t<meta name=\"twitter:data1\" content=\"1 min\u00fata\" \/>\n<script type=\"application\/ld+json\" class=\"yoast-schema-graph\">{\"@context\":\"https:\/\/schema.org\",\"@graph\":[{\"@type\":\"WebPage\",\"@id\":\"https:\/\/arriva.sk\/nove-zamky\/autobusove-stanice\/autobusova-stanica-levice\/\",\"url\":\"https:\/\/arriva.sk\/nove-zamky\/autobusove-stanice\/autobusova-stanica-levice\/\",\"name\":\"Autobusov\u00e1 stanica Nov\u00e9 Z\u00e1mky\",\"isPartOf\":{\"@id\":\"https:\/\/arriva.sk\/nove-zamky\/#website\"},\"primaryImageOfPage\":{\"@id\":\"https:\/\/arriva.sk\/nove-zamky\/autobusove-stanice\/autobusova-stanica-levice\/#primaryimage\"},\"image\":{\"@id\":\"https:\/\/arriva.sk\/nove-zamky\/autobusove-stanice\/autobusova-stanica-levice\/#primaryimage\"},\"thumbnailUrl\":\"https:\/\/arriva.sk\/nove-zamky\/wp-content\/uploads\/sites\/19\/2024\/01\/levice-1030x579.jpeg\",\"datePublished\":\"2023-08-14T19:54:21+00:00\",\"dateModified\":\"2026-04-30T07:21:11+00:00\",\"description\":\"Dopravno-prev\u00e1dzkov\u00e9 poriadky - Autobusov\u00e1 stanica Nov\u00e9 Z\u00e1mky\",\"breadcrumb\":{\"@id\":\"https:\/\/arriva.sk\/nove-zamky\/autobusove-stanice\/autobusova-stanica-levice\/#breadcrumb\"},\"inLanguage\":\"sk-SK\",\"potentialAction\":[{\"@type\":\"ReadAction\",\"target\":[\"https:\/\/arriva.sk\/nove-zamky\/autobusove-stanice\/autobusova-stanica-levice\/\"]}]},{\"@type\":\"ImageObject\",\"inLanguage\":\"sk-SK\",\"@id\":\"https:\/\/arriva.sk\/nove-zamky\/autobusove-stanice\/autobusova-stanica-levice\/#primaryimage\",\"url\":\"https:\/\/arriva.sk\/nove-zamky\/wp-content\/uploads\/sites\/19\/2024\/01\/levice.jpeg\",\"contentUrl\":\"https:\/\/arriva.sk\/nove-zamky\/wp-content\/uploads\/sites\/19\/2024\/01\/levice.jpeg\",\"width\":1280,\"height\":720,\"caption\":\"Levice\"},{\"@type\":\"BreadcrumbList\",\"@id\":\"https:\/\/arriva.sk\/nove-zamky\/autobusove-stanice\/autobusova-stanica-levice\/#breadcrumb\",\"itemListElement\":[{\"@type\":\"ListItem\",\"position\":1,\"name\":\"Home\",\"item\":\"https:\/\/arriva.sk\/nove-zamky\/\"},{\"@type\":\"ListItem\",\"position\":2,\"name\":\"Autobusov\u00e9 stanice\",\"item\":\"https:\/\/arriva.sk\/nove-zamky\/autobusove-stanice\/\"},{\"@type\":\"ListItem\",\"position\":3,\"name\":\"Autobusov\u00e1 stanica Levice\"}]},{\"@type\":\"WebSite\",\"@id\":\"https:\/\/arriva.sk\/nove-zamky\/#website\",\"url\":\"https:\/\/arriva.sk\/nove-zamky\/\",\"name\":\"ARRIVA Nov\u00e9 Z\u00e1mky\",\"description\":\"Autobusov\u00e1 doprava v nitrianskom regi\u00f3ne\",\"publisher\":{\"@id\":\"https:\/\/arriva.sk\/nove-zamky\/#organization\"},\"potentialAction\":[{\"@type\":\"SearchAction\",\"target\":{\"@type\":\"EntryPoint\",\"urlTemplate\":\"https:\/\/arriva.sk\/nove-zamky\/?s={search_term_string}\"},\"query-input\":{\"@type\":\"PropertyValueSpecification\",\"valueRequired\":true,\"valueName\":\"search_term_string\"}}],\"inLanguage\":\"sk-SK\"},{\"@type\":\"Organization\",\"@id\":\"https:\/\/arriva.sk\/nove-zamky\/#organization\",\"name\":\"ARRIVA Nitra\",\"url\":\"https:\/\/arriva.sk\/nove-zamky\/\",\"logo\":{\"@type\":\"ImageObject\",\"inLanguage\":\"sk-SK\",\"@id\":\"https:\/\/arriva.sk\/nove-zamky\/#\/schema\/logo\/image\/\",\"url\":\"https:\/\/arriva.sk\/nzdev\/wp-content\/uploads\/sites\/19\/2021\/11\/logo-nitra.png\",\"contentUrl\":\"https:\/\/arriva.sk\/nzdev\/wp-content\/uploads\/sites\/19\/2021\/11\/logo-nitra.png\",\"width\":300,\"height\":90,\"caption\":\"ARRIVA Nitra\"},\"image\":{\"@id\":\"https:\/\/arriva.sk\/nove-zamky\/#\/schema\/logo\/image\/\"}}]}<\/script>\n<!-- \/ Yoast SEO plugin. -->","yoast_head_json":{"title":"Autobusov\u00e1 stanica Nov\u00e9 Z\u00e1mky","description":"Dopravno-prev\u00e1dzkov\u00e9 poriadky - Autobusov\u00e1 stanica Nov\u00e9 Z\u00e1mky","robots":{"index":"index","follow":"follow","max-snippet":"max-snippet:-1","max-image-preview":"max-image-preview:large","max-video-preview":"max-video-preview:-1"},"canonical":"https:\/\/arriva.sk\/nove-zamky\/autobusove-stanice\/autobusova-stanica-levice\/","og_locale":"sk_SK","og_type":"article","og_title":"Pr\u00edmestsk\u00e1 verejn\u00e1 doprava v 4 regi\u00f3noch \u2013 Bratislava, Malacky, Senec a \u0160amor\u00edn.","og_description":"ARRIVA Mobility Solutions, s.r.o. zabezpe\u010duje v Bratislavskom kraji pr\u00edmestsk\u00fa verejn\u00fa dopravu v 4 regi\u00f3noch \u2013 Bratislava, Malacky, Senec a \u0160amor\u00edn.","og_url":"https:\/\/arriva.sk\/nove-zamky\/autobusove-stanice\/autobusova-stanica-levice\/","og_site_name":"ARRIVA Nov\u00e9 Z\u00e1mky","article_modified_time":"2026-04-30T07:21:11+00:00","twitter_card":"summary_large_image","twitter_image":"https:\/\/arriva.sk\/nove-zamky\/wp-content\/uploads\/sites\/19\/2024\/01\/levice.jpeg","twitter_misc":{"Predpokladan\u00fd \u010das \u010d\u00edtania":"1 min\u00fata"},"schema":{"@context":"https:\/\/schema.org","@graph":[{"@type":"WebPage","@id":"https:\/\/arriva.sk\/nove-zamky\/autobusove-stanice\/autobusova-stanica-levice\/","url":"https:\/\/arriva.sk\/nove-zamky\/autobusove-stanice\/autobusova-stanica-levice\/","name":"Autobusov\u00e1 stanica Nov\u00e9 Z\u00e1mky","isPartOf":{"@id":"https:\/\/arriva.sk\/nove-zamky\/#website"},"primaryImageOfPage":{"@id":"https:\/\/arriva.sk\/nove-zamky\/autobusove-stanice\/autobusova-stanica-levice\/#primaryimage"},"image":{"@id":"https:\/\/arriva.sk\/nove-zamky\/autobusove-stanice\/autobusova-stanica-levice\/#primaryimage"},"thumbnailUrl":"https:\/\/arriva.sk\/nove-zamky\/wp-content\/uploads\/sites\/19\/2024\/01\/levice-1030x579.jpeg","datePublished":"2023-08-14T19:54:21+00:00","dateModified":"2026-04-30T07:21:11+00:00","description":"Dopravno-prev\u00e1dzkov\u00e9 poriadky - Autobusov\u00e1 stanica Nov\u00e9 Z\u00e1mky","breadcrumb":{"@id":"https:\/\/arriva.sk\/nove-zamky\/autobusove-stanice\/autobusova-stanica-levice\/#breadcrumb"},"inLanguage":"sk-SK","potentialAction":[{"@type":"ReadAction","target":["https:\/\/arriva.sk\/nove-zamky\/autobusove-stanice\/autobusova-stanica-levice\/"]}]},{"@type":"ImageObject","inLanguage":"sk-SK","@id":"https:\/\/arriva.sk\/nove-zamky\/autobusove-stanice\/autobusova-stanica-levice\/#primaryimage","url":"https:\/\/arriva.sk\/nove-zamky\/wp-content\/uploads\/sites\/19\/2024\/01\/levice.jpeg","contentUrl":"https:\/\/arriva.sk\/nove-zamky\/wp-content\/uploads\/sites\/19\/2024\/01\/levice.jpeg","width":1280,"height":720,"caption":"Levice"},{"@type":"BreadcrumbList","@id":"https:\/\/arriva.sk\/nove-zamky\/autobusove-stanice\/autobusova-stanica-levice\/#breadcrumb","itemListElement":[{"@type":"ListItem","position":1,"name":"Home","item":"https:\/\/arriva.sk\/nove-zamky\/"},{"@type":"ListItem","position":2,"name":"Autobusov\u00e9 stanice","item":"https:\/\/arriva.sk\/nove-zamky\/autobusove-stanice\/"},{"@type":"ListItem","position":3,"name":"Autobusov\u00e1 stanica Levice"}]},{"@type":"WebSite","@id":"https:\/\/arriva.sk\/nove-zamky\/#website","url":"https:\/\/arriva.sk\/nove-zamky\/","name":"ARRIVA Nov\u00e9 Z\u00e1mky","description":"Autobusov\u00e1 doprava v nitrianskom regi\u00f3ne","publisher":{"@id":"https:\/\/arriva.sk\/nove-zamky\/#organization"},"potentialAction":[{"@type":"SearchAction","target":{"@type":"EntryPoint","urlTemplate":"https:\/\/arriva.sk\/nove-zamky\/?s={search_term_string}"},"query-input":{"@type":"PropertyValueSpecification","valueRequired":true,"valueName":"search_term_string"}}],"inLanguage":"sk-SK"},{"@type":"Organization","@id":"https:\/\/arriva.sk\/nove-zamky\/#organization","name":"ARRIVA Nitra","url":"https:\/\/arriva.sk\/nove-zamky\/","logo":{"@type":"ImageObject","inLanguage":"sk-SK","@id":"https:\/\/arriva.sk\/nove-zamky\/#\/schema\/logo\/image\/","url":"https:\/\/arriva.sk\/nzdev\/wp-content\/uploads\/sites\/19\/2021\/11\/logo-nitra.png","contentUrl":"https:\/\/arriva.sk\/nzdev\/wp-content\/uploads\/sites\/19\/2021\/11\/logo-nitra.png","width":300,"height":90,"caption":"ARRIVA Nitra"},"image":{"@id":"https:\/\/arriva.sk\/nove-zamky\/#\/schema\/logo\/image\/"}}]}},"_links":{"self":[{"href":"https:\/\/arriva.sk\/nove-zamky\/wp-json\/wp\/v2\/pages\/30734","targetHints":{"allow":["GET"]}}],"collection":[{"href":"https:\/\/arriva.sk\/nove-zamky\/wp-json\/wp\/v2\/pages"}],"about":[{"href":"https:\/\/arriva.sk\/nove-zamky\/wp-json\/wp\/v2\/types\/page"}],"author":[{"embeddable":true,"href":"https:\/\/arriva.sk\/nove-zamky\/wp-json\/wp\/v2\/users\/1"}],"replies":[{"embeddable":true,"href":"https:\/\/arriva.sk\/nove-zamky\/wp-json\/wp\/v2\/comments?post=30734"}],"version-history":[{"count":55,"href":"https:\/\/arriva.sk\/nove-zamky\/wp-json\/wp\/v2\/pages\/30734\/revisions"}],"predecessor-version":[{"id":32093,"href":"https:\/\/arriva.sk\/nove-zamky\/wp-json\/wp\/v2\/pages\/30734\/revisions\/32093"}],"up":[{"embeddable":true,"href":"https:\/\/arriva.sk\/nove-zamky\/wp-json\/wp\/v2\/pages\/30735"}],"wp:attachment":[{"href":"https:\/\/arriva.sk\/nove-zamky\/wp-json\/wp\/v2\/media?parent=30734"}],"curies":[{"name":"wp","href":"https:\/\/api.w.org\/{rel}","templated":true}]}}