{"id":29414,"date":"2024-01-15T10:27:59","date_gmt":"2024-01-15T10:27:59","guid":{"rendered":"https:\/\/arriva.sk\/nzdev\/?page_id=29414"},"modified":"2024-10-07T11:54:59","modified_gmt":"2024-10-07T11:54:59","slug":"predaj-majetku","status":"publish","type":"page","link":"https:\/\/arriva.sk\/nove-zamky\/predaj-majetku\/","title":{"rendered":"Predaj nehnute\u013en\u00e9ho majetku"},"content":{"rendered":"\t\t<div data-elementor-type=\"wp-page\" data-elementor-id=\"29414\" class=\"elementor elementor-29414\" data-elementor-post-type=\"page\">\n\t\t\t\t\t\t<section class=\"elementor-section elementor-top-section elementor-element elementor-element-6a7e1bf4 elementor-section-content-middle elementor-reverse-mobile elementor-section-boxed elementor-section-height-default elementor-section-height-default\" data-id=\"6a7e1bf4\" data-element_type=\"section\" data-e-type=\"section\">\n\t\t\t\t\t\t<div class=\"elementor-container elementor-column-gap-default\">\n\t\t\t\t\t<div class=\"elementor-column elementor-col-50 elementor-top-column elementor-element elementor-element-10510ddd\" data-id=\"10510ddd\" data-element_type=\"column\" data-e-type=\"column\">\n\t\t\t<div class=\"elementor-widget-wrap elementor-element-populated\">\n\t\t\t\t\t\t<div class=\"elementor-element elementor-element-6b049956 elementor-widget elementor-widget-heading\" data-id=\"6b049956\" data-element_type=\"widget\" data-e-type=\"widget\" data-widget_type=\"heading.default\">\n\t\t\t\t<div class=\"elementor-widget-container\">\n\t\t\t\t\t<h2 class=\"elementor-heading-title elementor-size-default\">Predaj nehnute\u013en\u00e9ho majetku<\/h2>\t\t\t\t<\/div>\n\t\t\t\t<\/div>\n\t\t\t\t<div class=\"elementor-element elementor-element-7a75901d elementor-widget elementor-widget-text-editor\" data-id=\"7a75901d\" data-element_type=\"widget\" data-e-type=\"widget\" data-widget_type=\"text-editor.default\">\n\t\t\t\t<div class=\"elementor-widget-container\">\n\t\t\t\t\t\t\t\t\t<p>Ponuka na predaj prebyto\u010dn\u00e9ho nehnute\u013en\u00e9ho majetku \u0161t\u00e1tu formou v\u00fdberov\u00e9ho konania.<\/p><p><strong>Aktu\u00e1lne nie je v ponuke na predaj \u017eiaden nehnute\u013en\u00fd majetok.<\/strong><\/p>\t\t\t\t\t\t\t\t<\/div>\n\t\t\t\t<\/div>\n\t\t\t\t\t<\/div>\n\t\t<\/div>\n\t\t\t\t<div class=\"elementor-column elementor-col-50 elementor-top-column elementor-element elementor-element-7dc88533\" data-id=\"7dc88533\" data-element_type=\"column\" data-e-type=\"column\">\n\t\t\t<div class=\"elementor-widget-wrap elementor-element-populated\">\n\t\t\t\t\t\t<div class=\"elementor-element elementor-element-26f9682c elementor-widget elementor-widget-image\" data-id=\"26f9682c\" data-element_type=\"widget\" data-e-type=\"widget\" data-widget_type=\"image.default\">\n\t\t\t\t<div class=\"elementor-widget-container\">\n\t\t\t\t\t\t\t\t\t\t\t\t\t\t\t<img fetchpriority=\"high\" decoding=\"async\" width=\"400\" height=\"400\" src=\"https:\/\/arriva.sk\/nove-zamky\/wp-content\/uploads\/sites\/19\/2021\/11\/image2vector.svg\" class=\"attachment-large size-large wp-image-16195\" alt=\"\" \/>\t\t\t\t\t\t\t\t\t\t\t\t\t\t\t<\/div>\n\t\t\t\t<\/div>\n\t\t\t\t\t<\/div>\n\t\t<\/div>\n\t\t\t\t\t<\/div>\n\t\t<\/section>\n\t\t\t\t<\/div>\n\t\t","protected":false},"excerpt":{"rendered":"<p>Predaj nehnute\u013en\u00e9ho majetku Ponuka na predaj prebyto\u010dn\u00e9ho nehnute\u013en\u00e9ho majetku \u0161t\u00e1tu formou v\u00fdberov\u00e9ho konania. Aktu\u00e1lne nie je v ponuke na predaj \u017eiaden nehnute\u013en\u00fd majetok.<\/p>\n","protected":false},"author":1,"featured_media":0,"parent":0,"menu_order":0,"comment_status":"closed","ping_status":"closed","template":"","meta":{"_acf_changed":false,"footnotes":""},"class_list":["post-29414","page","type-page","status-publish","hentry"],"acf":[],"yoast_head":"<!-- This site is optimized with the Yoast SEO plugin v27.2 - https:\/\/yoast.com\/product\/yoast-seo-wordpress\/ -->\n<title>ARRIVA Nov\u00e9 Z\u00e1mky - Predaj nehnute\u013en\u00e9ho majetku<\/title>\n<meta name=\"description\" content=\"ARRIVA Nov\u00e9 Z\u00e1mky - Predaj nehnute\u013en\u00e9ho majetku\" \/>\n<meta name=\"robots\" content=\"index, follow, max-snippet:-1, max-image-preview:large, max-video-preview:-1\" \/>\n<link rel=\"canonical\" href=\"https:\/\/arriva.sk\/nove-zamky\/predaj-majetku\/\" \/>\n<meta property=\"og:locale\" content=\"sk_SK\" \/>\n<meta property=\"og:type\" content=\"article\" \/>\n<meta property=\"og:title\" content=\"ARRIVA Nov\u00e9 Z\u00e1mky - Predaj nehnute\u013en\u00e9ho majetku\" \/>\n<meta property=\"og:description\" content=\"ARRIVA Nov\u00e9 Z\u00e1mky - Predaj nehnute\u013en\u00e9ho majetku\" \/>\n<meta property=\"og:url\" content=\"https:\/\/arriva.sk\/nove-zamky\/predaj-majetku\/\" \/>\n<meta property=\"og:site_name\" content=\"ARRIVA Nov\u00e9 Z\u00e1mky\" \/>\n<meta property=\"article:modified_time\" content=\"2024-10-07T11:54:59+00:00\" \/>\n<meta property=\"og:image\" content=\"https:\/\/arriva.sk\/nzdev\/wp-content\/uploads\/sites\/19\/2021\/11\/image2vector.svg\" \/>\n<meta name=\"twitter:card\" content=\"summary_large_image\" \/>\n<meta name=\"twitter:label1\" content=\"Predpokladan\u00fd \u010das \u010d\u00edtania\" \/>\n\t<meta name=\"twitter:data1\" content=\"2 min\u00faty\" \/>\n<script type=\"application\/ld+json\" class=\"yoast-schema-graph\">{\"@context\":\"https:\/\/schema.org\",\"@graph\":[{\"@type\":\"WebPage\",\"@id\":\"https:\/\/arriva.sk\/nove-zamky\/predaj-majetku\/\",\"url\":\"https:\/\/arriva.sk\/nove-zamky\/predaj-majetku\/\",\"name\":\"ARRIVA Nov\u00e9 Z\u00e1mky - Predaj nehnute\u013en\u00e9ho majetku\",\"isPartOf\":{\"@id\":\"https:\/\/arriva.sk\/nove-zamky\/#website\"},\"primaryImageOfPage\":{\"@id\":\"https:\/\/arriva.sk\/nove-zamky\/predaj-majetku\/#primaryimage\"},\"image\":{\"@id\":\"https:\/\/arriva.sk\/nove-zamky\/predaj-majetku\/#primaryimage\"},\"thumbnailUrl\":\"https:\/\/arriva.sk\/nzdev\/wp-content\/uploads\/sites\/19\/2021\/11\/image2vector.svg\",\"datePublished\":\"2024-01-15T10:27:59+00:00\",\"dateModified\":\"2024-10-07T11:54:59+00:00\",\"description\":\"ARRIVA Nov\u00e9 Z\u00e1mky - Predaj nehnute\u013en\u00e9ho majetku\",\"breadcrumb\":{\"@id\":\"https:\/\/arriva.sk\/nove-zamky\/predaj-majetku\/#breadcrumb\"},\"inLanguage\":\"sk-SK\",\"potentialAction\":[{\"@type\":\"ReadAction\",\"target\":[\"https:\/\/arriva.sk\/nove-zamky\/predaj-majetku\/\"]}]},{\"@type\":\"ImageObject\",\"inLanguage\":\"sk-SK\",\"@id\":\"https:\/\/arriva.sk\/nove-zamky\/predaj-majetku\/#primaryimage\",\"url\":\"https:\/\/arriva.sk\/nzdev\/wp-content\/uploads\/sites\/19\/2021\/11\/image2vector.svg\",\"contentUrl\":\"https:\/\/arriva.sk\/nzdev\/wp-content\/uploads\/sites\/19\/2021\/11\/image2vector.svg\"},{\"@type\":\"BreadcrumbList\",\"@id\":\"https:\/\/arriva.sk\/nove-zamky\/predaj-majetku\/#breadcrumb\",\"itemListElement\":[{\"@type\":\"ListItem\",\"position\":1,\"name\":\"Home\",\"item\":\"https:\/\/arriva.sk\/nove-zamky\/\"},{\"@type\":\"ListItem\",\"position\":2,\"name\":\"Predaj nehnute\u013en\u00e9ho majetku\"}]},{\"@type\":\"WebSite\",\"@id\":\"https:\/\/arriva.sk\/nove-zamky\/#website\",\"url\":\"https:\/\/arriva.sk\/nove-zamky\/\",\"name\":\"ARRIVA Nov\u00e9 Z\u00e1mky\",\"description\":\"Autobusov\u00e1 doprava v nitrianskom regi\u00f3ne\",\"publisher\":{\"@id\":\"https:\/\/arriva.sk\/nove-zamky\/#organization\"},\"potentialAction\":[{\"@type\":\"SearchAction\",\"target\":{\"@type\":\"EntryPoint\",\"urlTemplate\":\"https:\/\/arriva.sk\/nove-zamky\/?s={search_term_string}\"},\"query-input\":{\"@type\":\"PropertyValueSpecification\",\"valueRequired\":true,\"valueName\":\"search_term_string\"}}],\"inLanguage\":\"sk-SK\"},{\"@type\":\"Organization\",\"@id\":\"https:\/\/arriva.sk\/nove-zamky\/#organization\",\"name\":\"ARRIVA Nitra\",\"url\":\"https:\/\/arriva.sk\/nove-zamky\/\",\"logo\":{\"@type\":\"ImageObject\",\"inLanguage\":\"sk-SK\",\"@id\":\"https:\/\/arriva.sk\/nove-zamky\/#\/schema\/logo\/image\/\",\"url\":\"https:\/\/arriva.sk\/nzdev\/wp-content\/uploads\/sites\/19\/2021\/11\/logo-nitra.png\",\"contentUrl\":\"https:\/\/arriva.sk\/nzdev\/wp-content\/uploads\/sites\/19\/2021\/11\/logo-nitra.png\",\"width\":300,\"height\":90,\"caption\":\"ARRIVA Nitra\"},\"image\":{\"@id\":\"https:\/\/arriva.sk\/nove-zamky\/#\/schema\/logo\/image\/\"}}]}<\/script>\n<!-- \/ Yoast SEO plugin. -->","yoast_head_json":{"title":"ARRIVA Nov\u00e9 Z\u00e1mky - Predaj nehnute\u013en\u00e9ho majetku","description":"ARRIVA Nov\u00e9 Z\u00e1mky - Predaj nehnute\u013en\u00e9ho majetku","robots":{"index":"index","follow":"follow","max-snippet":"max-snippet:-1","max-image-preview":"max-image-preview:large","max-video-preview":"max-video-preview:-1"},"canonical":"https:\/\/arriva.sk\/nove-zamky\/predaj-majetku\/","og_locale":"sk_SK","og_type":"article","og_title":"ARRIVA Nov\u00e9 Z\u00e1mky - Predaj nehnute\u013en\u00e9ho majetku","og_description":"ARRIVA Nov\u00e9 Z\u00e1mky - Predaj nehnute\u013en\u00e9ho majetku","og_url":"https:\/\/arriva.sk\/nove-zamky\/predaj-majetku\/","og_site_name":"ARRIVA Nov\u00e9 Z\u00e1mky","article_modified_time":"2024-10-07T11:54:59+00:00","og_image":[{"url":"https:\/\/arriva.sk\/nzdev\/wp-content\/uploads\/sites\/19\/2021\/11\/image2vector.svg","type":"","width":"","height":""}],"twitter_card":"summary_large_image","twitter_misc":{"Predpokladan\u00fd \u010das \u010d\u00edtania":"2 min\u00faty"},"schema":{"@context":"https:\/\/schema.org","@graph":[{"@type":"WebPage","@id":"https:\/\/arriva.sk\/nove-zamky\/predaj-majetku\/","url":"https:\/\/arriva.sk\/nove-zamky\/predaj-majetku\/","name":"ARRIVA Nov\u00e9 Z\u00e1mky - Predaj nehnute\u013en\u00e9ho majetku","isPartOf":{"@id":"https:\/\/arriva.sk\/nove-zamky\/#website"},"primaryImageOfPage":{"@id":"https:\/\/arriva.sk\/nove-zamky\/predaj-majetku\/#primaryimage"},"image":{"@id":"https:\/\/arriva.sk\/nove-zamky\/predaj-majetku\/#primaryimage"},"thumbnailUrl":"https:\/\/arriva.sk\/nzdev\/wp-content\/uploads\/sites\/19\/2021\/11\/image2vector.svg","datePublished":"2024-01-15T10:27:59+00:00","dateModified":"2024-10-07T11:54:59+00:00","description":"ARRIVA Nov\u00e9 Z\u00e1mky - Predaj nehnute\u013en\u00e9ho majetku","breadcrumb":{"@id":"https:\/\/arriva.sk\/nove-zamky\/predaj-majetku\/#breadcrumb"},"inLanguage":"sk-SK","potentialAction":[{"@type":"ReadAction","target":["https:\/\/arriva.sk\/nove-zamky\/predaj-majetku\/"]}]},{"@type":"ImageObject","inLanguage":"sk-SK","@id":"https:\/\/arriva.sk\/nove-zamky\/predaj-majetku\/#primaryimage","url":"https:\/\/arriva.sk\/nzdev\/wp-content\/uploads\/sites\/19\/2021\/11\/image2vector.svg","contentUrl":"https:\/\/arriva.sk\/nzdev\/wp-content\/uploads\/sites\/19\/2021\/11\/image2vector.svg"},{"@type":"BreadcrumbList","@id":"https:\/\/arriva.sk\/nove-zamky\/predaj-majetku\/#breadcrumb","itemListElement":[{"@type":"ListItem","position":1,"name":"Home","item":"https:\/\/arriva.sk\/nove-zamky\/"},{"@type":"ListItem","position":2,"name":"Predaj nehnute\u013en\u00e9ho majetku"}]},{"@type":"WebSite","@id":"https:\/\/arriva.sk\/nove-zamky\/#website","url":"https:\/\/arriva.sk\/nove-zamky\/","name":"ARRIVA Nov\u00e9 Z\u00e1mky","description":"Autobusov\u00e1 doprava v nitrianskom regi\u00f3ne","publisher":{"@id":"https:\/\/arriva.sk\/nove-zamky\/#organization"},"potentialAction":[{"@type":"SearchAction","target":{"@type":"EntryPoint","urlTemplate":"https:\/\/arriva.sk\/nove-zamky\/?s={search_term_string}"},"query-input":{"@type":"PropertyValueSpecification","valueRequired":true,"valueName":"search_term_string"}}],"inLanguage":"sk-SK"},{"@type":"Organization","@id":"https:\/\/arriva.sk\/nove-zamky\/#organization","name":"ARRIVA Nitra","url":"https:\/\/arriva.sk\/nove-zamky\/","logo":{"@type":"ImageObject","inLanguage":"sk-SK","@id":"https:\/\/arriva.sk\/nove-zamky\/#\/schema\/logo\/image\/","url":"https:\/\/arriva.sk\/nzdev\/wp-content\/uploads\/sites\/19\/2021\/11\/logo-nitra.png","contentUrl":"https:\/\/arriva.sk\/nzdev\/wp-content\/uploads\/sites\/19\/2021\/11\/logo-nitra.png","width":300,"height":90,"caption":"ARRIVA Nitra"},"image":{"@id":"https:\/\/arriva.sk\/nove-zamky\/#\/schema\/logo\/image\/"}}]}},"_links":{"self":[{"href":"https:\/\/arriva.sk\/nove-zamky\/wp-json\/wp\/v2\/pages\/29414","targetHints":{"allow":["GET"]}}],"collection":[{"href":"https:\/\/arriva.sk\/nove-zamky\/wp-json\/wp\/v2\/pages"}],"about":[{"href":"https:\/\/arriva.sk\/nove-zamky\/wp-json\/wp\/v2\/types\/page"}],"author":[{"embeddable":true,"href":"https:\/\/arriva.sk\/nove-zamky\/wp-json\/wp\/v2\/users\/1"}],"replies":[{"embeddable":true,"href":"https:\/\/arriva.sk\/nove-zamky\/wp-json\/wp\/v2\/comments?post=29414"}],"version-history":[{"count":13,"href":"https:\/\/arriva.sk\/nove-zamky\/wp-json\/wp\/v2\/pages\/29414\/revisions"}],"predecessor-version":[{"id":30218,"href":"https:\/\/arriva.sk\/nove-zamky\/wp-json\/wp\/v2\/pages\/29414\/revisions\/30218"}],"wp:attachment":[{"href":"https:\/\/arriva.sk\/nove-zamky\/wp-json\/wp\/v2\/media?parent=29414"}],"curies":[{"name":"wp","href":"https:\/\/api.w.org\/{rel}","templated":true}]}}