{"id":28510,"date":"2023-07-18T07:07:54","date_gmt":"2023-07-18T07:07:54","guid":{"rendered":"https:\/\/arriva.sk\/nitra2\/?page_id=28510"},"modified":"2026-04-20T15:30:43","modified_gmt":"2026-04-20T13:30:43","slug":"sluzby-pre-dopravcov","status":"publish","type":"page","link":"https:\/\/arriva.sk\/nitra\/sluzby-pre-dopravcov\/","title":{"rendered":"Slu\u017eby pre dopravcov"},"content":{"rendered":"\t\t<div data-elementor-type=\"wp-page\" data-elementor-id=\"28510\" class=\"elementor elementor-28510\" data-elementor-post-type=\"page\">\n\t\t\t\t\t\t<section class=\"elementor-section elementor-top-section elementor-element elementor-element-638ece0b elementor-section-content-middle elementor-reverse-mobile elementor-section-boxed elementor-section-height-default elementor-section-height-default\" data-id=\"638ece0b\" data-element_type=\"section\" data-e-type=\"section\">\n\t\t\t\t\t\t<div class=\"elementor-container elementor-column-gap-default\">\n\t\t\t\t\t<div class=\"elementor-column elementor-col-100 elementor-top-column elementor-element elementor-element-5a0d9265\" data-id=\"5a0d9265\" data-element_type=\"column\" data-e-type=\"column\">\n\t\t\t<div class=\"elementor-widget-wrap elementor-element-populated\">\n\t\t\t\t\t\t<div class=\"elementor-element elementor-element-18477ae9 elementor-widget elementor-widget-heading\" data-id=\"18477ae9\" data-element_type=\"widget\" data-e-type=\"widget\" data-widget_type=\"heading.default\">\n\t\t\t\t<div class=\"elementor-widget-container\">\n\t\t\t\t\t<h2 class=\"elementor-heading-title elementor-size-default\">Slu\u017eby pre dopravcov\n<\/h2>\t\t\t\t<\/div>\n\t\t\t\t<\/div>\n\t\t\t\t\t<\/div>\n\t\t<\/div>\n\t\t\t\t\t<\/div>\n\t\t<\/section>\n\t\t\t\t<section class=\"elementor-section elementor-top-section elementor-element elementor-element-1529b071 elementor-section-boxed elementor-section-height-default elementor-section-height-default\" data-id=\"1529b071\" data-element_type=\"section\" data-e-type=\"section\">\n\t\t\t\t\t\t<div class=\"elementor-container elementor-column-gap-default\">\n\t\t\t\t\t<div class=\"elementor-column elementor-col-50 elementor-top-column elementor-element elementor-element-111d52e2\" data-id=\"111d52e2\" data-element_type=\"column\" data-e-type=\"column\">\n\t\t\t<div class=\"elementor-widget-wrap elementor-element-populated\">\n\t\t\t\t\t\t<div class=\"elementor-element elementor-element-ba21593 elementor-widget elementor-widget-image\" data-id=\"ba21593\" data-element_type=\"widget\" data-e-type=\"widget\" data-widget_type=\"image.default\">\n\t\t\t\t<div class=\"elementor-widget-container\">\n\t\t\t\t\t\t\t\t\t\t\t\t\t\t\t<img fetchpriority=\"high\" decoding=\"async\" width=\"800\" height=\"534\" src=\"https:\/\/arriva.sk\/nitra\/wp-content\/uploads\/sites\/16\/2023\/06\/05-1030x688-1.jpg\" class=\"attachment-large size-large wp-image-28266\" alt=\"\" srcset=\"https:\/\/arriva.sk\/nitra\/wp-content\/uploads\/sites\/16\/2023\/06\/05-1030x688-1.jpg 1030w, https:\/\/arriva.sk\/nitra\/wp-content\/uploads\/sites\/16\/2023\/06\/05-1030x688-1-300x200.jpg 300w, https:\/\/arriva.sk\/nitra\/wp-content\/uploads\/sites\/16\/2023\/06\/05-1030x688-1-768x513.jpg 768w\" sizes=\"(max-width: 800px) 100vw, 800px\" \/>\t\t\t\t\t\t\t\t\t\t\t\t\t\t\t<\/div>\n\t\t\t\t<\/div>\n\t\t\t\t\t<\/div>\n\t\t<\/div>\n\t\t\t\t<div class=\"elementor-column elementor-col-50 elementor-top-column elementor-element elementor-element-42dd147f\" data-id=\"42dd147f\" data-element_type=\"column\" data-e-type=\"column\">\n\t\t\t<div class=\"elementor-widget-wrap elementor-element-populated\">\n\t\t\t\t\t\t<div class=\"elementor-element elementor-element-6615350 elementor-icon-list--layout-traditional elementor-list-item-link-full_width elementor-widget elementor-widget-icon-list\" data-id=\"6615350\" data-element_type=\"widget\" data-e-type=\"widget\" data-widget_type=\"icon-list.default\">\n\t\t\t\t<div class=\"elementor-widget-container\">\n\t\t\t\t\t\t\t<ul class=\"elementor-icon-list-items\">\n\t\t\t\t\t\t\t<li class=\"elementor-icon-list-item\">\n\t\t\t\t\t\t\t\t\t\t\t<a href=\"https:\/\/arriva.sk\/files\/nr\/dokumenty\/PP_ASNR.pdf\" target=\"_blank\">\n\n\t\t\t\t\t\t\t\t\t\t\t\t<span class=\"elementor-icon-list-icon\">\n\t\t\t\t\t\t\t<i aria-hidden=\"true\" class=\"fas fa-file-pdf\"><\/i>\t\t\t\t\t\t<\/span>\n\t\t\t\t\t\t\t\t\t\t<span class=\"elementor-icon-list-text\">AS Nitra - Dopravno-prev\u00e1dzkov\u00fd poriadok<\/span>\n\t\t\t\t\t\t\t\t\t\t\t<\/a>\n\t\t\t\t\t\t\t\t\t<\/li>\n\t\t\t\t\t\t\t\t<li class=\"elementor-icon-list-item\">\n\t\t\t\t\t\t\t\t\t\t\t<a href=\"https:\/\/arriva.sk\/files\/nr\/dokumenty\/PP_ASZM.pdf\" target=\"_blank\">\n\n\t\t\t\t\t\t\t\t\t\t\t\t<span class=\"elementor-icon-list-icon\">\n\t\t\t\t\t\t\t<i aria-hidden=\"true\" class=\"fas fa-file-pdf\"><\/i>\t\t\t\t\t\t<\/span>\n\t\t\t\t\t\t\t\t\t\t<span class=\"elementor-icon-list-text\">AS Zlat\u00e9 Moravce - Dopravno-prev\u00e1dzkov\u00fd poriadok<\/span>\n\t\t\t\t\t\t\t\t\t\t\t<\/a>\n\t\t\t\t\t\t\t\t\t<\/li>\n\t\t\t\t\t\t\t\t<li class=\"elementor-icon-list-item\">\n\t\t\t\t\t\t\t\t\t\t\t<a href=\"https:\/\/arriva.sk\/files\/nr\/dokumenty\/PP_ASVR.pdf\" target=\"_blank\">\n\n\t\t\t\t\t\t\t\t\t\t\t\t<span class=\"elementor-icon-list-icon\">\n\t\t\t\t\t\t\t<i aria-hidden=\"true\" class=\"fas fa-file-pdf\"><\/i>\t\t\t\t\t\t<\/span>\n\t\t\t\t\t\t\t\t\t\t<span class=\"elementor-icon-list-text\">AS Vr\u00e1ble - Dopravno-prev\u00e1dzkov\u00fd poriadok<\/span>\n\t\t\t\t\t\t\t\t\t\t\t<\/a>\n\t\t\t\t\t\t\t\t\t<\/li>\n\t\t\t\t\t\t\t\t<li class=\"elementor-icon-list-item\">\n\t\t\t\t\t\t\t\t\t\t\t<a href=\"https:\/\/arriva.sk\/files\/nr\/dokumenty\/Cenn%C3%ADk_vstupov_AS.pdf\" target=\"_blank\">\n\n\t\t\t\t\t\t\t\t\t\t\t\t<span class=\"elementor-icon-list-icon\">\n\t\t\t\t\t\t\t<i aria-hidden=\"true\" class=\"fas fa-file-pdf\"><\/i>\t\t\t\t\t\t<\/span>\n\t\t\t\t\t\t\t\t\t\t<span class=\"elementor-icon-list-text\">Cenn\u00edk za u\u017e\u00edvanie autobusov\u00fdch stan\u00edc<\/span>\n\t\t\t\t\t\t\t\t\t\t\t<\/a>\n\t\t\t\t\t\t\t\t\t<\/li>\n\t\t\t\t\t\t<\/ul>\n\t\t\t\t\t\t<\/div>\n\t\t\t\t<\/div>\n\t\t\t\t\t<\/div>\n\t\t<\/div>\n\t\t\t\t\t<\/div>\n\t\t<\/section>\n\t\t\t\t<\/div>\n\t\t","protected":false},"excerpt":{"rendered":"<p>Slu\u017eby pre dopravcov AS Nitra &#8211; Dopravno-prev\u00e1dzkov\u00fd poriadok AS Zlat\u00e9 Moravce &#8211; Dopravno-prev\u00e1dzkov\u00fd poriadok AS Vr\u00e1ble &#8211; Dopravno-prev\u00e1dzkov\u00fd poriadok Cenn\u00edk za u\u017e\u00edvanie autobusov\u00fdch stan\u00edc<\/p>\n","protected":false},"author":1,"featured_media":0,"parent":0,"menu_order":0,"comment_status":"closed","ping_status":"closed","template":"","meta":{"_acf_changed":false,"footnotes":""},"class_list":["post-28510","page","type-page","status-publish","hentry"],"acf":[],"yoast_head":"<!-- This site is optimized with the Yoast SEO plugin v27.2 - https:\/\/yoast.com\/product\/yoast-seo-wordpress\/ -->\n<title>Autobusov\u00e9 stanice AS Nitra, AS Zlat\u00e9 Moravce, AS Vr\u00e1ble<\/title>\n<meta name=\"description\" content=\"Dopravno-prev\u00e1dzkov\u00e9 poriadky - AS Nitra, AS Zlat\u00e9 Moravce, AS Vr\u00e1ble\" \/>\n<meta name=\"robots\" content=\"index, follow, max-snippet:-1, max-image-preview:large, max-video-preview:-1\" \/>\n<link rel=\"canonical\" href=\"https:\/\/arriva.sk\/nitra\/sluzby-pre-dopravcov\/\" \/>\n<meta property=\"og:locale\" content=\"sk_SK\" \/>\n<meta property=\"og:type\" content=\"article\" \/>\n<meta property=\"og:title\" content=\"Pr\u00edmestsk\u00e1 verejn\u00e1 doprava v 4 regi\u00f3noch \u2013 Bratislava, Malacky, Senec a \u0160amor\u00edn.\" \/>\n<meta property=\"og:description\" content=\"ARRIVA Mobility Solutions, s.r.o. zabezpe\u010duje v Bratislavskom kraji pr\u00edmestsk\u00fa verejn\u00fa dopravu v 4 regi\u00f3noch \u2013 Bratislava, Malacky, Senec a \u0160amor\u00edn.\" \/>\n<meta property=\"og:url\" content=\"https:\/\/arriva.sk\/nitra\/sluzby-pre-dopravcov\/\" \/>\n<meta property=\"og:site_name\" content=\"ARRIVA Nitra\" \/>\n<meta property=\"article:modified_time\" content=\"2026-04-20T13:30:43+00:00\" \/>\n<meta property=\"og:image\" content=\"https:\/\/arriva.sk\/nitra\/wp-content\/uploads\/sites\/16\/2021\/11\/01.png\" \/>\n\t<meta property=\"og:image:width\" content=\"932\" \/>\n\t<meta property=\"og:image:height\" content=\"809\" \/>\n\t<meta property=\"og:image:type\" content=\"image\/png\" \/>\n<meta name=\"twitter:card\" content=\"summary_large_image\" \/>\n<meta name=\"twitter:label1\" content=\"Predpokladan\u00fd \u010das \u010d\u00edtania\" \/>\n\t<meta name=\"twitter:data1\" content=\"1 min\u00fata\" \/>\n<script type=\"application\/ld+json\" class=\"yoast-schema-graph\">{\"@context\":\"https:\/\/schema.org\",\"@graph\":[{\"@type\":\"WebPage\",\"@id\":\"https:\/\/arriva.sk\/nitra\/sluzby-pre-dopravcov\/\",\"url\":\"https:\/\/arriva.sk\/nitra\/sluzby-pre-dopravcov\/\",\"name\":\"Autobusov\u00e9 stanice AS Nitra, AS Zlat\u00e9 Moravce, AS Vr\u00e1ble\",\"isPartOf\":{\"@id\":\"https:\/\/arriva.sk\/nitra\/#website\"},\"primaryImageOfPage\":{\"@id\":\"https:\/\/arriva.sk\/nitra\/sluzby-pre-dopravcov\/#primaryimage\"},\"image\":{\"@id\":\"https:\/\/arriva.sk\/nitra\/sluzby-pre-dopravcov\/#primaryimage\"},\"thumbnailUrl\":\"https:\/\/arriva.sk\/nitra\/wp-content\/uploads\/sites\/16\/2023\/06\/05-1030x688-1.jpg\",\"datePublished\":\"2023-07-18T07:07:54+00:00\",\"dateModified\":\"2026-04-20T13:30:43+00:00\",\"description\":\"Dopravno-prev\u00e1dzkov\u00e9 poriadky - AS Nitra, AS Zlat\u00e9 Moravce, AS Vr\u00e1ble\",\"breadcrumb\":{\"@id\":\"https:\/\/arriva.sk\/nitra\/sluzby-pre-dopravcov\/#breadcrumb\"},\"inLanguage\":\"sk-SK\",\"potentialAction\":[{\"@type\":\"ReadAction\",\"target\":[\"https:\/\/arriva.sk\/nitra\/sluzby-pre-dopravcov\/\"]}]},{\"@type\":\"ImageObject\",\"inLanguage\":\"sk-SK\",\"@id\":\"https:\/\/arriva.sk\/nitra\/sluzby-pre-dopravcov\/#primaryimage\",\"url\":\"https:\/\/arriva.sk\/nitra\/wp-content\/uploads\/sites\/16\/2023\/06\/05-1030x688-1.jpg\",\"contentUrl\":\"https:\/\/arriva.sk\/nitra\/wp-content\/uploads\/sites\/16\/2023\/06\/05-1030x688-1.jpg\",\"width\":1030,\"height\":688},{\"@type\":\"BreadcrumbList\",\"@id\":\"https:\/\/arriva.sk\/nitra\/sluzby-pre-dopravcov\/#breadcrumb\",\"itemListElement\":[{\"@type\":\"ListItem\",\"position\":1,\"name\":\"Home\",\"item\":\"https:\/\/arriva.sk\/nitra\/\"},{\"@type\":\"ListItem\",\"position\":2,\"name\":\"Slu\u017eby pre dopravcov\"}]},{\"@type\":\"WebSite\",\"@id\":\"https:\/\/arriva.sk\/nitra\/#website\",\"url\":\"https:\/\/arriva.sk\/nitra\/\",\"name\":\"ARRIVA Nitra\",\"description\":\"Autobusov\u00e1 doprava v nitrianskom regi\u00f3ne\",\"publisher\":{\"@id\":\"https:\/\/arriva.sk\/nitra\/#organization\"},\"potentialAction\":[{\"@type\":\"SearchAction\",\"target\":{\"@type\":\"EntryPoint\",\"urlTemplate\":\"https:\/\/arriva.sk\/nitra\/?s={search_term_string}\"},\"query-input\":{\"@type\":\"PropertyValueSpecification\",\"valueRequired\":true,\"valueName\":\"search_term_string\"}}],\"inLanguage\":\"sk-SK\"},{\"@type\":\"Organization\",\"@id\":\"https:\/\/arriva.sk\/nitra\/#organization\",\"name\":\"ARRIVA Nitra\",\"url\":\"https:\/\/arriva.sk\/nitra\/\",\"logo\":{\"@type\":\"ImageObject\",\"inLanguage\":\"sk-SK\",\"@id\":\"https:\/\/arriva.sk\/nitra\/#\/schema\/logo\/image\/\",\"url\":\"https:\/\/arriva.sk\/nitra2\/wp-content\/uploads\/sites\/16\/2021\/11\/logo-nitra.png\",\"contentUrl\":\"https:\/\/arriva.sk\/nitra2\/wp-content\/uploads\/sites\/16\/2021\/11\/logo-nitra.png\",\"width\":300,\"height\":90,\"caption\":\"ARRIVA Nitra\"},\"image\":{\"@id\":\"https:\/\/arriva.sk\/nitra\/#\/schema\/logo\/image\/\"}}]}<\/script>\n<!-- \/ Yoast SEO plugin. -->","yoast_head_json":{"title":"Autobusov\u00e9 stanice AS Nitra, AS Zlat\u00e9 Moravce, AS Vr\u00e1ble","description":"Dopravno-prev\u00e1dzkov\u00e9 poriadky - AS Nitra, AS Zlat\u00e9 Moravce, AS Vr\u00e1ble","robots":{"index":"index","follow":"follow","max-snippet":"max-snippet:-1","max-image-preview":"max-image-preview:large","max-video-preview":"max-video-preview:-1"},"canonical":"https:\/\/arriva.sk\/nitra\/sluzby-pre-dopravcov\/","og_locale":"sk_SK","og_type":"article","og_title":"Pr\u00edmestsk\u00e1 verejn\u00e1 doprava v 4 regi\u00f3noch \u2013 Bratislava, Malacky, Senec a \u0160amor\u00edn.","og_description":"ARRIVA Mobility Solutions, s.r.o. zabezpe\u010duje v Bratislavskom kraji pr\u00edmestsk\u00fa verejn\u00fa dopravu v 4 regi\u00f3noch \u2013 Bratislava, Malacky, Senec a \u0160amor\u00edn.","og_url":"https:\/\/arriva.sk\/nitra\/sluzby-pre-dopravcov\/","og_site_name":"ARRIVA Nitra","article_modified_time":"2026-04-20T13:30:43+00:00","og_image":[{"width":932,"height":809,"url":"https:\/\/arriva.sk\/nitra\/wp-content\/uploads\/sites\/16\/2021\/11\/01.png","type":"image\/png"}],"twitter_card":"summary_large_image","twitter_misc":{"Predpokladan\u00fd \u010das \u010d\u00edtania":"1 min\u00fata"},"schema":{"@context":"https:\/\/schema.org","@graph":[{"@type":"WebPage","@id":"https:\/\/arriva.sk\/nitra\/sluzby-pre-dopravcov\/","url":"https:\/\/arriva.sk\/nitra\/sluzby-pre-dopravcov\/","name":"Autobusov\u00e9 stanice AS Nitra, AS Zlat\u00e9 Moravce, AS Vr\u00e1ble","isPartOf":{"@id":"https:\/\/arriva.sk\/nitra\/#website"},"primaryImageOfPage":{"@id":"https:\/\/arriva.sk\/nitra\/sluzby-pre-dopravcov\/#primaryimage"},"image":{"@id":"https:\/\/arriva.sk\/nitra\/sluzby-pre-dopravcov\/#primaryimage"},"thumbnailUrl":"https:\/\/arriva.sk\/nitra\/wp-content\/uploads\/sites\/16\/2023\/06\/05-1030x688-1.jpg","datePublished":"2023-07-18T07:07:54+00:00","dateModified":"2026-04-20T13:30:43+00:00","description":"Dopravno-prev\u00e1dzkov\u00e9 poriadky - AS Nitra, AS Zlat\u00e9 Moravce, AS Vr\u00e1ble","breadcrumb":{"@id":"https:\/\/arriva.sk\/nitra\/sluzby-pre-dopravcov\/#breadcrumb"},"inLanguage":"sk-SK","potentialAction":[{"@type":"ReadAction","target":["https:\/\/arriva.sk\/nitra\/sluzby-pre-dopravcov\/"]}]},{"@type":"ImageObject","inLanguage":"sk-SK","@id":"https:\/\/arriva.sk\/nitra\/sluzby-pre-dopravcov\/#primaryimage","url":"https:\/\/arriva.sk\/nitra\/wp-content\/uploads\/sites\/16\/2023\/06\/05-1030x688-1.jpg","contentUrl":"https:\/\/arriva.sk\/nitra\/wp-content\/uploads\/sites\/16\/2023\/06\/05-1030x688-1.jpg","width":1030,"height":688},{"@type":"BreadcrumbList","@id":"https:\/\/arriva.sk\/nitra\/sluzby-pre-dopravcov\/#breadcrumb","itemListElement":[{"@type":"ListItem","position":1,"name":"Home","item":"https:\/\/arriva.sk\/nitra\/"},{"@type":"ListItem","position":2,"name":"Slu\u017eby pre dopravcov"}]},{"@type":"WebSite","@id":"https:\/\/arriva.sk\/nitra\/#website","url":"https:\/\/arriva.sk\/nitra\/","name":"ARRIVA Nitra","description":"Autobusov\u00e1 doprava v nitrianskom regi\u00f3ne","publisher":{"@id":"https:\/\/arriva.sk\/nitra\/#organization"},"potentialAction":[{"@type":"SearchAction","target":{"@type":"EntryPoint","urlTemplate":"https:\/\/arriva.sk\/nitra\/?s={search_term_string}"},"query-input":{"@type":"PropertyValueSpecification","valueRequired":true,"valueName":"search_term_string"}}],"inLanguage":"sk-SK"},{"@type":"Organization","@id":"https:\/\/arriva.sk\/nitra\/#organization","name":"ARRIVA Nitra","url":"https:\/\/arriva.sk\/nitra\/","logo":{"@type":"ImageObject","inLanguage":"sk-SK","@id":"https:\/\/arriva.sk\/nitra\/#\/schema\/logo\/image\/","url":"https:\/\/arriva.sk\/nitra2\/wp-content\/uploads\/sites\/16\/2021\/11\/logo-nitra.png","contentUrl":"https:\/\/arriva.sk\/nitra2\/wp-content\/uploads\/sites\/16\/2021\/11\/logo-nitra.png","width":300,"height":90,"caption":"ARRIVA Nitra"},"image":{"@id":"https:\/\/arriva.sk\/nitra\/#\/schema\/logo\/image\/"}}]}},"_links":{"self":[{"href":"https:\/\/arriva.sk\/nitra\/wp-json\/wp\/v2\/pages\/28510","targetHints":{"allow":["GET"]}}],"collection":[{"href":"https:\/\/arriva.sk\/nitra\/wp-json\/wp\/v2\/pages"}],"about":[{"href":"https:\/\/arriva.sk\/nitra\/wp-json\/wp\/v2\/types\/page"}],"author":[{"embeddable":true,"href":"https:\/\/arriva.sk\/nitra\/wp-json\/wp\/v2\/users\/1"}],"replies":[{"embeddable":true,"href":"https:\/\/arriva.sk\/nitra\/wp-json\/wp\/v2\/comments?post=28510"}],"version-history":[{"count":6,"href":"https:\/\/arriva.sk\/nitra\/wp-json\/wp\/v2\/pages\/28510\/revisions"}],"predecessor-version":[{"id":31711,"href":"https:\/\/arriva.sk\/nitra\/wp-json\/wp\/v2\/pages\/28510\/revisions\/31711"}],"wp:attachment":[{"href":"https:\/\/arriva.sk\/nitra\/wp-json\/wp\/v2\/media?parent=28510"}],"curies":[{"name":"wp","href":"https:\/\/api.w.org\/{rel}","templated":true}]}}