{"id":28225,"date":"2023-06-18T10:22:38","date_gmt":"2023-06-18T10:22:38","guid":{"rendered":"https:\/\/arriva.sk\/nitra2\/?page_id=28225"},"modified":"2025-10-02T08:17:21","modified_gmt":"2025-10-02T06:17:21","slug":"cestovne-poriadky","status":"publish","type":"page","link":"https:\/\/arriva.sk\/nitra\/mestska-doprava\/cestovne-poriadky\/","title":{"rendered":"Cestovn\u00e9 poriadky MAD"},"content":{"rendered":"\t\t<div data-elementor-type=\"wp-page\" data-elementor-id=\"28225\" class=\"elementor elementor-28225\" data-elementor-post-type=\"page\">\n\t\t\t\t\t\t<section class=\"elementor-section elementor-top-section elementor-element elementor-element-1b030892 elementor-section-content-middle elementor-reverse-mobile elementor-section-boxed elementor-section-height-default elementor-section-height-default\" data-id=\"1b030892\" data-element_type=\"section\" data-e-type=\"section\">\n\t\t\t\t\t\t<div class=\"elementor-container elementor-column-gap-default\">\n\t\t\t\t\t<div class=\"elementor-column elementor-col-50 elementor-top-column elementor-element elementor-element-3db26e50\" data-id=\"3db26e50\" data-element_type=\"column\" data-e-type=\"column\">\n\t\t\t<div class=\"elementor-widget-wrap elementor-element-populated\">\n\t\t\t\t\t\t<div class=\"elementor-element elementor-element-68ea72e8 elementor-widget elementor-widget-heading\" data-id=\"68ea72e8\" data-element_type=\"widget\" data-e-type=\"widget\" data-widget_type=\"heading.default\">\n\t\t\t\t<div class=\"elementor-widget-container\">\n\t\t\t\t\t<h2 class=\"elementor-heading-title elementor-size-default\">Cestovn\u00e9 poriadky - MAD<\/h2>\t\t\t\t<\/div>\n\t\t\t\t<\/div>\n\t\t\t\t<div class=\"elementor-element elementor-element-73ea0558 elementor-widget elementor-widget-text-editor\" data-id=\"73ea0558\" data-element_type=\"widget\" data-e-type=\"widget\" data-widget_type=\"text-editor.default\">\n\t\t\t\t<div class=\"elementor-widget-container\">\n\t\t\t\t\t\t\t\t\tCestovn\u00fd poriadok pon\u00faka s\u00fahrnn\u00fd preh\u013ead v\u0161etk\u00fdch spojov danej linky. Vyh\u013eadajte si spojenie alebo n\u00e1jdite cestovn\u00fd poriadok v\u00e1\u0161ho spoja\t\t\t\t\t\t\t\t<\/div>\n\t\t\t\t<\/div>\n\t\t\t\t<section class=\"elementor-section elementor-inner-section elementor-element elementor-element-5eb23f5c elementor-section-boxed elementor-section-height-default elementor-section-height-default\" data-id=\"5eb23f5c\" data-element_type=\"section\" data-e-type=\"section\">\n\t\t\t\t\t\t<div class=\"elementor-container elementor-column-gap-default\">\n\t\t\t\t\t<div class=\"elementor-column elementor-col-50 elementor-inner-column elementor-element elementor-element-7a162822\" data-id=\"7a162822\" data-element_type=\"column\" data-e-type=\"column\">\n\t\t\t<div class=\"elementor-widget-wrap elementor-element-populated\">\n\t\t\t\t\t\t<div class=\"elementor-element elementor-element-c514e9c elementor-align-left elementor-widget elementor-widget-button\" data-id=\"c514e9c\" data-element_type=\"widget\" data-e-type=\"widget\" data-widget_type=\"button.default\">\n\t\t\t\t<div class=\"elementor-widget-container\">\n\t\t\t\t\t\t\t\t\t<div class=\"elementor-button-wrapper\">\n\t\t\t\t\t<a class=\"elementor-button elementor-button-link elementor-size-md\" href=\"#cp\" id=\"#infolinka\">\n\t\t\t\t\t\t<span class=\"elementor-button-content-wrapper\">\n\t\t\t\t\t\t<span class=\"elementor-button-icon\">\n\t\t\t\t<i aria-hidden=\"true\" class=\"fas fa-long-arrow-alt-right\"><\/i>\t\t\t<\/span>\n\t\t\t\t\t\t\t\t\t<span class=\"elementor-button-text\">Cestovn\u00e9 poriadky<\/span>\n\t\t\t\t\t<\/span>\n\t\t\t\t\t<\/a>\n\t\t\t\t<\/div>\n\t\t\t\t\t\t\t\t<\/div>\n\t\t\t\t<\/div>\n\t\t\t\t\t<\/div>\n\t\t<\/div>\n\t\t\t\t<div class=\"elementor-column elementor-col-50 elementor-inner-column elementor-element elementor-element-30c4762a\" data-id=\"30c4762a\" data-element_type=\"column\" data-e-type=\"column\">\n\t\t\t<div class=\"elementor-widget-wrap elementor-element-populated\">\n\t\t\t\t\t\t<div class=\"elementor-element elementor-element-143c520b elementor-align-left elementor-widget elementor-widget-button\" data-id=\"143c520b\" data-element_type=\"widget\" data-e-type=\"widget\" data-widget_type=\"button.default\">\n\t\t\t\t<div class=\"elementor-widget-container\">\n\t\t\t\t\t\t\t\t\t<div class=\"elementor-button-wrapper\">\n\t\t\t\t\t<a class=\"elementor-button elementor-button-link elementor-size-md\" href=\"https:\/\/arriva.sk\/nitra\/doprava\/#prepravne-poriadky\" target=\"_blank\" id=\"#infolinka\">\n\t\t\t\t\t\t<span class=\"elementor-button-content-wrapper\">\n\t\t\t\t\t\t<span class=\"elementor-button-icon\">\n\t\t\t\t<i aria-hidden=\"true\" class=\"fas fa-file-pdf\"><\/i>\t\t\t<\/span>\n\t\t\t\t\t\t\t\t\t<span class=\"elementor-button-text\">Prepravn\u00fd poriadok<\/span>\n\t\t\t\t\t<\/span>\n\t\t\t\t\t<\/a>\n\t\t\t\t<\/div>\n\t\t\t\t\t\t\t\t<\/div>\n\t\t\t\t<\/div>\n\t\t\t\t\t<\/div>\n\t\t<\/div>\n\t\t\t\t\t<\/div>\n\t\t<\/section>\n\t\t\t\t\t<\/div>\n\t\t<\/div>\n\t\t\t\t<div class=\"elementor-column elementor-col-50 elementor-top-column elementor-element elementor-element-7d95b47b\" data-id=\"7d95b47b\" data-element_type=\"column\" data-e-type=\"column\">\n\t\t\t<div class=\"elementor-widget-wrap elementor-element-populated\">\n\t\t\t\t\t\t<div class=\"elementor-element elementor-element-2460c8b8 elementor-widget elementor-widget-image\" data-id=\"2460c8b8\" data-element_type=\"widget\" data-e-type=\"widget\" data-widget_type=\"image.default\">\n\t\t\t\t<div class=\"elementor-widget-container\">\n\t\t\t\t\t\t\t\t\t\t\t\t\t\t\t<img fetchpriority=\"high\" decoding=\"async\" width=\"800\" height=\"533\" src=\"https:\/\/arriva.sk\/nitra\/wp-content\/uploads\/sites\/16\/2025\/07\/Autobus_repka-1030x686.jpg\" class=\"attachment-large size-large wp-image-31220\" alt=\"\" srcset=\"https:\/\/arriva.sk\/nitra\/wp-content\/uploads\/sites\/16\/2025\/07\/Autobus_repka-1030x686.jpg 1030w, https:\/\/arriva.sk\/nitra\/wp-content\/uploads\/sites\/16\/2025\/07\/Autobus_repka-300x200.jpg 300w, https:\/\/arriva.sk\/nitra\/wp-content\/uploads\/sites\/16\/2025\/07\/Autobus_repka-768x512.jpg 768w, https:\/\/arriva.sk\/nitra\/wp-content\/uploads\/sites\/16\/2025\/07\/Autobus_repka-1536x1024.jpg 1536w, https:\/\/arriva.sk\/nitra\/wp-content\/uploads\/sites\/16\/2025\/07\/Autobus_repka-1320x880.jpg 1320w, https:\/\/arriva.sk\/nitra\/wp-content\/uploads\/sites\/16\/2025\/07\/Autobus_repka.jpg 2048w\" sizes=\"(max-width: 800px) 100vw, 800px\" \/>\t\t\t\t\t\t\t\t\t\t\t\t\t\t\t<\/div>\n\t\t\t\t<\/div>\n\t\t\t\t\t<\/div>\n\t\t<\/div>\n\t\t\t\t\t<\/div>\n\t\t<\/section>\n\t\t\t\t<section class=\"elementor-section elementor-top-section elementor-element elementor-element-18777a0d elementor-section-stretched elementor-section-boxed elementor-section-height-default elementor-section-height-default\" data-id=\"18777a0d\" data-element_type=\"section\" data-e-type=\"section\" id=\"cp\" data-settings=\"{&quot;background_background&quot;:&quot;classic&quot;,&quot;stretch_section&quot;:&quot;section-stretched&quot;}\">\n\t\t\t\t\t\t\t<div class=\"elementor-background-overlay\"><\/div>\n\t\t\t\t\t\t\t<div class=\"elementor-container elementor-column-gap-no\">\n\t\t\t\t\t<div class=\"elementor-column elementor-col-100 elementor-top-column elementor-element elementor-element-18ef108c\" data-id=\"18ef108c\" data-element_type=\"column\" data-e-type=\"column\">\n\t\t\t<div class=\"elementor-widget-wrap elementor-element-populated\">\n\t\t\t\t\t\t<div class=\"elementor-element elementor-element-5c89e03e elementor-widget elementor-widget-heading\" data-id=\"5c89e03e\" data-element_type=\"widget\" data-e-type=\"widget\" id=\"nitra\" data-widget_type=\"heading.default\">\n\t\t\t\t<div class=\"elementor-widget-container\">\n\t\t\t\t\t<h2 class=\"elementor-heading-title elementor-size-default\">Cestovn\u00e9 poriadky mestskej autobusovej dopravy:<\/h2>\t\t\t\t<\/div>\n\t\t\t\t<\/div>\n\t\t\t\t<div class=\"elementor-element elementor-element-78d1582f elementor-widget elementor-widget-heading\" data-id=\"78d1582f\" data-element_type=\"widget\" data-e-type=\"widget\" id=\"vrable\" data-widget_type=\"heading.default\">\n\t\t\t\t<div class=\"elementor-widget-container\">\n\t\t\t\t\t<h2 class=\"elementor-heading-title elementor-size-default\">Vr\u00e1ble<\/h2>\t\t\t\t<\/div>\n\t\t\t\t<\/div>\n\t\t\t\t<div class=\"elementor-element elementor-element-7a590e5b elementor-widget__width-inherit elementor-widget elementor-widget-shortcode\" data-id=\"7a590e5b\" data-element_type=\"widget\" data-e-type=\"widget\" data-widget_type=\"shortcode.default\">\n\t\t\t\t<div class=\"elementor-widget-container\">\n\t\t\t\t\t\t\t<div class=\"elementor-shortcode\"><div class=\"wptb-container-legacy\" data-table-id=\"28320\">\n    <table class=\"wptb-preview-table wptb-element-main-table_setting-28320\" style=\"border-spacing: 3px 3px; border-collapse: collapse !important; min-width: 100%; \" data-border-spacing-columns=\"3\" data-border-spacing-rows=\"3\" data-reconstraction=\"1\" data-wptb-table-directives=\"eyJpbm5lckJvcmRlcnMiOnsiYWN0aXZlIjoiYWxsIiwiYm9yZGVyV2lkdGgiOjAsImJvcmRlclJhZGl1c2VzIjp7ImFsbCI6MCwicm93IjowLCJjb2x1bW4iOjB9fX0=\" data-wptb-responsive-directives=\"eyJyZXNwb25zaXZlRW5hYmxlZCI6dHJ1ZSwicmVzcG9uc2l2ZU1vZGUiOiJhdXRvIiwicmVsYXRpdmVXaWR0aCI6IndpbmRvdyIsInByZXNlcnZlUm93Q29sb3IiOmZhbHNlLCJoZWFkZXJGdWxseU1lcmdlZCI6ZmFsc2UsImJyZWFrcG9pbnRzIjp7ImRlc2t0b3AiOnsibmFtZSI6ImRlc2t0b3AiLCJ3aWR0aCI6MTAyNH0sInRhYmxldCI6eyJuYW1lIjoidGFibGV0Iiwid2lkdGgiOjcwMH0sIm1vYmlsZSI6eyJuYW1lIjoibW9iaWxlIiwid2lkdGgiOjMwMH19LCJtb2RlT3B0aW9ucyI6eyJhdXRvIjp7ImRpc2FibGVkIjp7ImRlc2t0b3AiOmZhbHNlLCJ0YWJsZXQiOmZhbHNlLCJtb2JpbGUiOmZhbHNlfSwidG9wUm93QXNIZWFkZXIiOnsiZGVza3RvcCI6ZmFsc2UsInRhYmxldCI6dHJ1ZSwibW9iaWxlIjp0cnVlfSwicmVwZWF0TWVyZ2VkSGVhZGVyIjp7ImRlc2t0b3AiOnRydWUsInRhYmxldCI6dHJ1ZSwibW9iaWxlIjp0cnVlfSwic3RhdGljVG9wUm93Ijp7ImRlc2t0b3AiOmZhbHNlLCJ0YWJsZXQiOmZhbHNlLCJtb2JpbGUiOmZhbHNlfSwiY2VsbFN0YWNrRGlyZWN0aW9uIjp7ImRlc2t0b3AiOiJyb3ciLCJ0YWJsZXQiOiJyb3ciLCJtb2JpbGUiOiJyb3cifSwiY2VsbHNQZXJSb3ciOnsiZGVza3RvcCI6MSwidGFibGV0IjoxLCJtb2JpbGUiOjF9fX19\" data-wptb-cells-width-auto-count=\"3\" data-wptb-apply-table-container-max-width=\"1\" data-wptb-table-container-max-width=\"900\" data-wptb-extra-styles=\"LyogRW50ZXIgeW91ciBjdXN0b20gQ1NTIHJ1bGVzIGhlcmUgKi8=\" data-wptb-pro-pagination-top-row-header=\"false\" data-wptb-rows-per-page=\"10\" data-wptb-pro-search-top-row-header=\"false\" data-wptb-searchbar-position=\"left\" role=\"table\" data-table-columns=\"3\" data-wptb-table-alignment=\"center\" data-wptb-td-width-auto=\"10\" data-wptb-table-tds-sum-max-width=\"766\" data-disable-theme-styles=\"1\" ><tbody data-global-font-size=\"15\" ><tr  class=\"wptb-row \" style=\"\"><td class=\"wptb-cell \" colspan=\"1\" rowspan=\"1\" style=\"padding: 11px; width: 100px; border-radius: 0px; \" data-y-index=\"0\" data-x-index=\"0\" data-wptb-css-td-auto-width=\"false\" data-wptb-css-td-auto-height=\"true\" data-wptb-cell-vertical-alignment=\"center\" ><div class=\"wptb-text-container wptb-ph-element wptb-element-text-597\" style=\"color: rgb(0, 0, 0); font-size: 15px; \"><div style=\"position: relative;\"><p><strong>Linka<\/strong><\/p><\/div><\/div><\/td><td class=\"wptb-cell \" colspan=\"1\" rowspan=\"1\" style=\"padding: 11px; width: 500px; border-radius: 0px; \" data-y-index=\"0\" data-x-index=\"1\" data-wptb-css-td-auto-width=\"false\" data-wptb-css-td-auto-height=\"true\" data-wptb-cell-vertical-alignment=\"center\" ><div class=\"wptb-text-container wptb-ph-element wptb-element-text-598\" style=\"color: rgb(0, 0, 0); font-size: 15px; \"><div style=\"position: relative;\"><p><strong>Trasa<\/strong><\/p><\/div><\/div><\/td><td class=\"wptb-cell \" colspan=\"1\" rowspan=\"1\" style=\"padding: 11px; width: 100px; border-radius: 0px; \" data-y-index=\"0\" data-x-index=\"2\" data-wptb-css-td-auto-width=\"false\" data-wptb-css-td-auto-height=\"true\" data-wptb-cell-vertical-alignment=\"center\" ><div class=\"wptb-text-container wptb-ph-element wptb-element-text-599\" style=\"color: rgb(0, 0, 0); font-size: 15px; \"><div style=\"position: relative;\"><p><strong>Linkov\u00fd CP<br><\/strong><\/p><\/div><\/div><\/td><\/tr><tr  class=\"wptb-row \" style=\"\"><td class=\"wptb-cell \" colspan=\"1\" rowspan=\"1\" style=\"padding: 11px; width: 100px; border-radius: 0px; \" data-y-index=\"1\" data-x-index=\"0\" data-wptb-css-td-auto-width=\"false\" data-wptb-css-td-auto-height=\"true\" data-wptb-cell-vertical-alignment=\"center\" ><div class=\"wptb-text-container wptb-ph-element wptb-element-text-600\" style=\"color: rgb(74, 85, 104); font-size: 15px; \"><div style=\"position: relative;\"><p>403 151<\/p><p><\/p><\/div><\/div><\/td><td class=\"wptb-cell \" colspan=\"1\" rowspan=\"1\" style=\"padding: 11px; width: 500px; border-radius: 0px; \" data-y-index=\"1\" data-x-index=\"1\" data-wptb-css-td-auto-width=\"false\" data-wptb-css-td-auto-height=\"true\" data-wptb-cell-vertical-alignment=\"center\" ><div class=\"wptb-text-container wptb-ph-element wptb-element-text-601\" style=\"color: rgb(74, 85, 104); font-size: 15px; \"><div style=\"position: relative;\"><p>Vr\u00e1ble \u2013 Vr\u00e1ble, \u017del. stanica<\/p><\/div><\/div><\/td><td class=\"wptb-cell \" colspan=\"1\" rowspan=\"1\" style=\"padding: 11px; width: 100px; border-radius: 0px; \" data-y-index=\"1\" data-x-index=\"2\" data-wptb-css-td-auto-width=\"false\" data-wptb-css-td-auto-height=\"true\" data-wptb-cell-vertical-alignment=\"center\" ><div class=\"wptb-button-container wptb-ph-element wptb-element-button-1 edit-active\" style=\"\"><div class=\"wptb-button-wrapper wptb-size-m\" style=\"justify-content: flex-start\"><a class=\"wptb-link-target\" id=\"\" style=\"width: 100%;\" href=\"https:\/\/arriva.sk\/files\/nr\/cp\/mhd\/vrable\/2024\/403151.pdf\" target=\"_blank\" ><div class=\"wptb-button wptb-plugin-button-order-left\" style=\"position: relative;border-radius: 11px; background-color: #FFFFFF00; color: #D0021BFF; justify-content: center; \" data-wptb-element-bg-color=\"#FFFFFF00\" data-wptb-element-color=\"#D0021BFF\" data-wptb-element-hover-bg-color=\"null\" data-wptb-element-hover-text-color=\"null\" data-wptb-element-hover-scale=\"1\" ><p style=\"font-size: 12px; margin-inline: auto !important;\"><br><\/p><div class=\"wptb-button-icon\" data-wptb-button-icon-src=\"file-pdf\" data-wptb-element-hover-bg-color=\"null\" data-wptb-element-hover-text-color=\"null\" data-wptb-element-hover-scale=\"1\"  style=\"width: 25px; height: 25px\"><svg xmlns=\"http:\/\/www.w3.org\/2000\/svg\" viewBox=\"0 0 384 512\"><path d=\"M181.9 256.1c-5-16-4.9-46.9-2-46.9 8.4 0 7.6 36.9 2 46.9zm-1.7 47.2c-7.7 20.2-17.3 43.3-28.4 62.7 18.3-7 39-17.2 62.9-21.9-12.7-9.6-24.9-23.4-34.5-40.8zM86.1 428.1c0 .8 13.2-5.4 34.9-40.2-6.7 6.3-29.1 24.5-34.9 40.2zM248 160h136v328c0 13.3-10.7 24-24 24H24c-13.3 0-24-10.7-24-24V24C0 10.7 10.7 0 24 0h200v136c0 13.2 10.8 24 24 24zm-8 171.8c-20-12.2-33.3-29-42.7-53.8 4.5-18.5 11.6-46.6 6.2-64.2-4.7-29.4-42.4-26.5-47.8-6.8-5 18.3-.4 44.1 8.1 77-11.6 27.6-28.7 64.6-40.8 85.8-.1 0-.1.1-.2.1-27.1 13.9-73.6 44.5-54.5 68 5.6 6.9 16 10 21.5 10 17.9 0 35.7-18 61.1-61.8 25.8-8.5 54.1-19.1 79-23.2 21.7 11.8 47.1 19.5 64 19.5 29.2 0 31.2-32 19.7-43.4-13.9-13.6-54.3-9.7-73.6-7.2zM377 105L279 7c-4.5-4.5-10.6-7-17-7h-6v128h128v-6.1c0-6.3-2.5-12.4-7-16.9zm-74.1 255.3c4.1-2.7-2.5-11.9-42.8-9 37.1 15.8 42.8 9 42.8 9z\"\/><\/svg><\/div><div class=\"wptb-button-label\" style=\"display: none; background-color: rgb(255, 255, 255); \" data-wptb-element-hover-bg-color=\"null\" data-wptb-element-hover-text-color=\"null\" data-wptb-element-hover-scale=\"1\" ><div class=\"wptb-button-label-decorator\" data-wptb-element-hover-bg-color=\"null\" data-wptb-element-hover-text-color=\"null\" data-wptb-element-hover-scale=\"1\"  style=\"border-color: rgba(0, 0, 0, 0) rgb(255, 255, 255) rgba(0, 0, 0, 0) rgba(0, 0, 0, 0);\"><br \/><\/div><div class=\"wptb-button-label-text\" data-wptb-element-hover-bg-color=\"null\" data-wptb-element-hover-text-color=\"null\" data-wptb-element-hover-scale=\"1\" ><\/div><\/div><\/div><\/a><\/div><\/div><\/td><\/tr><\/tbody><\/table>\n<\/div>\n<\/div>\n\t\t\t\t\t\t<\/div>\n\t\t\t\t<\/div>\n\t\t\t\t\t<\/div>\n\t\t<\/div>\n\t\t\t\t\t<\/div>\n\t\t<\/section>\n\t\t\t\t<\/div>\n\t\t","protected":false},"excerpt":{"rendered":"<p>Cestovn\u00e9 poriadky &#8211; MAD Cestovn\u00fd poriadok pon\u00faka s\u00fahrnn\u00fd preh\u013ead v\u0161etk\u00fdch spojov danej linky. Vyh\u013eadajte si spojenie alebo n\u00e1jdite cestovn\u00fd poriadok v\u00e1\u0161ho spoja Cestovn\u00e9 poriadky Prepravn\u00fd poriadok Cestovn\u00e9 poriadky mestskej autobusovej dopravy: Vr\u00e1ble<\/p>\n","protected":false},"author":1,"featured_media":0,"parent":25723,"menu_order":0,"comment_status":"closed","ping_status":"closed","template":"","meta":{"_acf_changed":false,"footnotes":""},"class_list":["post-28225","page","type-page","status-publish","hentry"],"acf":[],"yoast_head":"<!-- This site is optimized with the Yoast SEO plugin v27.2 - https:\/\/yoast.com\/product\/yoast-seo-wordpress\/ -->\n<title>Cestovn\u00e9 poriadky mestskej autobusovej dopravy ARRIVA Nitra<\/title>\n<meta name=\"description\" content=\"Cestovn\u00e9 poriadky a sch\u00e9my mestskej region\u00e1lnej autobusovej dopravy v regi\u00f3noch - Nitra, Zlat\u00e9 Moravce, Topo\u013e\u010dany\" \/>\n<meta name=\"robots\" content=\"index, follow, max-snippet:-1, max-image-preview:large, max-video-preview:-1\" \/>\n<link rel=\"canonical\" href=\"https:\/\/arriva.sk\/nitra\/mestska-doprava\/cestovne-poriadky\/\" \/>\n<meta property=\"og:locale\" content=\"sk_SK\" \/>\n<meta property=\"og:type\" content=\"article\" \/>\n<meta property=\"og:title\" content=\"Cestovn\u00e9 poriadky autobusovej dopravy v Bratislavskom kraji\" \/>\n<meta property=\"og:description\" content=\"Cestovn\u00e9 poriadky a sch\u00e9my mestskej region\u00e1lnej autobusovej dopravy v regi\u00f3noch - Nitra, Zlat\u00e9 Moravce, Topo\u013e\u010dany\" \/>\n<meta property=\"og:url\" content=\"https:\/\/arriva.sk\/nitra\/mestska-doprava\/cestovne-poriadky\/\" \/>\n<meta property=\"og:site_name\" content=\"ARRIVA Nitra\" \/>\n<meta property=\"article:modified_time\" content=\"2025-10-02T06:17:21+00:00\" \/>\n<meta property=\"og:image\" content=\"https:\/\/arriva.sk\/nitra\/wp-content\/uploads\/sites\/16\/2021\/11\/zony.jpg\" \/>\n\t<meta property=\"og:image:width\" content=\"1073\" \/>\n\t<meta property=\"og:image:height\" content=\"1240\" \/>\n\t<meta property=\"og:image:type\" content=\"image\/jpeg\" \/>\n<meta name=\"twitter:card\" content=\"summary_large_image\" \/>\n<meta name=\"twitter:label1\" content=\"Predpokladan\u00fd \u010das \u010d\u00edtania\" \/>\n\t<meta name=\"twitter:data1\" content=\"1 min\u00fata\" \/>\n<script type=\"application\/ld+json\" class=\"yoast-schema-graph\">{\"@context\":\"https:\/\/schema.org\",\"@graph\":[{\"@type\":\"WebPage\",\"@id\":\"https:\/\/arriva.sk\/nitra\/mestska-doprava\/cestovne-poriadky\/\",\"url\":\"https:\/\/arriva.sk\/nitra\/mestska-doprava\/cestovne-poriadky\/\",\"name\":\"Cestovn\u00e9 poriadky mestskej autobusovej dopravy ARRIVA Nitra\",\"isPartOf\":{\"@id\":\"https:\/\/arriva.sk\/nitra\/#website\"},\"primaryImageOfPage\":{\"@id\":\"https:\/\/arriva.sk\/nitra\/mestska-doprava\/cestovne-poriadky\/#primaryimage\"},\"image\":{\"@id\":\"https:\/\/arriva.sk\/nitra\/mestska-doprava\/cestovne-poriadky\/#primaryimage\"},\"thumbnailUrl\":\"https:\/\/arriva.sk\/nitra\/wp-content\/uploads\/sites\/16\/2025\/07\/Autobus_repka-1030x686.jpg\",\"datePublished\":\"2023-06-18T10:22:38+00:00\",\"dateModified\":\"2025-10-02T06:17:21+00:00\",\"description\":\"Cestovn\u00e9 poriadky a sch\u00e9my mestskej region\u00e1lnej autobusovej dopravy v regi\u00f3noch - Nitra, Zlat\u00e9 Moravce, Topo\u013e\u010dany\",\"breadcrumb\":{\"@id\":\"https:\/\/arriva.sk\/nitra\/mestska-doprava\/cestovne-poriadky\/#breadcrumb\"},\"inLanguage\":\"sk-SK\",\"potentialAction\":[{\"@type\":\"ReadAction\",\"target\":[\"https:\/\/arriva.sk\/nitra\/mestska-doprava\/cestovne-poriadky\/\"]}]},{\"@type\":\"ImageObject\",\"inLanguage\":\"sk-SK\",\"@id\":\"https:\/\/arriva.sk\/nitra\/mestska-doprava\/cestovne-poriadky\/#primaryimage\",\"url\":\"https:\/\/arriva.sk\/nitra\/wp-content\/uploads\/sites\/16\/2025\/07\/Autobus_repka.jpg\",\"contentUrl\":\"https:\/\/arriva.sk\/nitra\/wp-content\/uploads\/sites\/16\/2025\/07\/Autobus_repka.jpg\",\"width\":2048,\"height\":1365},{\"@type\":\"BreadcrumbList\",\"@id\":\"https:\/\/arriva.sk\/nitra\/mestska-doprava\/cestovne-poriadky\/#breadcrumb\",\"itemListElement\":[{\"@type\":\"ListItem\",\"position\":1,\"name\":\"Home\",\"item\":\"https:\/\/arriva.sk\/nitra\/\"},{\"@type\":\"ListItem\",\"position\":2,\"name\":\"Mestsk\u00e1 doprava\",\"item\":\"https:\/\/arriva.sk\/nitra\/mestska-doprava\/\"},{\"@type\":\"ListItem\",\"position\":3,\"name\":\"Cestovn\u00e9 poriadky MAD\"}]},{\"@type\":\"WebSite\",\"@id\":\"https:\/\/arriva.sk\/nitra\/#website\",\"url\":\"https:\/\/arriva.sk\/nitra\/\",\"name\":\"ARRIVA Nitra\",\"description\":\"Autobusov\u00e1 doprava v nitrianskom regi\u00f3ne\",\"publisher\":{\"@id\":\"https:\/\/arriva.sk\/nitra\/#organization\"},\"potentialAction\":[{\"@type\":\"SearchAction\",\"target\":{\"@type\":\"EntryPoint\",\"urlTemplate\":\"https:\/\/arriva.sk\/nitra\/?s={search_term_string}\"},\"query-input\":{\"@type\":\"PropertyValueSpecification\",\"valueRequired\":true,\"valueName\":\"search_term_string\"}}],\"inLanguage\":\"sk-SK\"},{\"@type\":\"Organization\",\"@id\":\"https:\/\/arriva.sk\/nitra\/#organization\",\"name\":\"ARRIVA Nitra\",\"url\":\"https:\/\/arriva.sk\/nitra\/\",\"logo\":{\"@type\":\"ImageObject\",\"inLanguage\":\"sk-SK\",\"@id\":\"https:\/\/arriva.sk\/nitra\/#\/schema\/logo\/image\/\",\"url\":\"https:\/\/arriva.sk\/nitra2\/wp-content\/uploads\/sites\/16\/2021\/11\/logo-nitra.png\",\"contentUrl\":\"https:\/\/arriva.sk\/nitra2\/wp-content\/uploads\/sites\/16\/2021\/11\/logo-nitra.png\",\"width\":300,\"height\":90,\"caption\":\"ARRIVA Nitra\"},\"image\":{\"@id\":\"https:\/\/arriva.sk\/nitra\/#\/schema\/logo\/image\/\"}}]}<\/script>\n<!-- \/ Yoast SEO plugin. -->","yoast_head_json":{"title":"Cestovn\u00e9 poriadky mestskej autobusovej dopravy ARRIVA Nitra","description":"Cestovn\u00e9 poriadky a sch\u00e9my mestskej region\u00e1lnej autobusovej dopravy v regi\u00f3noch - Nitra, Zlat\u00e9 Moravce, Topo\u013e\u010dany","robots":{"index":"index","follow":"follow","max-snippet":"max-snippet:-1","max-image-preview":"max-image-preview:large","max-video-preview":"max-video-preview:-1"},"canonical":"https:\/\/arriva.sk\/nitra\/mestska-doprava\/cestovne-poriadky\/","og_locale":"sk_SK","og_type":"article","og_title":"Cestovn\u00e9 poriadky autobusovej dopravy v Bratislavskom kraji","og_description":"Cestovn\u00e9 poriadky a sch\u00e9my mestskej region\u00e1lnej autobusovej dopravy v regi\u00f3noch - Nitra, Zlat\u00e9 Moravce, Topo\u013e\u010dany","og_url":"https:\/\/arriva.sk\/nitra\/mestska-doprava\/cestovne-poriadky\/","og_site_name":"ARRIVA Nitra","article_modified_time":"2025-10-02T06:17:21+00:00","og_image":[{"width":1073,"height":1240,"url":"https:\/\/arriva.sk\/nitra\/wp-content\/uploads\/sites\/16\/2021\/11\/zony.jpg","type":"image\/jpeg"}],"twitter_card":"summary_large_image","twitter_misc":{"Predpokladan\u00fd \u010das \u010d\u00edtania":"1 min\u00fata"},"schema":{"@context":"https:\/\/schema.org","@graph":[{"@type":"WebPage","@id":"https:\/\/arriva.sk\/nitra\/mestska-doprava\/cestovne-poriadky\/","url":"https:\/\/arriva.sk\/nitra\/mestska-doprava\/cestovne-poriadky\/","name":"Cestovn\u00e9 poriadky mestskej autobusovej dopravy ARRIVA Nitra","isPartOf":{"@id":"https:\/\/arriva.sk\/nitra\/#website"},"primaryImageOfPage":{"@id":"https:\/\/arriva.sk\/nitra\/mestska-doprava\/cestovne-poriadky\/#primaryimage"},"image":{"@id":"https:\/\/arriva.sk\/nitra\/mestska-doprava\/cestovne-poriadky\/#primaryimage"},"thumbnailUrl":"https:\/\/arriva.sk\/nitra\/wp-content\/uploads\/sites\/16\/2025\/07\/Autobus_repka-1030x686.jpg","datePublished":"2023-06-18T10:22:38+00:00","dateModified":"2025-10-02T06:17:21+00:00","description":"Cestovn\u00e9 poriadky a sch\u00e9my mestskej region\u00e1lnej autobusovej dopravy v regi\u00f3noch - Nitra, Zlat\u00e9 Moravce, Topo\u013e\u010dany","breadcrumb":{"@id":"https:\/\/arriva.sk\/nitra\/mestska-doprava\/cestovne-poriadky\/#breadcrumb"},"inLanguage":"sk-SK","potentialAction":[{"@type":"ReadAction","target":["https:\/\/arriva.sk\/nitra\/mestska-doprava\/cestovne-poriadky\/"]}]},{"@type":"ImageObject","inLanguage":"sk-SK","@id":"https:\/\/arriva.sk\/nitra\/mestska-doprava\/cestovne-poriadky\/#primaryimage","url":"https:\/\/arriva.sk\/nitra\/wp-content\/uploads\/sites\/16\/2025\/07\/Autobus_repka.jpg","contentUrl":"https:\/\/arriva.sk\/nitra\/wp-content\/uploads\/sites\/16\/2025\/07\/Autobus_repka.jpg","width":2048,"height":1365},{"@type":"BreadcrumbList","@id":"https:\/\/arriva.sk\/nitra\/mestska-doprava\/cestovne-poriadky\/#breadcrumb","itemListElement":[{"@type":"ListItem","position":1,"name":"Home","item":"https:\/\/arriva.sk\/nitra\/"},{"@type":"ListItem","position":2,"name":"Mestsk\u00e1 doprava","item":"https:\/\/arriva.sk\/nitra\/mestska-doprava\/"},{"@type":"ListItem","position":3,"name":"Cestovn\u00e9 poriadky MAD"}]},{"@type":"WebSite","@id":"https:\/\/arriva.sk\/nitra\/#website","url":"https:\/\/arriva.sk\/nitra\/","name":"ARRIVA Nitra","description":"Autobusov\u00e1 doprava v nitrianskom regi\u00f3ne","publisher":{"@id":"https:\/\/arriva.sk\/nitra\/#organization"},"potentialAction":[{"@type":"SearchAction","target":{"@type":"EntryPoint","urlTemplate":"https:\/\/arriva.sk\/nitra\/?s={search_term_string}"},"query-input":{"@type":"PropertyValueSpecification","valueRequired":true,"valueName":"search_term_string"}}],"inLanguage":"sk-SK"},{"@type":"Organization","@id":"https:\/\/arriva.sk\/nitra\/#organization","name":"ARRIVA Nitra","url":"https:\/\/arriva.sk\/nitra\/","logo":{"@type":"ImageObject","inLanguage":"sk-SK","@id":"https:\/\/arriva.sk\/nitra\/#\/schema\/logo\/image\/","url":"https:\/\/arriva.sk\/nitra2\/wp-content\/uploads\/sites\/16\/2021\/11\/logo-nitra.png","contentUrl":"https:\/\/arriva.sk\/nitra2\/wp-content\/uploads\/sites\/16\/2021\/11\/logo-nitra.png","width":300,"height":90,"caption":"ARRIVA Nitra"},"image":{"@id":"https:\/\/arriva.sk\/nitra\/#\/schema\/logo\/image\/"}}]}},"_links":{"self":[{"href":"https:\/\/arriva.sk\/nitra\/wp-json\/wp\/v2\/pages\/28225","targetHints":{"allow":["GET"]}}],"collection":[{"href":"https:\/\/arriva.sk\/nitra\/wp-json\/wp\/v2\/pages"}],"about":[{"href":"https:\/\/arriva.sk\/nitra\/wp-json\/wp\/v2\/types\/page"}],"author":[{"embeddable":true,"href":"https:\/\/arriva.sk\/nitra\/wp-json\/wp\/v2\/users\/1"}],"replies":[{"embeddable":true,"href":"https:\/\/arriva.sk\/nitra\/wp-json\/wp\/v2\/comments?post=28225"}],"version-history":[{"count":18,"href":"https:\/\/arriva.sk\/nitra\/wp-json\/wp\/v2\/pages\/28225\/revisions"}],"predecessor-version":[{"id":31402,"href":"https:\/\/arriva.sk\/nitra\/wp-json\/wp\/v2\/pages\/28225\/revisions\/31402"}],"up":[{"embeddable":true,"href":"https:\/\/arriva.sk\/nitra\/wp-json\/wp\/v2\/pages\/25723"}],"wp:attachment":[{"href":"https:\/\/arriva.sk\/nitra\/wp-json\/wp\/v2\/media?parent=28225"}],"curies":[{"name":"wp","href":"https:\/\/api.w.org\/{rel}","templated":true}]}}