{"id":31807,"date":"2025-07-22T10:49:37","date_gmt":"2025-07-22T10:49:37","guid":{"rendered":"https:\/\/arriva.sk\/michalovce\/?page_id=31807"},"modified":"2025-07-22T11:05:51","modified_gmt":"2025-07-22T11:05:51","slug":"projekty","status":"publish","type":"page","link":"https:\/\/arriva.sk\/michalovce\/projekty\/","title":{"rendered":"Projekty"},"content":{"rendered":"\t\t<div data-elementor-type=\"wp-page\" data-elementor-id=\"31807\" class=\"elementor elementor-31807\" data-elementor-post-type=\"page\">\n\t\t\t\t\t\t<section class=\"elementor-section elementor-top-section elementor-element elementor-element-26213922 elementor-section-content-middle elementor-reverse-mobile elementor-section-boxed elementor-section-height-default elementor-section-height-default\" data-id=\"26213922\" data-element_type=\"section\" data-e-type=\"section\">\n\t\t\t\t\t\t<div class=\"elementor-container elementor-column-gap-default\">\n\t\t\t\t\t<div class=\"elementor-column elementor-col-50 elementor-top-column elementor-element elementor-element-f427949\" data-id=\"f427949\" data-element_type=\"column\" data-e-type=\"column\">\n\t\t\t<div class=\"elementor-widget-wrap elementor-element-populated\">\n\t\t\t\t\t\t<div class=\"elementor-element elementor-element-705706a5 elementor-widget elementor-widget-heading\" data-id=\"705706a5\" data-element_type=\"widget\" data-e-type=\"widget\" data-widget_type=\"heading.default\">\n\t\t\t\t<div class=\"elementor-widget-container\">\n\t\t\t\t\t<h2 class=\"elementor-heading-title elementor-size-default\">Projekty<\/h2>\t\t\t\t<\/div>\n\t\t\t\t<\/div>\n\t\t\t\t<div class=\"elementor-element elementor-element-811cc6d elementor-widget elementor-widget-text-editor\" data-id=\"811cc6d\" data-element_type=\"widget\" data-e-type=\"widget\" data-widget_type=\"text-editor.default\">\n\t\t\t\t<div class=\"elementor-widget-container\">\n\t\t\t\t\t\t\t\t\t<p>Dokumenty na stiahnutie\u00a0<\/p>\t\t\t\t\t\t\t\t<\/div>\n\t\t\t\t<\/div>\n\t\t\t\t\t<\/div>\n\t\t<\/div>\n\t\t\t\t<div class=\"elementor-column elementor-col-50 elementor-top-column elementor-element elementor-element-94a91a1\" data-id=\"94a91a1\" data-element_type=\"column\" data-e-type=\"column\">\n\t\t\t<div class=\"elementor-widget-wrap elementor-element-populated\">\n\t\t\t\t\t\t<div class=\"elementor-element elementor-element-68ac8339 elementor-widget__width-initial elementor-widget elementor-widget-image\" data-id=\"68ac8339\" data-element_type=\"widget\" data-e-type=\"widget\" data-widget_type=\"image.default\">\n\t\t\t\t<div class=\"elementor-widget-container\">\n\t\t\t\t\t\t\t\t\t\t\t\t\t\t\t<img fetchpriority=\"high\" decoding=\"async\" width=\"800\" height=\"676\" src=\"https:\/\/arriva.sk\/michalovce\/wp-content\/uploads\/sites\/20\/2024\/01\/iroplogo-1030x870.png\" class=\"attachment-large size-large wp-image-30297\" alt=\"\" srcset=\"https:\/\/arriva.sk\/michalovce\/wp-content\/uploads\/sites\/20\/2024\/01\/iroplogo-1030x870.png 1030w, https:\/\/arriva.sk\/michalovce\/wp-content\/uploads\/sites\/20\/2024\/01\/iroplogo-300x254.png 300w, https:\/\/arriva.sk\/michalovce\/wp-content\/uploads\/sites\/20\/2024\/01\/iroplogo-768x649.png 768w, https:\/\/arriva.sk\/michalovce\/wp-content\/uploads\/sites\/20\/2024\/01\/iroplogo-705x596.png 705w, https:\/\/arriva.sk\/michalovce\/wp-content\/uploads\/sites\/20\/2024\/01\/iroplogo.png 1181w\" sizes=\"(max-width: 800px) 100vw, 800px\" \/>\t\t\t\t\t\t\t\t\t\t\t\t\t\t\t<\/div>\n\t\t\t\t<\/div>\n\t\t\t\t\t<\/div>\n\t\t<\/div>\n\t\t\t\t\t<\/div>\n\t\t<\/section>\n\t\t\t\t<section class=\"elementor-section elementor-top-section elementor-element elementor-element-73378708 elementor-section-boxed elementor-section-height-default elementor-section-height-default\" data-id=\"73378708\" data-element_type=\"section\" data-e-type=\"section\" id=\"mesto\" data-settings=\"{&quot;background_background&quot;:&quot;classic&quot;}\">\n\t\t\t\t\t\t<div class=\"elementor-container elementor-column-gap-default\">\n\t\t\t\t\t<div class=\"elementor-column elementor-col-100 elementor-top-column elementor-element elementor-element-41fcd135\" data-id=\"41fcd135\" data-element_type=\"column\" data-e-type=\"column\">\n\t\t\t<div class=\"elementor-widget-wrap elementor-element-populated\">\n\t\t\t\t\t\t<div class=\"elementor-element elementor-element-dc3c1da elementor-widget-divider--view-line elementor-widget elementor-widget-divider\" data-id=\"dc3c1da\" data-element_type=\"widget\" data-e-type=\"widget\" data-widget_type=\"divider.default\">\n\t\t\t\t<div class=\"elementor-widget-container\">\n\t\t\t\t\t\t\t<div class=\"elementor-divider\">\n\t\t\t<span class=\"elementor-divider-separator\">\n\t\t\t\t\t\t<\/span>\n\t\t<\/div>\n\t\t\t\t\t\t<\/div>\n\t\t\t\t<\/div>\n\t\t\t\t\t<\/div>\n\t\t<\/div>\n\t\t\t\t\t<\/div>\n\t\t<\/section>\n\t\t\t\t<section class=\"elementor-section elementor-top-section elementor-element elementor-element-fafd106 elementor-section-boxed elementor-section-height-default elementor-section-height-default\" data-id=\"fafd106\" data-element_type=\"section\" data-e-type=\"section\">\n\t\t\t\t\t\t<div class=\"elementor-container elementor-column-gap-default\">\n\t\t\t\t\t<div class=\"elementor-column elementor-col-100 elementor-top-column elementor-element elementor-element-64dd650\" data-id=\"64dd650\" data-element_type=\"column\" data-e-type=\"column\">\n\t\t\t<div class=\"elementor-widget-wrap elementor-element-populated\">\n\t\t\t\t\t\t<div class=\"elementor-element elementor-element-a4a48c9 elementor-widget elementor-widget-global elementor-global-31801 elementor-widget-text-editor\" data-id=\"a4a48c9\" data-element_type=\"widget\" data-e-type=\"widget\" data-widget_type=\"text-editor.default\">\n\t\t\t\t<div class=\"elementor-widget-container\">\n\t\t\t\t\t\t\t\t\t<div><p>V zmysle zmluvy o NFP a manu\u00e1lu pre informovanie a publicitu <a href=\"http:\/\/www.mpsr.sk\/index.php?navID=1142&amp;navID2=1142&amp;sID=67&amp;id=13670\" target=\"_blank\" rel=\"noopener\">(viac inform\u00e1ci\u00ed)<\/a> zverej\u0148ujeme inform\u00e1cie o IROP a in\u00fdch projektoch prostredn\u00edctvom eurofondov.<\/p><\/div><h2>1. V\u00fdstavba prestupn\u00e9ho termin\u00e1lu v Michalovciach<\/h2><ul><li><a href=\"https:\/\/arriva.sk\/\/files\/mi\/dokumenty\/zmluvy\/Zmluva-na-vykon-technickeho-dozoru-na-stavbe-TERMINAL.pdf\" target=\"_blank\" rel=\"noopener\">Zmluva na v\u00fdkon technick\u00e9ho dozoru na stavbe TERMIN\u00c1L<\/a><\/li><li><a href=\"https:\/\/arriva.sk\/\/files\/mi\/dokumenty\/zmluvy\/Dodatok-c.1-k-Zmluva-na-vykon-technickeho-dozoru-na-stavbe-TERMINAL-1.pdf\" target=\"_blank\" rel=\"noopener\">Dodatok \u010d.1 k Zmluve na v\u00fdkon technick\u00e9ho dozoru na stavbe TERMIN\u00c1L<\/a><\/li><li><a href=\"https:\/\/arriva.sk\/\/files\/mi\/dokumenty\/zmluvy\/Zmluva-o-dielo-Projektova-dokumentacia-stavby-Prestupny-terminal-Michalovce.pdf\" target=\"_blank\" rel=\"noopener\">Zmluva o dielo &#8211; Projektov\u00e1 dokument\u00e1cia stavby Prestupn\u00fd termin\u00e1l Michalovce<\/a><\/li><li><a href=\"https:\/\/arriva.sk\/\/files\/mi\/dokumenty\/zmluvy\/VYSTAVBA-PRESTUPNEHO-TERMINALU.pdf\" target=\"_blank\" rel=\"noopener\">V\u00ddSTAVBA PRESTUPN\u00c9HO TERMIN\u00c1LU<\/a><\/li><li><a href=\"https:\/\/arriva.sk\/\/files\/mi\/dokumenty\/zmluvy\/Dodatok-c.2-k-Zmluve-o-NPF-TERMINAL.pdf\" target=\"_blank\" rel=\"noopener\">Dodatok \u010d.2 k Zmluve o NPF &#8211; TERMIN\u00c1L<\/a><\/li><li><a href=\"https:\/\/arriva.sk\/\/files\/mi\/dokumenty\/zmluvy\/Zmluva-o-dielo.pdf\" target=\"_blank\" rel=\"noopener\">Zmluva o dielo<\/a><\/li><\/ul><div>\u00a0<\/div><h2>2. Moderniz\u00e1cia vozov\u00e9ho parku<\/h2><ul><li><a href=\"https:\/\/arriva.sk\/\/files\/mi\/dokumenty\/zmluvy\/Kupna-zmluva-11-ks-autobusov-12-m-SOR-Libchavy-spol.-s.r.o..pdf\" target=\"_blank\" rel=\"noopener\">K\u00fapna zmluva &#8211; 11 ks autobusov 12 m (SOR Libchavy spol. s r.o.)<\/a><\/li><li><a href=\"https:\/\/arriva.sk\/\/files\/mi\/dokumenty\/zmluvy\/Kupna-zmluva-16-ks-autobusov-105-m-COREX-s.r.o..pdf\" target=\"_blank\" rel=\"noopener\">K\u00fapna zmluva &#8211; 16 ks autobusov 10,5 m (COREX s.r.o.)<\/a><\/li><li><a href=\"https:\/\/arriva.sk\/\/files\/mi\/dokumenty\/zmluvy\/Dodatok-c.-1-ku-Kupnej-zmluve-na-11-ks-autobusov-12-m-SOR-Libchavy-spol.-s.r.o..pdf\" target=\"_blank\" rel=\"noopener\">Dodatok \u010d.1 ku K\u00fapnej zmluve na 11 ks autobusov 12 m<\/a><\/li><li><a href=\"https:\/\/arriva.sk\/\/files\/mi\/dokumenty\/zmluvy\/Dodatok-c.-1-ku-Kupnej-zmluve-na-16-ks-autobusov-105-m-COREX-s.r.o..pdf\" target=\"_blank\" rel=\"noopener\">Dodatok \u010d.1 ku K\u00fapnej zmluve na 16 ks autobusov 10,5 m<\/a><\/li><li><a href=\"https:\/\/arriva.sk\/\/files\/mi\/dokumenty\/zmluvy\/modernizacia-vozoveho-parku-publicita.docx\" target=\"_blank\" rel=\"noopener\">Moderniz\u00e1cia vozov\u00e9ho parku &#8211; Publicita<\/a><\/li><li><a href=\"https:\/\/arriva.sk\/\/files\/mi\/dokumenty\/zmluvy\/modernizaacia-vozoveho-parku-v-spolariva-michalovce-as-iietapa.docx\" target=\"_blank\" rel=\"noopener\">Moderniz\u00e1cia vozov\u00e9ho parku &#8211; II. etapa<\/a><\/li><li><a href=\"https:\/\/arriva.sk\/\/files\/mi\/dokumenty\/zmluvy\/Kupna-Zmluva-8M-COREX_.pdf\" target=\"_blank\" rel=\"noopener\">K\u00fapna Zmluva &#8211; 8M &#8211; COREX<\/a><\/li><li><a href=\"https:\/\/arriva.sk\/\/files\/mi\/dokumenty\/zmluvy\/Kupna-Zmluva-12M-SOR_1.pdf\" target=\"_blank\" rel=\"noopener\">K\u00fapna Zmluva &#8211; 12M &#8211; SOR<\/a><\/li><li><a href=\"https:\/\/arriva.sk\/\/files\/mi\/dokumenty\/zmluvy\/Dodatok-c.1-ku-KZ-8M-COREX.pdf\" target=\"_blank\" rel=\"noopener\">Dodatok \u010d.1 ku KZ &#8211; 8M &#8211; COREX<\/a><\/li><li><a href=\"https:\/\/arriva.sk\/\/files\/mi\/dokumenty\/zmluvy\/Dodatok-c.1-ku-KZ-12M-SOR.pdf\" target=\"_blank\" rel=\"noopener\">Dodatok \u010d.1 ku KZ &#8211; 12M &#8211; SOR<\/a><\/li><li><a href=\"https:\/\/arriva.sk\/\/files\/mi\/dokumenty\/zmluvy\/dodatok-c2-ku-kz-8m-corex.pdf\" target=\"_blank\" rel=\"noopener\">Dodatok \u010d.2 ku KZ &#8211; 8M &#8211; COREX<\/a><\/li><li><a href=\"https:\/\/arriva.sk\/\/files\/mi\/dokumenty\/zmluvy\/Dodatok-c.2-ku-KZ-12M-SOR.pdf\" target=\"_blank\" rel=\"noopener\">Dodatok \u010d.2 ku KZ &#8211; 12M &#8211; SOR<\/a><\/li><li><a href=\"https:\/\/arriva.sk\/\/files\/mi\/dokumenty\/zmluvy\/zaznam-z-prieskumu-trhu-nakup-primestskych-autobusov-dlzky-8-m.zip\" target=\"_blank\" rel=\"noopener\">Z\u00e1znam z prieskumu trhu &#8211; N\u00e1kup pr\u00edmestsk\u00fdch autobusov d\u013a\u017eky 8 m<\/a><\/li><li><a href=\"https:\/\/arriva.sk\/\/files\/mi\/dokumenty\/zmluvy\/zaznam-z-prieskumu-trhu-k-irop-44-ks-busov-sor.zip\" target=\"_blank\" rel=\"noopener\">Z\u00e1znam z prieskumu trhu k IROP &#8211; 44 ks busov &#8211; SOR<\/a><\/li><li style=\"font-size: 16px;\"><a style=\"color: #232e83;\" href=\"https:\/\/arriva.sk\/\/files\/mi\/dokumenty\/zmluvy\/Zmluva-o-zriadeni-zalozneho-prava-IROP-VZ-302011X945-121-48-1.pdf\" target=\"_blank\" rel=\"noopener\">Zmluva o zriaden\u00ed z\u00e1lo\u017en\u00e9ho pr\u00e1va IROP<\/a><\/li><li style=\"font-size: 16px;\"><a style=\"color: #232e83;\" href=\"https:\/\/arriva.sk\/\/files\/mi\/dokumenty\/zmluvy\/DODATOK-C.-1-k-ZMLUVE-22.5.2020.pdf\" target=\"_blank\" rel=\"noopener\">Dodatok \u010d. 1 k Zmluve (22.5.2020)<\/a><\/li><\/ul><div>\u00a0<\/div><h2>3. Chr\u00e1nen\u00e9 parkovisk\u00e1 pre bicykle a nab\u00edjacie stanice<\/h2><ul><li><a href=\"https:\/\/arriva.sk\/\/files\/mi\/dokumenty\/zmluvy\/uschovne-bicyklov.docx\" target=\"_blank\" rel=\"noopener\">Chr\u00e1nen\u00e9 parkovisk\u00e1 pre bicykle<\/a><\/li><li><a href=\"https:\/\/arriva.sk\/\/files\/mi\/dokumenty\/zmluvy\/Dodatok-c.1-k-Zmluve-o-NPF-USCHOVNE-bicyklov.pdf\" target=\"_blank\" rel=\"noopener\">Dodatok \u010d.1 k Zmluve o NPF &#8211; \u00daSCHOVNE bicyklov<\/a><\/li><li><a href=\"https:\/\/arriva.sk\/\/files\/mi\/dokumenty\/zmluvy\/ZoD-na-dodavku-PD-stavby-USCHOVNE-bicyklov-RAHAR-s.r.o..pdf\" target=\"_blank\" rel=\"noopener\">ZoD na dod\u00e1vku PD stavby &#8211; \u00daSCHOVNE bicyklov &#8211; RAHAR s.r.o.<\/a><\/li><li><a href=\"https:\/\/arriva.sk\/\/files\/mi\/dokumenty\/zmluvy\/Zmluva-o-dielo-USCHOVNE-AS-Michalovce.pdf\" target=\"_blank\" rel=\"noopener\">Zmluva o dielo &#8211; \u00daSCHOVNE &#8211; AS Michalovce<\/a><\/li><li><a href=\"https:\/\/arriva.sk\/\/files\/mi\/dokumenty\/zmluvy\/Zmluva-o-dielo-USCHOVNE-AS-Sobrance.pdf\" target=\"_blank\" rel=\"noopener\">Zmluva o dielo &#8211; \u00daSCHOVNE &#8211; AS Sobrance<\/a><\/li><li><a href=\"https:\/\/arriva.sk\/\/files\/mi\/dokumenty\/zmluvy\/Zmluva-o-dielo-USCHOVNE-AS-Velke-Kapusany.pdf\" target=\"_blank\" rel=\"noopener\">Zmluva o dielo &#8211; \u00daSCHOVNE &#8211; AS Ve\u013ek\u00e9 Kapu\u0161any<\/a><\/li><li><a href=\"https:\/\/arriva.sk\/\/files\/mi\/dokumenty\/zmluvy\/informacia-na-web-publicita-uschovne-bicyklov-2.docx\" target=\"_blank\" rel=\"noopener\">Inform\u00e1cia na web &#8211; Publicita &#8211; \u00daSCHOVNE bicyklov<\/a><\/li><\/ul><div>\u00a0<\/div><h2>4. V\u00fdstavba zdrojov tepla na b\u00e1ze obnovite\u013enej energie (OZE)<\/h2><ul><li><a href=\"https:\/\/arriva.sk\/\/files\/mi\/dokumenty\/zmluvy\/vystavba-nove\u0301ho-zdroja-tepla-na-baze-oze-pre-zabezpecenie-vykurovania-v-objekte-od-kralovsky-chlmec-\u2013-opravarska-dielna.docx\" target=\"_blank\" rel=\"noopener\">V\u00fdstavba nov\u00e9ho zdroja tepla &#8211; OD Kr\u00e1\u013eovsk\u00fd Chlmec<\/a><\/li><li><a href=\"https:\/\/arriva.sk\/\/files\/mi\/dokumenty\/zmluvy\/vystavba-noveho-zdroja-tepla-na-baze-oze-pre-zabezpecenie-vykurovania-v-objekte-as-velke-kapusany.docx\" target=\"_blank\" rel=\"noopener\">V\u00fdstavba nov\u00e9ho zdroja tepla &#8211; AS Ve\u013ek\u00e9 Kapu\u0161any<\/a><\/li><li><a href=\"https:\/\/arriva.sk\/\/files\/mi\/dokumenty\/zmluvy\/Vystavba-noveho-zdroja-tepla-na-baze-OZE-pre-zabezpecenie-vykurovania-v-objektoch-OD-Michalovce.pdf\" target=\"_blank\" rel=\"noopener\">V\u00fdstavba nov\u00e9ho zdroja tepla &#8211; OD Michalovce<\/a><\/li><li><a href=\"https:\/\/arriva.sk\/\/files\/mi\/dokumenty\/zmluvy\/Zaznam-z-vyhodnotenia-VO-stavebne-prace-OZE-AS-Velke-Kapusany-1.pdf\" target=\"_blank\" rel=\"noopener\">Z\u00e1znam z vyhodnotenia &#8211; stavebn\u00e9 pr\u00e1ce OZE-AS Ve\u013ek\u00e9 Kapu\u0161any<\/a><\/li><li><a href=\"https:\/\/arriva.sk\/\/files\/mi\/dokumenty\/zmluvy\/Zaznam-z-vyhodnotenia-cenovych-ponuk-OZE-OD-Michalovce-Stavebny-dozor.docx\" target=\"_blank\" rel=\"noopener\">Z\u00e1znam z vyhodnotenia cenov\u00fdch pon\u00fak &#8211; OZE-OD Michalovce<\/a><\/li><li><a href=\"https:\/\/arriva.sk\/\/files\/mi\/dokumenty\/zmluvy\/zaznam-z-vyhodnotenia-cp-oze-as-vk-sd.docx\" target=\"_blank\" rel=\"noopener\">Z\u00e1znam z vyhodnotenia CP &#8211; OZE-AS VK-SD<\/a><\/li><li><a href=\"https:\/\/arriva.sk\/\/files\/mi\/dokumenty\/zmluvy\/Informacia-na-web-Publicita-OZE-OD-Michalovce-1.docx\" target=\"_blank\" rel=\"noopener\">Inform\u00e1cia na web &#8211; Publicita &#8211; OZE-OD Michalovce<\/a><\/li><li><a href=\"https:\/\/arriva.sk\/\/files\/mi\/dokumenty\/zmluvy\/oze-od-michalovce.docx\" target=\"_blank\" rel=\"noopener\">Inform\u00e1cia na web &#8211; Publicita &#8211; OZE-OD Michalovce (9.5.2023)<\/a><\/li><li><a href=\"https:\/\/arriva.sk\/\/files\/mi\/dokumenty\/zmluvy\/Informacia-na-web-OZE-AS-Velke-Kapusany-aktualny.docx\" target=\"_blank\" rel=\"noopener\">Inform\u00e1cia na web &#8211; OZE &#8211; AS Ve\u013ek\u00e9 Kapu\u0161any<\/a><\/li><\/ul><div>\u00a0<\/div><h2>5. Rekon\u0161trukcia a moderniz\u00e1cia autobusovej stanice vo Ve\u013ek\u00fdch Kapu\u0161anoch<\/h2><ul><li><a href=\"https:\/\/arriva.sk\/\/files\/mi\/dokumenty\/zmluvy\/REKONSTRUKCIA-A-MODERNIZACIA-AUTOBUSOVEJ-STANICE-VO-VELKYCH-KAPUSANOCH-\u2013-I.ETAPA.pdf\" target=\"_blank\" rel=\"noopener\">Rekon\u0161trukcia a moderniz\u00e1cia autobusovej stanice &#8211; I. etapa<\/a><\/li><li><a href=\"https:\/\/arriva.sk\/\/files\/mi\/dokumenty\/zmluvy\/rekonstrukcia-a-modernizacia-autobusovej-stanice-vo-velkych-kapusanoch-\u2013-bus-bus-prestupovy-uzol-\u2013-terminal.pdf\" target=\"_blank\" rel=\"noopener\">Rekon\u0161trukcia a moderniz\u00e1cia autobusovej stanice &#8211; BUS-BUS prestupov\u00fd uzol<\/a><\/li><li><a href=\"https:\/\/arriva.sk\/\/files\/mi\/dokumenty\/zmluvy\/Zaznam-z-vyhodnotenia-CP-PD-pre-RS-AS-VK.docx\" target=\"_blank\" rel=\"noopener\">Z\u00e1znam z vyhodnotenia cenov\u00fdch pon\u00fak<\/a><\/li><li><a href=\"https:\/\/arriva.sk\/\/files\/mi\/dokumenty\/zmluvy\/zaznam-z-vyhodnotenia-cp-as-vk-pd-pre-stavebne-povolenie.pdf\" target=\"_blank\" rel=\"noopener\">Z\u00e1znam z vyhodnotenia CP &#8211; AS VK-PD pre stavebn\u00e9 povolenie<\/a><\/li><li><a href=\"https:\/\/arriva.sk\/\/files\/mi\/dokumenty\/zmluvy\/Informacia-na-web-AS-VK_aktualizacia.docx\" target=\"_blank\" rel=\"noopener\">Inform\u00e1cia na web &#8211; AS VK (aktualiz\u00e1cia)<\/a><\/li><\/ul><div>\u00a0<\/div><h2>6. Tarifno-informa\u010dn\u00e9 zabezpe\u010denie integrovan\u00e9ho dopravn\u00e9ho syst\u00e9mu autobusov v\u00fdchodnej \u010dasti Ko\u0161ick\u00e9ho samospr\u00e1vneho kraja v okresoch Michalovce, Sobrance, Trebi\u0161ov<\/h2><ul><li><a href=\"https:\/\/arriva.sk\/\/files\/mi\/dokumenty\/zmluvy\/TARIFNO-INFORMACNE-ZABEZPECENIE-IDS.pdf\" target=\"_blank\" rel=\"noopener\">Tarifno-informa\u010dn\u00e9 zabezpe\u010denie IDS<\/a><\/li><li><a href=\"https:\/\/arriva.sk\/\/files\/mi\/dokumenty\/zmluvy\/Kupna-zmluva-s-prilohami-CP-a-TS..pdf\" target=\"_blank\" rel=\"noopener\">K\u00fapna zmluva s pr\u00edlohami &#8211; CP a T\u0160.<\/a><\/li><li><a href=\"https:\/\/arriva.sk\/\/files\/mi\/dokumenty\/zmluvy\/Tarifno-informacne-zabezpecenie-integrovaneho-dopravneho-systemu.docx\" target=\"_blank\" rel=\"noopener\">Tarifno-informa\u010dn\u00e9 zabezpe\u010denie integrovan\u00e9ho dopravn\u00e9ho syst\u00e9mu<\/a><\/li><\/ul>\t\t\t\t\t\t\t\t<\/div>\n\t\t\t\t<\/div>\n\t\t\t\t\t<\/div>\n\t\t<\/div>\n\t\t\t\t\t<\/div>\n\t\t<\/section>\n\t\t\t\t<\/div>\n\t\t","protected":false},"excerpt":{"rendered":"<p>Projekty Dokumenty na stiahnutie\u00a0 V zmysle zmluvy o NFP a manu\u00e1lu pre informovanie a publicitu (viac inform\u00e1ci\u00ed) zverej\u0148ujeme inform\u00e1cie o IROP a in\u00fdch projektoch prostredn\u00edctvom eurofondov. 1. V\u00fdstavba prestupn\u00e9ho termin\u00e1lu v Michalovciach Zmluva na v\u00fdkon technick\u00e9ho dozoru na stavbe TERMIN\u00c1L Dodatok \u010d.1 k Zmluve na v\u00fdkon technick\u00e9ho dozoru na stavbe TERMIN\u00c1L Zmluva o dielo &#8211; [&hellip;]<\/p>\n","protected":false},"author":1,"featured_media":0,"parent":0,"menu_order":0,"comment_status":"closed","ping_status":"closed","template":"","meta":{"_acf_changed":false,"footnotes":""},"class_list":["post-31807","page","type-page","status-publish","hentry"],"acf":[],"yoast_head":"<!-- This site is optimized with the Yoast SEO plugin v27.2 - https:\/\/yoast.com\/product\/yoast-seo-wordpress\/ -->\n<title>Projekty Michalovce<\/title>\n<meta name=\"description\" content=\"Projekty a dokumenty\" \/>\n<meta name=\"robots\" content=\"index, follow, max-snippet:-1, max-image-preview:large, max-video-preview:-1\" \/>\n<link rel=\"canonical\" href=\"https:\/\/arriva.sk\/michalovce\/projekty\/\" \/>\n<meta property=\"og:locale\" content=\"sk_SK\" \/>\n<meta property=\"og:type\" content=\"article\" \/>\n<meta property=\"og:title\" content=\"Cestovn\u00e9 poriadky autobusovej dopravy v Ko\u0161ickom kraji\" \/>\n<meta property=\"og:description\" content=\"Projekty a dokumenty\" \/>\n<meta property=\"og:url\" content=\"https:\/\/arriva.sk\/michalovce\/projekty\/\" \/>\n<meta property=\"og:site_name\" content=\"ARRIVA Michalovce\" \/>\n<meta property=\"article:modified_time\" content=\"2025-07-22T11:05:51+00:00\" \/>\n<meta property=\"og:image\" content=\"https:\/\/arriva.sk\/michalovce\/wp-content\/uploads\/sites\/20\/2024\/01\/iroplogo-1030x870.png\" \/>\n<meta name=\"twitter:card\" content=\"summary_large_image\" \/>\n<meta name=\"twitter:label1\" content=\"Predpokladan\u00fd \u010das \u010d\u00edtania\" \/>\n\t<meta name=\"twitter:data1\" content=\"3 min\u00faty\" \/>\n<script type=\"application\/ld+json\" class=\"yoast-schema-graph\">{\"@context\":\"https:\/\/schema.org\",\"@graph\":[{\"@type\":\"WebPage\",\"@id\":\"https:\/\/arriva.sk\/michalovce\/projekty\/\",\"url\":\"https:\/\/arriva.sk\/michalovce\/projekty\/\",\"name\":\"Projekty Michalovce\",\"isPartOf\":{\"@id\":\"https:\/\/arriva.sk\/michalovce\/#website\"},\"primaryImageOfPage\":{\"@id\":\"https:\/\/arriva.sk\/michalovce\/projekty\/#primaryimage\"},\"image\":{\"@id\":\"https:\/\/arriva.sk\/michalovce\/projekty\/#primaryimage\"},\"thumbnailUrl\":\"https:\/\/arriva.sk\/michalovce\/wp-content\/uploads\/sites\/20\/2024\/01\/iroplogo-1030x870.png\",\"datePublished\":\"2025-07-22T10:49:37+00:00\",\"dateModified\":\"2025-07-22T11:05:51+00:00\",\"description\":\"Projekty a dokumenty\",\"breadcrumb\":{\"@id\":\"https:\/\/arriva.sk\/michalovce\/projekty\/#breadcrumb\"},\"inLanguage\":\"sk-SK\",\"potentialAction\":[{\"@type\":\"ReadAction\",\"target\":[\"https:\/\/arriva.sk\/michalovce\/projekty\/\"]}]},{\"@type\":\"ImageObject\",\"inLanguage\":\"sk-SK\",\"@id\":\"https:\/\/arriva.sk\/michalovce\/projekty\/#primaryimage\",\"url\":\"https:\/\/arriva.sk\/michalovce\/wp-content\/uploads\/sites\/20\/2024\/01\/iroplogo.png\",\"contentUrl\":\"https:\/\/arriva.sk\/michalovce\/wp-content\/uploads\/sites\/20\/2024\/01\/iroplogo.png\",\"width\":1181,\"height\":998},{\"@type\":\"BreadcrumbList\",\"@id\":\"https:\/\/arriva.sk\/michalovce\/projekty\/#breadcrumb\",\"itemListElement\":[{\"@type\":\"ListItem\",\"position\":1,\"name\":\"Home\",\"item\":\"https:\/\/arriva.sk\/michalovce\/\"},{\"@type\":\"ListItem\",\"position\":2,\"name\":\"Projekty\"}]},{\"@type\":\"WebSite\",\"@id\":\"https:\/\/arriva.sk\/michalovce\/#website\",\"url\":\"https:\/\/arriva.sk\/michalovce\/\",\"name\":\"ARRIVA Michalovce\",\"description\":\"Autobusov\u00e1 doprava v ko\u0161ickom regi\u00f3ne\",\"publisher\":{\"@id\":\"https:\/\/arriva.sk\/michalovce\/#organization\"},\"potentialAction\":[{\"@type\":\"SearchAction\",\"target\":{\"@type\":\"EntryPoint\",\"urlTemplate\":\"https:\/\/arriva.sk\/michalovce\/?s={search_term_string}\"},\"query-input\":{\"@type\":\"PropertyValueSpecification\",\"valueRequired\":true,\"valueName\":\"search_term_string\"}}],\"inLanguage\":\"sk-SK\"},{\"@type\":\"Organization\",\"@id\":\"https:\/\/arriva.sk\/michalovce\/#organization\",\"name\":\"ARRIVA Nitra\",\"url\":\"https:\/\/arriva.sk\/michalovce\/\",\"logo\":{\"@type\":\"ImageObject\",\"inLanguage\":\"sk-SK\",\"@id\":\"https:\/\/arriva.sk\/michalovce\/#\/schema\/logo\/image\/\",\"url\":\"https:\/\/arriva.sk\/midev\/wp-content\/uploads\/sites\/20\/2021\/11\/logo-nitra.png\",\"contentUrl\":\"https:\/\/arriva.sk\/midev\/wp-content\/uploads\/sites\/20\/2021\/11\/logo-nitra.png\",\"width\":300,\"height\":90,\"caption\":\"ARRIVA Nitra\"},\"image\":{\"@id\":\"https:\/\/arriva.sk\/michalovce\/#\/schema\/logo\/image\/\"}}]}<\/script>\n<!-- \/ Yoast SEO plugin. -->","yoast_head_json":{"title":"Projekty Michalovce","description":"Projekty a dokumenty","robots":{"index":"index","follow":"follow","max-snippet":"max-snippet:-1","max-image-preview":"max-image-preview:large","max-video-preview":"max-video-preview:-1"},"canonical":"https:\/\/arriva.sk\/michalovce\/projekty\/","og_locale":"sk_SK","og_type":"article","og_title":"Cestovn\u00e9 poriadky autobusovej dopravy v Ko\u0161ickom kraji","og_description":"Projekty a dokumenty","og_url":"https:\/\/arriva.sk\/michalovce\/projekty\/","og_site_name":"ARRIVA Michalovce","article_modified_time":"2025-07-22T11:05:51+00:00","og_image":[{"url":"https:\/\/arriva.sk\/michalovce\/wp-content\/uploads\/sites\/20\/2024\/01\/iroplogo-1030x870.png","type":"","width":"","height":""}],"twitter_card":"summary_large_image","twitter_misc":{"Predpokladan\u00fd \u010das \u010d\u00edtania":"3 min\u00faty"},"schema":{"@context":"https:\/\/schema.org","@graph":[{"@type":"WebPage","@id":"https:\/\/arriva.sk\/michalovce\/projekty\/","url":"https:\/\/arriva.sk\/michalovce\/projekty\/","name":"Projekty Michalovce","isPartOf":{"@id":"https:\/\/arriva.sk\/michalovce\/#website"},"primaryImageOfPage":{"@id":"https:\/\/arriva.sk\/michalovce\/projekty\/#primaryimage"},"image":{"@id":"https:\/\/arriva.sk\/michalovce\/projekty\/#primaryimage"},"thumbnailUrl":"https:\/\/arriva.sk\/michalovce\/wp-content\/uploads\/sites\/20\/2024\/01\/iroplogo-1030x870.png","datePublished":"2025-07-22T10:49:37+00:00","dateModified":"2025-07-22T11:05:51+00:00","description":"Projekty a dokumenty","breadcrumb":{"@id":"https:\/\/arriva.sk\/michalovce\/projekty\/#breadcrumb"},"inLanguage":"sk-SK","potentialAction":[{"@type":"ReadAction","target":["https:\/\/arriva.sk\/michalovce\/projekty\/"]}]},{"@type":"ImageObject","inLanguage":"sk-SK","@id":"https:\/\/arriva.sk\/michalovce\/projekty\/#primaryimage","url":"https:\/\/arriva.sk\/michalovce\/wp-content\/uploads\/sites\/20\/2024\/01\/iroplogo.png","contentUrl":"https:\/\/arriva.sk\/michalovce\/wp-content\/uploads\/sites\/20\/2024\/01\/iroplogo.png","width":1181,"height":998},{"@type":"BreadcrumbList","@id":"https:\/\/arriva.sk\/michalovce\/projekty\/#breadcrumb","itemListElement":[{"@type":"ListItem","position":1,"name":"Home","item":"https:\/\/arriva.sk\/michalovce\/"},{"@type":"ListItem","position":2,"name":"Projekty"}]},{"@type":"WebSite","@id":"https:\/\/arriva.sk\/michalovce\/#website","url":"https:\/\/arriva.sk\/michalovce\/","name":"ARRIVA Michalovce","description":"Autobusov\u00e1 doprava v ko\u0161ickom regi\u00f3ne","publisher":{"@id":"https:\/\/arriva.sk\/michalovce\/#organization"},"potentialAction":[{"@type":"SearchAction","target":{"@type":"EntryPoint","urlTemplate":"https:\/\/arriva.sk\/michalovce\/?s={search_term_string}"},"query-input":{"@type":"PropertyValueSpecification","valueRequired":true,"valueName":"search_term_string"}}],"inLanguage":"sk-SK"},{"@type":"Organization","@id":"https:\/\/arriva.sk\/michalovce\/#organization","name":"ARRIVA Nitra","url":"https:\/\/arriva.sk\/michalovce\/","logo":{"@type":"ImageObject","inLanguage":"sk-SK","@id":"https:\/\/arriva.sk\/michalovce\/#\/schema\/logo\/image\/","url":"https:\/\/arriva.sk\/midev\/wp-content\/uploads\/sites\/20\/2021\/11\/logo-nitra.png","contentUrl":"https:\/\/arriva.sk\/midev\/wp-content\/uploads\/sites\/20\/2021\/11\/logo-nitra.png","width":300,"height":90,"caption":"ARRIVA Nitra"},"image":{"@id":"https:\/\/arriva.sk\/michalovce\/#\/schema\/logo\/image\/"}}]}},"_links":{"self":[{"href":"https:\/\/arriva.sk\/michalovce\/wp-json\/wp\/v2\/pages\/31807","targetHints":{"allow":["GET"]}}],"collection":[{"href":"https:\/\/arriva.sk\/michalovce\/wp-json\/wp\/v2\/pages"}],"about":[{"href":"https:\/\/arriva.sk\/michalovce\/wp-json\/wp\/v2\/types\/page"}],"author":[{"embeddable":true,"href":"https:\/\/arriva.sk\/michalovce\/wp-json\/wp\/v2\/users\/1"}],"replies":[{"embeddable":true,"href":"https:\/\/arriva.sk\/michalovce\/wp-json\/wp\/v2\/comments?post=31807"}],"version-history":[{"count":10,"href":"https:\/\/arriva.sk\/michalovce\/wp-json\/wp\/v2\/pages\/31807\/revisions"}],"predecessor-version":[{"id":31818,"href":"https:\/\/arriva.sk\/michalovce\/wp-json\/wp\/v2\/pages\/31807\/revisions\/31818"}],"wp:attachment":[{"href":"https:\/\/arriva.sk\/michalovce\/wp-json\/wp\/v2\/media?parent=31807"}],"curies":[{"name":"wp","href":"https:\/\/api.w.org\/{rel}","templated":true}]}}