{"id":31555,"date":"2025-05-06T18:29:31","date_gmt":"2025-05-06T18:29:31","guid":{"rendered":"https:\/\/arriva.sk\/michalovce\/?page_id=31555"},"modified":"2025-10-03T06:56:24","modified_gmt":"2025-10-03T06:56:24","slug":"predaj-majetku","status":"publish","type":"page","link":"https:\/\/arriva.sk\/michalovce\/predaj-majetku\/","title":{"rendered":"Predaj majetku"},"content":{"rendered":"\t\t<div data-elementor-type=\"wp-page\" data-elementor-id=\"31555\" class=\"elementor elementor-31555\" data-elementor-post-type=\"page\">\n\t\t\t\t\t\t<section class=\"elementor-section elementor-top-section elementor-element elementor-element-18595140 elementor-section-content-middle elementor-reverse-mobile elementor-section-boxed elementor-section-height-default elementor-section-height-default\" data-id=\"18595140\" data-element_type=\"section\" data-e-type=\"section\">\n\t\t\t\t\t\t<div class=\"elementor-container elementor-column-gap-default\">\n\t\t\t\t\t<div class=\"elementor-column elementor-col-50 elementor-top-column elementor-element elementor-element-7a4f021e\" data-id=\"7a4f021e\" data-element_type=\"column\" data-e-type=\"column\">\n\t\t\t<div class=\"elementor-widget-wrap elementor-element-populated\">\n\t\t\t\t\t\t<div class=\"elementor-element elementor-element-6fada645 elementor-widget elementor-widget-heading\" data-id=\"6fada645\" data-element_type=\"widget\" data-e-type=\"widget\" data-widget_type=\"heading.default\">\n\t\t\t\t<div class=\"elementor-widget-container\">\n\t\t\t\t\t<h2 class=\"elementor-heading-title elementor-size-default\">Predaj majetku<\/h2>\t\t\t\t<\/div>\n\t\t\t\t<\/div>\n\t\t\t\t<div class=\"elementor-element elementor-element-f466e28 elementor-widget elementor-widget-text-editor\" data-id=\"f466e28\" data-element_type=\"widget\" data-e-type=\"widget\" data-widget_type=\"text-editor.default\">\n\t\t\t\t<div class=\"elementor-widget-container\">\n\t\t\t\t\t\t\t\t\t<p>Spolo\u010dnos\u0165 ARRIVA Michalovce, a.s. pon\u00faka na predaj:<\/p>\t\t\t\t\t\t\t\t<\/div>\n\t\t\t\t<\/div>\n\t\t\t\t<div class=\"elementor-element elementor-element-39ecf16 elementor-align-left elementor-widget elementor-widget-button\" data-id=\"39ecf16\" data-element_type=\"widget\" data-e-type=\"widget\" data-widget_type=\"button.default\">\n\t\t\t\t<div class=\"elementor-widget-container\">\n\t\t\t\t\t\t\t\t\t<div class=\"elementor-button-wrapper\">\n\t\t\t\t\t<a class=\"elementor-button elementor-button-link elementor-size-md\" href=\"https:\/\/arriva.sk\/files\/mi\/dokumenty\/ARRIVA%20Michalovce_predaj%20pr\u00edmestsk\u00fd%20autobus%20Iveco%20150.pdf\">\n\t\t\t\t\t\t<span class=\"elementor-button-content-wrapper\">\n\t\t\t\t\t\t<span class=\"elementor-button-icon\">\n\t\t\t\t<i aria-hidden=\"true\" class=\"fas fa-long-arrow-alt-right\"><\/i>\t\t\t<\/span>\n\t\t\t\t\t\t\t\t\t<span class=\"elementor-button-text\">Pr\u00edmestsk\u00fd autobus Iveco 150<\/span>\n\t\t\t\t\t<\/span>\n\t\t\t\t\t<\/a>\n\t\t\t\t<\/div>\n\t\t\t\t\t\t\t\t<\/div>\n\t\t\t\t<\/div>\n\t\t\t\t<div class=\"elementor-element elementor-element-9a9260b elementor-align-left elementor-widget elementor-widget-button\" data-id=\"9a9260b\" data-element_type=\"widget\" data-e-type=\"widget\" data-widget_type=\"button.default\">\n\t\t\t\t<div class=\"elementor-widget-container\">\n\t\t\t\t\t\t\t\t\t<div class=\"elementor-button-wrapper\">\n\t\t\t\t\t<a class=\"elementor-button elementor-button-link elementor-size-md\" href=\"https:\/\/arriva.sk\/files\/mi\/dokumenty\/ARRIVA%20Michalovce_predaj%20pr\u00edmestsk\u00fd%20autobus%20Iveco%20156.pdf\">\n\t\t\t\t\t\t<span class=\"elementor-button-content-wrapper\">\n\t\t\t\t\t\t<span class=\"elementor-button-icon\">\n\t\t\t\t<i aria-hidden=\"true\" class=\"fas fa-long-arrow-alt-right\"><\/i>\t\t\t<\/span>\n\t\t\t\t\t\t\t\t\t<span class=\"elementor-button-text\">Pr\u00edmestsk\u00fd autobus Iveco 156<\/span>\n\t\t\t\t\t<\/span>\n\t\t\t\t\t<\/a>\n\t\t\t\t<\/div>\n\t\t\t\t\t\t\t\t<\/div>\n\t\t\t\t<\/div>\n\t\t\t\t<div class=\"elementor-element elementor-element-8f56b8c elementor-align-left elementor-widget elementor-widget-button\" data-id=\"8f56b8c\" data-element_type=\"widget\" data-e-type=\"widget\" data-widget_type=\"button.default\">\n\t\t\t\t<div class=\"elementor-widget-container\">\n\t\t\t\t\t\t\t\t\t<div class=\"elementor-button-wrapper\">\n\t\t\t\t\t<a class=\"elementor-button elementor-button-link elementor-size-md\" href=\"https:\/\/arriva.sk\/files\/mi\/dokumenty\/ARRIVA%20Michalovce_predaj%20pr\u00edmestsk\u00fd%20autobus%20Iveco%20157.pdf\" id=\"#infolinka\">\n\t\t\t\t\t\t<span class=\"elementor-button-content-wrapper\">\n\t\t\t\t\t\t<span class=\"elementor-button-icon\">\n\t\t\t\t<i aria-hidden=\"true\" class=\"fas fa-long-arrow-alt-right\"><\/i>\t\t\t<\/span>\n\t\t\t\t\t\t\t\t\t<span class=\"elementor-button-text\">Pr\u00edmestsk\u00fd autobus Iveco 157<\/span>\n\t\t\t\t\t<\/span>\n\t\t\t\t\t<\/a>\n\t\t\t\t<\/div>\n\t\t\t\t\t\t\t\t<\/div>\n\t\t\t\t<\/div>\n\t\t\t\t<div class=\"elementor-element elementor-element-d62431e elementor-align-left elementor-widget elementor-widget-button\" data-id=\"d62431e\" data-element_type=\"widget\" data-e-type=\"widget\" data-widget_type=\"button.default\">\n\t\t\t\t<div class=\"elementor-widget-container\">\n\t\t\t\t\t\t\t\t\t<div class=\"elementor-button-wrapper\">\n\t\t\t\t\t<a class=\"elementor-button elementor-button-link elementor-size-md\" href=\"https:\/\/arriva.sk\/files\/mi\/dokumenty\/ARRIVA%20Michalovce_predaj%20pr\u00edmestsk\u00fd%20autobus%20Iveco%20776.pdf\">\n\t\t\t\t\t\t<span class=\"elementor-button-content-wrapper\">\n\t\t\t\t\t\t<span class=\"elementor-button-icon\">\n\t\t\t\t<i aria-hidden=\"true\" class=\"fas fa-long-arrow-alt-right\"><\/i>\t\t\t<\/span>\n\t\t\t\t\t\t\t\t\t<span class=\"elementor-button-text\">Pr\u00edmestsk\u00fd autobus Iveco 776<\/span>\n\t\t\t\t\t<\/span>\n\t\t\t\t\t<\/a>\n\t\t\t\t<\/div>\n\t\t\t\t\t\t\t\t<\/div>\n\t\t\t\t<\/div>\n\t\t\t\t<div class=\"elementor-element elementor-element-b3173cc elementor-align-left elementor-widget elementor-widget-button\" data-id=\"b3173cc\" data-element_type=\"widget\" data-e-type=\"widget\" data-widget_type=\"button.default\">\n\t\t\t\t<div class=\"elementor-widget-container\">\n\t\t\t\t\t\t\t\t\t<div class=\"elementor-button-wrapper\">\n\t\t\t\t\t<a class=\"elementor-button elementor-button-link elementor-size-md\" href=\"https:\/\/arriva.sk\/files\/mi\/dokumenty\/ARRIVA%20Michalovce_predaj%20pr\u00edmestsk\u00fd%20autobus%20Iveco%20825.pdf\">\n\t\t\t\t\t\t<span class=\"elementor-button-content-wrapper\">\n\t\t\t\t\t\t<span class=\"elementor-button-icon\">\n\t\t\t\t<i aria-hidden=\"true\" class=\"fas fa-long-arrow-alt-right\"><\/i>\t\t\t<\/span>\n\t\t\t\t\t\t\t\t\t<span class=\"elementor-button-text\">Pr\u00edmestsk\u00fd autobus Iveco 825<\/span>\n\t\t\t\t\t<\/span>\n\t\t\t\t\t<\/a>\n\t\t\t\t<\/div>\n\t\t\t\t\t\t\t\t<\/div>\n\t\t\t\t<\/div>\n\t\t\t\t<div class=\"elementor-element elementor-element-af53f5f elementor-align-left elementor-hidden-desktop elementor-hidden-tablet elementor-hidden-mobile elementor-widget elementor-widget-button\" data-id=\"af53f5f\" data-element_type=\"widget\" data-e-type=\"widget\" data-widget_type=\"button.default\">\n\t\t\t\t<div class=\"elementor-widget-container\">\n\t\t\t\t\t\t\t\t\t<div class=\"elementor-button-wrapper\">\n\t\t\t\t\t<a class=\"elementor-button elementor-button-link elementor-size-md\" href=\"https:\/\/arriva.sk\/\/files\/mi\/dokumenty\/Ponuka_predaja_-_Rekreacna_chata_v_k.u._obce_Vinne_predlzenie.pdf\">\n\t\t\t\t\t\t<span class=\"elementor-button-content-wrapper\">\n\t\t\t\t\t\t<span class=\"elementor-button-icon\">\n\t\t\t\t<i aria-hidden=\"true\" class=\"fas fa-long-arrow-alt-right\"><\/i>\t\t\t<\/span>\n\t\t\t\t\t\t\t\t\t<span class=\"elementor-button-text\">Rekrea\u010dn\u00e1 chata v k.\u00fa. Vinn\u00e9<\/span>\n\t\t\t\t\t<\/span>\n\t\t\t\t\t<\/a>\n\t\t\t\t<\/div>\n\t\t\t\t\t\t\t\t<\/div>\n\t\t\t\t<\/div>\n\t\t\t\t\t<\/div>\n\t\t<\/div>\n\t\t\t\t<div class=\"elementor-column elementor-col-50 elementor-top-column elementor-element elementor-element-6bcf0c94\" data-id=\"6bcf0c94\" data-element_type=\"column\" data-e-type=\"column\">\n\t\t\t<div class=\"elementor-widget-wrap elementor-element-populated\">\n\t\t\t\t\t\t<div class=\"elementor-element elementor-element-6079b30 elementor-widget elementor-widget-image\" data-id=\"6079b30\" data-element_type=\"widget\" data-e-type=\"widget\" data-widget_type=\"image.default\">\n\t\t\t\t<div class=\"elementor-widget-container\">\n\t\t\t\t\t\t\t\t\t\t\t\t\t\t\t<img fetchpriority=\"high\" decoding=\"async\" width=\"2560\" height=\"1704\" src=\"https:\/\/arriva.sk\/michalovce\/wp-content\/uploads\/sites\/20\/2025\/05\/arriva_velkekapusany31-scaled.jpg\" class=\"attachment-full size-full wp-image-31557\" alt=\"\" srcset=\"https:\/\/arriva.sk\/michalovce\/wp-content\/uploads\/sites\/20\/2025\/05\/arriva_velkekapusany31-scaled.jpg 2560w, https:\/\/arriva.sk\/michalovce\/wp-content\/uploads\/sites\/20\/2025\/05\/arriva_velkekapusany31-300x200.jpg 300w, https:\/\/arriva.sk\/michalovce\/wp-content\/uploads\/sites\/20\/2025\/05\/arriva_velkekapusany31-1030x685.jpg 1030w, https:\/\/arriva.sk\/michalovce\/wp-content\/uploads\/sites\/20\/2025\/05\/arriva_velkekapusany31-768x511.jpg 768w, https:\/\/arriva.sk\/michalovce\/wp-content\/uploads\/sites\/20\/2025\/05\/arriva_velkekapusany31-1536x1022.jpg 1536w, https:\/\/arriva.sk\/michalovce\/wp-content\/uploads\/sites\/20\/2025\/05\/arriva_velkekapusany31-2048x1363.jpg 2048w, https:\/\/arriva.sk\/michalovce\/wp-content\/uploads\/sites\/20\/2025\/05\/arriva_velkekapusany31-1320x878.jpg 1320w\" sizes=\"(max-width: 2560px) 100vw, 2560px\" \/>\t\t\t\t\t\t\t\t\t\t\t\t\t\t\t<\/div>\n\t\t\t\t<\/div>\n\t\t\t\t\t<\/div>\n\t\t<\/div>\n\t\t\t\t\t<\/div>\n\t\t<\/section>\n\t\t\t\t<section class=\"elementor-section elementor-top-section elementor-element elementor-element-6047b37 elementor-section-boxed elementor-section-height-default elementor-section-height-default\" data-id=\"6047b37\" data-element_type=\"section\" data-e-type=\"section\" data-settings=\"{&quot;background_background&quot;:&quot;gradient&quot;}\">\n\t\t\t\t\t\t\t<div class=\"elementor-background-overlay\"><\/div>\n\t\t\t\t\t\t\t<div class=\"elementor-container elementor-column-gap-default\">\n\t\t\t\t\t<div class=\"elementor-column elementor-col-100 elementor-top-column elementor-element elementor-element-1f040b61\" data-id=\"1f040b61\" data-element_type=\"column\" data-e-type=\"column\">\n\t\t\t<div class=\"elementor-widget-wrap elementor-element-populated\">\n\t\t\t\t\t\t<div class=\"elementor-element elementor-element-4148221b elementor-widget elementor-widget-heading\" data-id=\"4148221b\" data-element_type=\"widget\" data-e-type=\"widget\" data-widget_type=\"heading.default\">\n\t\t\t\t<div class=\"elementor-widget-container\">\n\t\t\t\t\t<h2 class=\"elementor-heading-title elementor-size-default\">Kontakt na n\u00e1s<\/h2>\t\t\t\t<\/div>\n\t\t\t\t<\/div>\n\t\t\t\t<div class=\"elementor-element elementor-element-9007423 elementor-align-center elementor-icon-list--layout-traditional elementor-list-item-link-full_width elementor-widget elementor-widget-icon-list\" data-id=\"9007423\" data-element_type=\"widget\" data-e-type=\"widget\" data-widget_type=\"icon-list.default\">\n\t\t\t\t<div class=\"elementor-widget-container\">\n\t\t\t\t\t\t\t<ul class=\"elementor-icon-list-items\">\n\t\t\t\t\t\t\t<li class=\"elementor-icon-list-item\">\n\t\t\t\t\t\t\t\t\t\t\t<span class=\"elementor-icon-list-icon\">\n\t\t\t\t\t\t\t<i aria-hidden=\"true\" class=\"fas fa-map-marker-alt\"><\/i>\t\t\t\t\t\t<\/span>\n\t\t\t\t\t\t\t\t\t\t<span class=\"elementor-icon-list-text\">ARRIVA Michalovce a.s.  S\u00eddlo: Lastom\u00edrska 1, 071 80 Michalovce, Slovensk\u00e1 republika<\/span>\n\t\t\t\t\t\t\t\t\t<\/li>\n\t\t\t\t\t\t\t\t<li class=\"elementor-icon-list-item\">\n\t\t\t\t\t\t\t\t\t\t\t<a href=\"http:\/\/sekretariat.mi@arriva.sk\">\n\n\t\t\t\t\t\t\t\t\t\t\t\t<span class=\"elementor-icon-list-icon\">\n\t\t\t\t\t\t\t<i aria-hidden=\"true\" class=\"fas fa-at\"><\/i>\t\t\t\t\t\t<\/span>\n\t\t\t\t\t\t\t\t\t\t<span class=\"elementor-icon-list-text\">sekretariat.mi@arriva.sk<\/span>\n\t\t\t\t\t\t\t\t\t\t\t<\/a>\n\t\t\t\t\t\t\t\t\t<\/li>\n\t\t\t\t\t\t<\/ul>\n\t\t\t\t\t\t<\/div>\n\t\t\t\t<\/div>\n\t\t\t\t\t<\/div>\n\t\t<\/div>\n\t\t\t\t\t<\/div>\n\t\t<\/section>\n\t\t\t\t<\/div>\n\t\t","protected":false},"excerpt":{"rendered":"<p>Predaj majetku Spolo\u010dnos\u0165 ARRIVA Michalovce, a.s. pon\u00faka na predaj: Pr\u00edmestsk\u00fd autobus Iveco 150 Pr\u00edmestsk\u00fd autobus Iveco 156 Pr\u00edmestsk\u00fd autobus Iveco 157 Pr\u00edmestsk\u00fd autobus Iveco 776 Pr\u00edmestsk\u00fd autobus Iveco 825 Rekrea\u010dn\u00e1 chata v k.\u00fa. Vinn\u00e9 Kontakt na n\u00e1s ARRIVA Michalovce a.s. S\u00eddlo: Lastom\u00edrska 1, 071 80 Michalovce, Slovensk\u00e1 republika sekretariat.mi@arriva.sk<\/p>\n","protected":false},"author":5,"featured_media":0,"parent":0,"menu_order":0,"comment_status":"closed","ping_status":"closed","template":"","meta":{"_acf_changed":false,"footnotes":""},"class_list":["post-31555","page","type-page","status-publish","hentry"],"acf":[],"yoast_head":"<!-- This site is optimized with the Yoast SEO plugin v27.2 - https:\/\/yoast.com\/product\/yoast-seo-wordpress\/ -->\n<title>ARRIVA Michalovce - predaj majetku<\/title>\n<meta name=\"robots\" content=\"index, follow, max-snippet:-1, max-image-preview:large, max-video-preview:-1\" \/>\n<link rel=\"canonical\" href=\"https:\/\/arriva.sk\/michalovce\/predaj-majetku\/\" \/>\n<meta property=\"og:locale\" content=\"sk_SK\" \/>\n<meta property=\"og:type\" content=\"article\" \/>\n<meta property=\"og:title\" content=\"ARRIVA Michalovce - predaj majetku\" \/>\n<meta property=\"og:description\" content=\"Predaj majetku Spolo\u010dnos\u0165 ARRIVA Michalovce, a.s. pon\u00faka na predaj: Pr\u00edmestsk\u00fd autobus Iveco 150 Pr\u00edmestsk\u00fd autobus Iveco 156 Pr\u00edmestsk\u00fd autobus Iveco 157 Pr\u00edmestsk\u00fd autobus Iveco 776 Pr\u00edmestsk\u00fd autobus Iveco 825 Rekrea\u010dn\u00e1 chata v k.\u00fa. Vinn\u00e9 Kontakt na n\u00e1s ARRIVA Michalovce a.s. S\u00eddlo: Lastom\u00edrska 1, 071 80 Michalovce, Slovensk\u00e1 republika sekretariat.mi@arriva.sk\" \/>\n<meta property=\"og:url\" content=\"https:\/\/arriva.sk\/michalovce\/predaj-majetku\/\" \/>\n<meta property=\"og:site_name\" content=\"ARRIVA Michalovce\" \/>\n<meta property=\"article:modified_time\" content=\"2025-10-03T06:56:24+00:00\" \/>\n<meta property=\"og:image\" content=\"https:\/\/arriva.sk\/michalovce\/wp-content\/uploads\/sites\/20\/2025\/05\/arriva_velkekapusany31-scaled.jpg\" \/>\n\t<meta property=\"og:image:width\" content=\"2560\" \/>\n\t<meta property=\"og:image:height\" content=\"1704\" \/>\n\t<meta property=\"og:image:type\" content=\"image\/jpeg\" \/>\n<meta name=\"twitter:card\" content=\"summary_large_image\" \/>\n<meta name=\"twitter:label1\" content=\"Predpokladan\u00fd \u010das \u010d\u00edtania\" \/>\n\t<meta name=\"twitter:data1\" content=\"1 min\u00fata\" \/>\n<script type=\"application\/ld+json\" class=\"yoast-schema-graph\">{\"@context\":\"https:\/\/schema.org\",\"@graph\":[{\"@type\":\"WebPage\",\"@id\":\"https:\/\/arriva.sk\/michalovce\/predaj-majetku\/\",\"url\":\"https:\/\/arriva.sk\/michalovce\/predaj-majetku\/\",\"name\":\"ARRIVA Michalovce - predaj majetku\",\"isPartOf\":{\"@id\":\"https:\/\/arriva.sk\/michalovce\/#website\"},\"primaryImageOfPage\":{\"@id\":\"https:\/\/arriva.sk\/michalovce\/predaj-majetku\/#primaryimage\"},\"image\":{\"@id\":\"https:\/\/arriva.sk\/michalovce\/predaj-majetku\/#primaryimage\"},\"thumbnailUrl\":\"https:\/\/arriva.sk\/michalovce\/wp-content\/uploads\/sites\/20\/2025\/05\/arriva_velkekapusany31-scaled.jpg\",\"datePublished\":\"2025-05-06T18:29:31+00:00\",\"dateModified\":\"2025-10-03T06:56:24+00:00\",\"breadcrumb\":{\"@id\":\"https:\/\/arriva.sk\/michalovce\/predaj-majetku\/#breadcrumb\"},\"inLanguage\":\"sk-SK\",\"potentialAction\":[{\"@type\":\"ReadAction\",\"target\":[\"https:\/\/arriva.sk\/michalovce\/predaj-majetku\/\"]}]},{\"@type\":\"ImageObject\",\"inLanguage\":\"sk-SK\",\"@id\":\"https:\/\/arriva.sk\/michalovce\/predaj-majetku\/#primaryimage\",\"url\":\"https:\/\/arriva.sk\/michalovce\/wp-content\/uploads\/sites\/20\/2025\/05\/arriva_velkekapusany31-scaled.jpg\",\"contentUrl\":\"https:\/\/arriva.sk\/michalovce\/wp-content\/uploads\/sites\/20\/2025\/05\/arriva_velkekapusany31-scaled.jpg\",\"width\":2560,\"height\":1704},{\"@type\":\"BreadcrumbList\",\"@id\":\"https:\/\/arriva.sk\/michalovce\/predaj-majetku\/#breadcrumb\",\"itemListElement\":[{\"@type\":\"ListItem\",\"position\":1,\"name\":\"Home\",\"item\":\"https:\/\/arriva.sk\/michalovce\/\"},{\"@type\":\"ListItem\",\"position\":2,\"name\":\"Predaj majetku\"}]},{\"@type\":\"WebSite\",\"@id\":\"https:\/\/arriva.sk\/michalovce\/#website\",\"url\":\"https:\/\/arriva.sk\/michalovce\/\",\"name\":\"ARRIVA Michalovce\",\"description\":\"Autobusov\u00e1 doprava v ko\u0161ickom regi\u00f3ne\",\"publisher\":{\"@id\":\"https:\/\/arriva.sk\/michalovce\/#organization\"},\"potentialAction\":[{\"@type\":\"SearchAction\",\"target\":{\"@type\":\"EntryPoint\",\"urlTemplate\":\"https:\/\/arriva.sk\/michalovce\/?s={search_term_string}\"},\"query-input\":{\"@type\":\"PropertyValueSpecification\",\"valueRequired\":true,\"valueName\":\"search_term_string\"}}],\"inLanguage\":\"sk-SK\"},{\"@type\":\"Organization\",\"@id\":\"https:\/\/arriva.sk\/michalovce\/#organization\",\"name\":\"ARRIVA Nitra\",\"url\":\"https:\/\/arriva.sk\/michalovce\/\",\"logo\":{\"@type\":\"ImageObject\",\"inLanguage\":\"sk-SK\",\"@id\":\"https:\/\/arriva.sk\/michalovce\/#\/schema\/logo\/image\/\",\"url\":\"https:\/\/arriva.sk\/midev\/wp-content\/uploads\/sites\/20\/2021\/11\/logo-nitra.png\",\"contentUrl\":\"https:\/\/arriva.sk\/midev\/wp-content\/uploads\/sites\/20\/2021\/11\/logo-nitra.png\",\"width\":300,\"height\":90,\"caption\":\"ARRIVA Nitra\"},\"image\":{\"@id\":\"https:\/\/arriva.sk\/michalovce\/#\/schema\/logo\/image\/\"}}]}<\/script>\n<!-- \/ Yoast SEO plugin. -->","yoast_head_json":{"title":"ARRIVA Michalovce - predaj majetku","robots":{"index":"index","follow":"follow","max-snippet":"max-snippet:-1","max-image-preview":"max-image-preview:large","max-video-preview":"max-video-preview:-1"},"canonical":"https:\/\/arriva.sk\/michalovce\/predaj-majetku\/","og_locale":"sk_SK","og_type":"article","og_title":"ARRIVA Michalovce - predaj majetku","og_description":"Predaj majetku Spolo\u010dnos\u0165 ARRIVA Michalovce, a.s. pon\u00faka na predaj: Pr\u00edmestsk\u00fd autobus Iveco 150 Pr\u00edmestsk\u00fd autobus Iveco 156 Pr\u00edmestsk\u00fd autobus Iveco 157 Pr\u00edmestsk\u00fd autobus Iveco 776 Pr\u00edmestsk\u00fd autobus Iveco 825 Rekrea\u010dn\u00e1 chata v k.\u00fa. Vinn\u00e9 Kontakt na n\u00e1s ARRIVA Michalovce a.s. S\u00eddlo: Lastom\u00edrska 1, 071 80 Michalovce, Slovensk\u00e1 republika sekretariat.mi@arriva.sk","og_url":"https:\/\/arriva.sk\/michalovce\/predaj-majetku\/","og_site_name":"ARRIVA Michalovce","article_modified_time":"2025-10-03T06:56:24+00:00","og_image":[{"width":2560,"height":1704,"url":"https:\/\/arriva.sk\/michalovce\/wp-content\/uploads\/sites\/20\/2025\/05\/arriva_velkekapusany31-scaled.jpg","type":"image\/jpeg"}],"twitter_card":"summary_large_image","twitter_misc":{"Predpokladan\u00fd \u010das \u010d\u00edtania":"1 min\u00fata"},"schema":{"@context":"https:\/\/schema.org","@graph":[{"@type":"WebPage","@id":"https:\/\/arriva.sk\/michalovce\/predaj-majetku\/","url":"https:\/\/arriva.sk\/michalovce\/predaj-majetku\/","name":"ARRIVA Michalovce - predaj majetku","isPartOf":{"@id":"https:\/\/arriva.sk\/michalovce\/#website"},"primaryImageOfPage":{"@id":"https:\/\/arriva.sk\/michalovce\/predaj-majetku\/#primaryimage"},"image":{"@id":"https:\/\/arriva.sk\/michalovce\/predaj-majetku\/#primaryimage"},"thumbnailUrl":"https:\/\/arriva.sk\/michalovce\/wp-content\/uploads\/sites\/20\/2025\/05\/arriva_velkekapusany31-scaled.jpg","datePublished":"2025-05-06T18:29:31+00:00","dateModified":"2025-10-03T06:56:24+00:00","breadcrumb":{"@id":"https:\/\/arriva.sk\/michalovce\/predaj-majetku\/#breadcrumb"},"inLanguage":"sk-SK","potentialAction":[{"@type":"ReadAction","target":["https:\/\/arriva.sk\/michalovce\/predaj-majetku\/"]}]},{"@type":"ImageObject","inLanguage":"sk-SK","@id":"https:\/\/arriva.sk\/michalovce\/predaj-majetku\/#primaryimage","url":"https:\/\/arriva.sk\/michalovce\/wp-content\/uploads\/sites\/20\/2025\/05\/arriva_velkekapusany31-scaled.jpg","contentUrl":"https:\/\/arriva.sk\/michalovce\/wp-content\/uploads\/sites\/20\/2025\/05\/arriva_velkekapusany31-scaled.jpg","width":2560,"height":1704},{"@type":"BreadcrumbList","@id":"https:\/\/arriva.sk\/michalovce\/predaj-majetku\/#breadcrumb","itemListElement":[{"@type":"ListItem","position":1,"name":"Home","item":"https:\/\/arriva.sk\/michalovce\/"},{"@type":"ListItem","position":2,"name":"Predaj majetku"}]},{"@type":"WebSite","@id":"https:\/\/arriva.sk\/michalovce\/#website","url":"https:\/\/arriva.sk\/michalovce\/","name":"ARRIVA Michalovce","description":"Autobusov\u00e1 doprava v ko\u0161ickom regi\u00f3ne","publisher":{"@id":"https:\/\/arriva.sk\/michalovce\/#organization"},"potentialAction":[{"@type":"SearchAction","target":{"@type":"EntryPoint","urlTemplate":"https:\/\/arriva.sk\/michalovce\/?s={search_term_string}"},"query-input":{"@type":"PropertyValueSpecification","valueRequired":true,"valueName":"search_term_string"}}],"inLanguage":"sk-SK"},{"@type":"Organization","@id":"https:\/\/arriva.sk\/michalovce\/#organization","name":"ARRIVA Nitra","url":"https:\/\/arriva.sk\/michalovce\/","logo":{"@type":"ImageObject","inLanguage":"sk-SK","@id":"https:\/\/arriva.sk\/michalovce\/#\/schema\/logo\/image\/","url":"https:\/\/arriva.sk\/midev\/wp-content\/uploads\/sites\/20\/2021\/11\/logo-nitra.png","contentUrl":"https:\/\/arriva.sk\/midev\/wp-content\/uploads\/sites\/20\/2021\/11\/logo-nitra.png","width":300,"height":90,"caption":"ARRIVA Nitra"},"image":{"@id":"https:\/\/arriva.sk\/michalovce\/#\/schema\/logo\/image\/"}}]}},"_links":{"self":[{"href":"https:\/\/arriva.sk\/michalovce\/wp-json\/wp\/v2\/pages\/31555","targetHints":{"allow":["GET"]}}],"collection":[{"href":"https:\/\/arriva.sk\/michalovce\/wp-json\/wp\/v2\/pages"}],"about":[{"href":"https:\/\/arriva.sk\/michalovce\/wp-json\/wp\/v2\/types\/page"}],"author":[{"embeddable":true,"href":"https:\/\/arriva.sk\/michalovce\/wp-json\/wp\/v2\/users\/5"}],"replies":[{"embeddable":true,"href":"https:\/\/arriva.sk\/michalovce\/wp-json\/wp\/v2\/comments?post=31555"}],"version-history":[{"count":34,"href":"https:\/\/arriva.sk\/michalovce\/wp-json\/wp\/v2\/pages\/31555\/revisions"}],"predecessor-version":[{"id":31989,"href":"https:\/\/arriva.sk\/michalovce\/wp-json\/wp\/v2\/pages\/31555\/revisions\/31989"}],"wp:attachment":[{"href":"https:\/\/arriva.sk\/michalovce\/wp-json\/wp\/v2\/media?parent=31555"}],"curies":[{"name":"wp","href":"https:\/\/api.w.org\/{rel}","templated":true}]}}