{"id":17646,"date":"2021-11-18T22:28:55","date_gmt":"2021-11-18T22:28:55","guid":{"rendered":"https:\/\/arriva.sk\/midev\/?page_id=17646"},"modified":"2025-08-22T06:41:10","modified_gmt":"2025-08-22T06:41:10","slug":"kariera","status":"publish","type":"page","link":"https:\/\/arriva.sk\/michalovce\/kariera\/","title":{"rendered":"Kari\u00e9ra"},"content":{"rendered":"\t\t<div data-elementor-type=\"wp-page\" data-elementor-id=\"17646\" class=\"elementor elementor-17646\" data-elementor-post-type=\"page\">\n\t\t\t\t\t\t<section class=\"elementor-section elementor-top-section elementor-element elementor-element-05084d4 elementor-section-height-full elementor-section-boxed elementor-section-height-default elementor-section-items-middle\" data-id=\"05084d4\" data-element_type=\"section\" data-e-type=\"section\" data-settings=\"{&quot;background_background&quot;:&quot;video&quot;,&quot;background_video_link&quot;:&quot;https:\\\/\\\/www.youtube.com\\\/watch?v=XTiTrkn0br8&quot;}\">\n\t\t\t\t\t\t\t\t<div class=\"elementor-background-video-container elementor-hidden-mobile\">\n\t\t\t\t\t\t\t\t\t\t\t\t\t<div class=\"elementor-background-video-embed\" role=\"presentation\"><\/div>\n\t\t\t\t\t\t\t\t\t\t\t\t<\/div>\n\t\t\t\t\t\t\t\t<div class=\"elementor-container elementor-column-gap-default\">\n\t\t\t\t\t<div class=\"elementor-column elementor-col-100 elementor-top-column elementor-element elementor-element-e39d5b2\" data-id=\"e39d5b2\" data-element_type=\"column\" data-e-type=\"column\">\n\t\t\t<div class=\"elementor-widget-wrap\">\n\t\t\t\t\t\t\t<\/div>\n\t\t<\/div>\n\t\t\t\t\t<\/div>\n\t\t<\/section>\n\t\t\t\t<section class=\"elementor-section elementor-top-section elementor-element elementor-element-5c67fa3f elementor-section-boxed elementor-section-height-default elementor-section-height-default\" data-id=\"5c67fa3f\" data-element_type=\"section\" data-e-type=\"section\" id=\"ponuky\">\n\t\t\t\t\t\t<div class=\"elementor-container elementor-column-gap-default\">\n\t\t\t\t\t<div class=\"elementor-column elementor-col-100 elementor-top-column elementor-element elementor-element-297cbfa8\" data-id=\"297cbfa8\" data-element_type=\"column\" data-e-type=\"column\">\n\t\t\t<div class=\"elementor-widget-wrap elementor-element-populated\">\n\t\t\t\t\t\t<div class=\"elementor-element elementor-element-2bbd08c6 elementor-widget elementor-widget-icon-box\" data-id=\"2bbd08c6\" data-element_type=\"widget\" data-e-type=\"widget\" data-widget_type=\"icon-box.default\">\n\t\t\t\t<div class=\"elementor-widget-container\">\n\t\t\t\t\t\t\t<div class=\"elementor-icon-box-wrapper\">\n\n\t\t\t\n\t\t\t\t\t\t<div class=\"elementor-icon-box-content\">\n\n\t\t\t\t\n\t\t\t\t\t\t\t\t\t<p class=\"elementor-icon-box-description\">\n\t\t\t\t\t\tAktu\u00e1lne pracovn\u00e9 poz\u00edcie\t\t\t\t\t<\/p>\n\t\t\t\t\n\t\t\t<\/div>\n\t\t\t\n\t\t<\/div>\n\t\t\t\t\t\t<\/div>\n\t\t\t\t<\/div>\n\t\t\t\t<div class=\"elementor-element elementor-element-4e3d7abb elementor-widget elementor-widget-html\" data-id=\"4e3d7abb\" data-element_type=\"widget\" data-e-type=\"widget\" data-widget_type=\"html.default\">\n\t\t\t\t<div class=\"elementor-widget-container\">\n\t\t\t\t\t<div class=\"netsposts-menu\"><\/div>\t\t\t\t<\/div>\n\t\t\t\t<\/div>\n\t\t\t\t<div class=\"elementor-element elementor-element-6964e51 elementor-align-center elementor-widget elementor-widget-button\" data-id=\"6964e51\" data-element_type=\"widget\" data-e-type=\"widget\" data-widget_type=\"button.default\">\n\t\t\t\t<div class=\"elementor-widget-container\">\n\t\t\t\t\t\t\t\t\t<div class=\"elementor-button-wrapper\">\n\t\t\t\t\t<a class=\"elementor-button elementor-button-link elementor-size-md\" href=\"https:\/\/arriva.sk\/kariera\/#pracovne-ponuky\" id=\"#infolinka\">\n\t\t\t\t\t\t<span class=\"elementor-button-content-wrapper\">\n\t\t\t\t\t\t<span class=\"elementor-button-icon\">\n\t\t\t\t<i aria-hidden=\"true\" class=\"fas fa-long-arrow-alt-right\"><\/i>\t\t\t<\/span>\n\t\t\t\t\t\t\t\t\t<span class=\"elementor-button-text\">Pracovn\u00e9 ponuky Arriva na Slovensku<\/span>\n\t\t\t\t\t<\/span>\n\t\t\t\t\t<\/a>\n\t\t\t\t<\/div>\n\t\t\t\t\t\t\t\t<\/div>\n\t\t\t\t<\/div>\n\t\t\t\t\t<\/div>\n\t\t<\/div>\n\t\t\t\t\t<\/div>\n\t\t<\/section>\n\t\t\t\t<section class=\"elementor-section elementor-top-section elementor-element elementor-element-4bb50fa elementor-section-boxed elementor-section-height-default elementor-section-height-default\" data-id=\"4bb50fa\" data-element_type=\"section\" data-e-type=\"section\" data-settings=\"{&quot;background_background&quot;:&quot;classic&quot;}\">\n\t\t\t\t\t\t<div class=\"elementor-container elementor-column-gap-default\">\n\t\t\t\t\t<div class=\"elementor-column elementor-col-100 elementor-top-column elementor-element elementor-element-0f694fb\" data-id=\"0f694fb\" data-element_type=\"column\" data-e-type=\"column\">\n\t\t\t<div class=\"elementor-widget-wrap elementor-element-populated\">\n\t\t\t\t\t\t<div class=\"elementor-element elementor-element-ac062d3 elementor-widget elementor-widget-text-editor\" data-id=\"ac062d3\" data-element_type=\"widget\" data-e-type=\"widget\" data-widget_type=\"text-editor.default\">\n\t\t\t\t<div class=\"elementor-widget-container\">\n\t\t\t\t\t\t\t\t\t<div class=\"av-special-heading av-9nn2l-343ef42561a2ddac9d675de358dfa087 av-special-heading-h2 blockquote modern-quote avia-builder-el-3 el_before_av_textblock avia-builder-el-first av-inherit-size \">\n<h2 class=\"av-special-heading-tag \">KARI\u00c9RA V SPOLO\u010cNOSTI ARRIVA<\/h2>\n<\/div>\n<section class=\"av_textblock_section av-js7dv5uw-68297fd93718e204148783f576a2161f \">\n<div class=\"avia_textblock \">\n<p>ARRIVA je jedn\u00fdm z popredn\u00fdch poskytovate\u013eov osobnej dopravy v Eur\u00f3pe, zamestn\u00e1va viac ako 36 200 \u013eud\u00ed a ro\u010dne prepravuje 1,5 miliardy cestuj\u00facich v 11 eur\u00f3pskych krajin\u00e1ch. Prev\u00e1dzkuje autobusov\u00fa, \u017eelezni\u010dn\u00fa a lodn\u00fa dopravu.<\/p>\n<p>Spolo\u010dnos\u0165 ARRIVA p\u00f4sob\u00ed na Slovensku od roku 2008 a je najsilnej\u0161\u00edm s\u00fakromn\u00fdm hr\u00e1\u010dom v autobusovej doprave v Slovenskej republike. V&nbsp;Bratislavskom, Ko\u0161ickom, Nitrianskom, Trnavskom a \u017dilinskom kraji zabezpe\u010duje mestsk\u00fa, pr\u00edmestsk\u00fa, zmluvn\u00fa a komer\u010dn\u00fa autobusov\u00fa dopravu. V roku 2016 spolo\u010dnos\u0165 prev\u00e1dzkovala vlakov\u00e9 spojenie Nitry s&nbsp;Prahou a od roku 2017 aj slu\u017ebu zdie\u013ean\u00fdch bicyklov, tzv. bikesharing. ARRIVA zamestn\u00e1va na Slovensku viac ako 2 500 zamestnancov a prev\u00e1dzkuje viac ako 1 500 autobusov. Tvor\u00ed ju \u0161es\u0165 dopravn\u00fdch spolo\u010dnost\u00ed,&nbsp;servisn\u00e1 spolo\u010dnos\u0165 a centr\u00e1la.<\/p>\n<p>Kontakt:<\/p>\n<p><a href=\"mailto:praca.arriva@arriva.sk\">praca.arriva@arriva.sk<\/a><\/p>\n<p>+421 911 996 612<\/p>\n<\/div>\n<\/section>\t\t\t\t\t\t\t\t<\/div>\n\t\t\t\t<\/div>\n\t\t\t\t\t<\/div>\n\t\t<\/div>\n\t\t\t\t\t<\/div>\n\t\t<\/section>\n\t\t\t\t<section class=\"elementor-section elementor-top-section elementor-element elementor-element-7774753 elementor-section-content-middle elementor-section-boxed elementor-section-height-default elementor-section-height-default\" data-id=\"7774753\" data-element_type=\"section\" data-e-type=\"section\" id=\"form\" data-settings=\"{&quot;background_background&quot;:&quot;classic&quot;,&quot;background_motion_fx_motion_fx_scrolling&quot;:&quot;yes&quot;,&quot;background_motion_fx_translateY_effect&quot;:&quot;yes&quot;,&quot;background_motion_fx_translateY_speed&quot;:{&quot;unit&quot;:&quot;px&quot;,&quot;size&quot;:&quot;4.6&quot;,&quot;sizes&quot;:[]},&quot;background_motion_fx_blur_effect&quot;:&quot;yes&quot;,&quot;background_motion_fx_blur_level&quot;:{&quot;unit&quot;:&quot;px&quot;,&quot;size&quot;:&quot;15&quot;,&quot;sizes&quot;:[]},&quot;background_motion_fx_translateY_affectedRange&quot;:{&quot;unit&quot;:&quot;%&quot;,&quot;size&quot;:&quot;&quot;,&quot;sizes&quot;:{&quot;start&quot;:0,&quot;end&quot;:100}},&quot;background_motion_fx_blur_direction&quot;:&quot;out-in&quot;,&quot;background_motion_fx_blur_range&quot;:{&quot;unit&quot;:&quot;%&quot;,&quot;size&quot;:&quot;&quot;,&quot;sizes&quot;:{&quot;start&quot;:20,&quot;end&quot;:80}},&quot;background_motion_fx_devices&quot;:[&quot;desktop&quot;,&quot;tablet&quot;,&quot;mobile&quot;]}\">\n\t\t\t\t\t\t\t<div class=\"elementor-background-overlay\"><\/div>\n\t\t\t\t\t\t\t<div class=\"elementor-container elementor-column-gap-no\">\n\t\t\t\t\t<div class=\"elementor-column elementor-col-100 elementor-top-column elementor-element elementor-element-c4c1ad2\" data-id=\"c4c1ad2\" data-element_type=\"column\" data-e-type=\"column\">\n\t\t\t<div class=\"elementor-widget-wrap elementor-element-populated\">\n\t\t\t\t\t\t<div class=\"elementor-element elementor-element-2848836 elementor-widget elementor-widget-icon-box\" data-id=\"2848836\" data-element_type=\"widget\" data-e-type=\"widget\" data-widget_type=\"icon-box.default\">\n\t\t\t\t<div class=\"elementor-widget-container\">\n\t\t\t\t\t\t\t<div class=\"elementor-icon-box-wrapper\">\n\n\t\t\t\n\t\t\t\t\t\t<div class=\"elementor-icon-box-content\">\n\n\t\t\t\t\n\t\t\t\t\t\t\t\t\t<p class=\"elementor-icon-box-description\">\n\t\t\t\t\t\tVypl\u0148te kontaktn\u00fd formul\u00e1r\t\t\t\t\t<\/p>\n\t\t\t\t\n\t\t\t<\/div>\n\t\t\t\n\t\t<\/div>\n\t\t\t\t\t\t<\/div>\n\t\t\t\t<\/div>\n\t\t\t\t<div class=\"elementor-element elementor-element-af846ef elementor-button-align-end elementor-mobile-button-align-center elementor-widget elementor-widget-form\" data-id=\"af846ef\" data-element_type=\"widget\" data-e-type=\"widget\" data-settings=\"{&quot;step_next_label&quot;:&quot;Next&quot;,&quot;step_previous_label&quot;:&quot;Previous&quot;,&quot;button_width&quot;:&quot;100&quot;,&quot;step_type&quot;:&quot;number_text&quot;,&quot;step_icon_shape&quot;:&quot;circle&quot;}\" data-widget_type=\"form.default\">\n\t\t\t\t<div class=\"elementor-widget-container\">\n\t\t\t\t\t\t\t<form class=\"elementor-form\" method=\"post\" name=\"Z\u00e1ujem o pr\u00e1cu Michalovce\" aria-label=\"Z\u00e1ujem o pr\u00e1cu Michalovce\">\n\t\t\t<input type=\"hidden\" name=\"post_id\" value=\"17646\"\/>\n\t\t\t<input type=\"hidden\" name=\"form_id\" value=\"af846ef\"\/>\n\t\t\t<input type=\"hidden\" name=\"referer_title\" value=\"Si vodi\u010d autobusu? Po\u010f vozi\u0165 cestuj\u00facich v Ko\u0161ickom kraji!\" \/>\n\n\t\t\t\t\t\t\t<input type=\"hidden\" name=\"queried_id\" value=\"17646\"\/>\n\t\t\t\n\t\t\t<div class=\"elementor-form-fields-wrapper elementor-labels-above\">\n\t\t\t\t\t\t\t\t<div class=\"elementor-field-type-text elementor-field-group elementor-column elementor-field-group-name elementor-col-50\">\n\t\t\t\t\t\t\t\t\t\t\t\t<label for=\"form-field-name\" class=\"elementor-field-label\">\n\t\t\t\t\t\t\t\tMeno a priezvisko *\t\t\t\t\t\t\t<\/label>\n\t\t\t\t\t\t\t\t\t\t\t\t\t\t<input size=\"1\" type=\"text\" name=\"form_fields[name]\" id=\"form-field-name\" class=\"elementor-field elementor-size-md  elementor-field-textual\" placeholder=\"Meno a priezvisko\">\n\t\t\t\t\t\t\t\t\t\t\t<\/div>\n\t\t\t\t\t\t\t\t<div class=\"elementor-field-type-text elementor-field-group elementor-column elementor-field-group-email elementor-col-50 elementor-field-required\">\n\t\t\t\t\t\t\t\t\t\t\t\t<label for=\"form-field-email\" class=\"elementor-field-label\">\n\t\t\t\t\t\t\t\tBydlisko  *\t\t\t\t\t\t\t<\/label>\n\t\t\t\t\t\t\t\t\t\t\t\t\t\t<input size=\"1\" type=\"text\" name=\"form_fields[email]\" id=\"form-field-email\" class=\"elementor-field elementor-size-md  elementor-field-textual\" placeholder=\"Va\u0161e bydlisko\" required=\"required\">\n\t\t\t\t\t\t\t\t\t\t\t<\/div>\n\t\t\t\t\t\t\t\t<div class=\"elementor-field-type-text elementor-field-group elementor-column elementor-field-group-5fc6f08 elementor-col-50 elementor-field-required\">\n\t\t\t\t\t\t\t\t\t\t\t\t<label for=\"form-field-5fc6f08\" class=\"elementor-field-label\">\n\t\t\t\t\t\t\t\tTelef\u00f3n  *\t\t\t\t\t\t\t<\/label>\n\t\t\t\t\t\t\t\t\t\t\t\t\t\t<input size=\"1\" type=\"text\" name=\"form_fields[5fc6f08]\" id=\"form-field-5fc6f08\" class=\"elementor-field elementor-size-md  elementor-field-textual\" placeholder=\"V\u00e1\u0161 telef\u00f3n\" required=\"required\">\n\t\t\t\t\t\t\t\t\t\t\t<\/div>\n\t\t\t\t\t\t\t\t<div class=\"elementor-field-type-email elementor-field-group elementor-column elementor-field-group-field_bcb14c3 elementor-col-50 elementor-field-required\">\n\t\t\t\t\t\t\t\t\t\t\t\t<label for=\"form-field-field_bcb14c3\" class=\"elementor-field-label\">\n\t\t\t\t\t\t\t\tE-mail  *\t\t\t\t\t\t\t<\/label>\n\t\t\t\t\t\t\t\t\t\t\t\t\t\t<input size=\"1\" type=\"email\" name=\"form_fields[field_bcb14c3]\" id=\"form-field-field_bcb14c3\" class=\"elementor-field elementor-size-md  elementor-field-textual\" placeholder=\"V\u00e1\u0161 e-mail\" required=\"required\">\n\t\t\t\t\t\t\t\t\t\t\t<\/div>\n\t\t\t\t\t\t\t\t<div class=\"elementor-field-type-select elementor-field-group elementor-column elementor-field-group-6ed25c0 elementor-col-50 elementor-field-required\">\n\t\t\t\t\t\t\t\t\t\t\t\t<label for=\"form-field-6ed25c0\" class=\"elementor-field-label\">\n\t\t\t\t\t\t\t\tM\u00c1M Z\u00c1UJEM O\u00a0PR\u00c1CU  *\t\t\t\t\t\t\t<\/label>\n\t\t\t\t\t\t\t\t<div class=\"elementor-field elementor-select-wrapper remove-before \">\n\t\t\t<div class=\"select-caret-down-wrapper\">\n\t\t\t\t<i aria-hidden=\"true\" class=\"eicon-caret-down\"><\/i>\t\t\t<\/div>\n\t\t\t<select name=\"form_fields[6ed25c0]\" id=\"form-field-6ed25c0\" class=\"elementor-field-textual elementor-size-md\" required=\"required\">\n\t\t\t\t\t\t\t\t\t<option value=\"vodic_s_D\">vodi\u010d autobusu (m\u00e1m vodi\u010dsk\u00fd preukaz skupiny D)<\/option>\n\t\t\t\t\t\t\t\t\t<option value=\"vodic_bez_D\">vodi\u010d autobusu (m\u00e1m z\u00e1ujem o vodi\u010dsk\u00fd preukaz skupiny D)<\/option>\n\t\t\t\t\t\t\t\t\t<option value=\"dispecer\">dispe\u010der<\/option>\n\t\t\t\t\t\t\t\t\t<option value=\"admin\">administrat\u00edvny pracovn\u00edk<\/option>\n\t\t\t\t\t\t\t\t\t<option value=\"servis\">servis<\/option>\n\t\t\t\t\t\t\t\t\t<option value=\"ine\">in\u00e9 (uve\u010fte do pozn\u00e1mky)<\/option>\n\t\t\t\t\t\t\t<\/select>\n\t\t<\/div>\n\t\t\t\t\t\t<\/div>\n\t\t\t\t\t\t\t\t<div class=\"elementor-field-type-upload elementor-field-group elementor-column elementor-field-group-field_5dee71c elementor-col-50\">\n\t\t\t\t\t\t\t\t\t\t\t\t<label for=\"form-field-field_5dee71c\" class=\"elementor-field-label\">\n\t\t\t\t\t\t\t\t\u017divotopis, motiva\u010dn\u00fd list (nepovinn\u00e9)\t\t\t\t\t\t\t<\/label>\n\t\t\t\t\t\t\t\t<input type=\"file\" name=\"form_fields[field_5dee71c][]\" id=\"form-field-field_5dee71c\" class=\"elementor-field elementor-size-md  elementor-upload-field\" multiple=\"multiple\" data-maxsize=\"4\" data-maxsize-message=\"This file exceeds the maximum allowed size.\">\n\n\t\t\t\t\t\t<\/div>\n\t\t\t\t\t\t\t\t<div class=\"elementor-field-type-textarea elementor-field-group elementor-column elementor-field-group-field_d334573 elementor-col-100\">\n\t\t\t\t\t\t\t\t\t\t\t\t<label for=\"form-field-field_d334573\" class=\"elementor-field-label\">\n\t\t\t\t\t\t\t\tPozn\u00e1mka\t\t\t\t\t\t\t<\/label>\n\t\t\t\t\t\t<textarea class=\"elementor-field-textual elementor-field  elementor-size-md\" name=\"form_fields[field_d334573]\" id=\"form-field-field_d334573\" rows=\"4\" placeholder=\"Sem m\u00f4\u017eete nap\u00edsa\u0165 spr\u00e1vu\"><\/textarea>\t\t\t\t<\/div>\n\t\t\t\t\t\t\t\t<div class=\"elementor-field-type-html elementor-field-group elementor-column elementor-field-group-field_8668e95 elementor-col-100\">\n\t\t\t\t\tVopred \u010fakujeme v\u0161etk\u00fdm z\u00e1ujemcom o pr\u00e1cu v na\u0161ej spolo\u010dnosti, kontaktova\u0165 budeme iba uch\u00e1dza\u010dov, ktor\u00ed sp\u013a\u0148aj\u00fa po\u017eiadavky na pracovn\u00e9 poz\u00edcie.\n<br><br>\nSpolo\u010dnosti ARRIVA sprac\u00favaj\u00fa osobn\u00e9 \u00fadaje na \u00fa\u010dely a v zmysle z\u00e1kona \u010d. 18\/2018 Z. z. o ochrane osobn\u00fdch \u00fadajov a o zmene a doplnen\u00ed niektor\u00fdch z\u00e1konov v znen\u00ed neskor\u0161\u00edch predpisov a nariadenia Eur\u00f3pskeho parlamentu a Rady (E\u00da) \u010d. 2016\/679 z 27. apr\u00edla 2016 o ochrane fyzick\u00fdch os\u00f4b pri sprac\u00favan\u00ed osobn\u00fdch \u00fadajov a o vo\u013enom pohybe tak\u00fdchto \u00fadajov, ktor\u00fdm sa zru\u0161uje smernica 95\/46\/ES.\n<br><br>\n<a href=\"https:\/\/arriva.sk\/michalovce\/dokumenty\/\" target=\"_blank\">\nBli\u017e\u0161ie inform\u00e1cie n\u00e1jdete v informa\u010dnom memorande pre uch\u00e1dza\u010dov o zamestnanie tu<\/a>\n\t\t\t\t<\/div>\n\t\t\t\t\t\t\t\t<div class=\"elementor-field-type-recaptcha elementor-field-group elementor-column elementor-field-group-field_f3119f8 elementor-col-100\">\n\t\t\t\t\t<div class=\"elementor-field\" id=\"form-field-field_f3119f8\"><div class=\"elementor-g-recaptcha\" data-sitekey=\"6Ld9qPEpAAAAAHfBzALv91HhMyK2sTfljk_-fuxF\" data-type=\"v2_checkbox\" data-theme=\"light\" data-size=\"normal\"><\/div><\/div>\t\t\t\t<\/div>\n\t\t\t\t\t\t\t\t<div class=\"elementor-field-group elementor-column elementor-field-type-submit elementor-col-100 e-form__buttons\">\n\t\t\t\t\t<button class=\"elementor-button elementor-size-md\" type=\"submit\">\n\t\t\t\t\t\t<span class=\"elementor-button-content-wrapper\">\n\t\t\t\t\t\t\t\t\t\t\t\t\t\t\t\t\t\t\t\t\t\t<span class=\"elementor-button-text\">Odosla\u0165<\/span>\n\t\t\t\t\t\t\t\t\t\t\t\t\t<\/span>\n\t\t\t\t\t<\/button>\n\t\t\t\t<\/div>\n\t\t\t<\/div>\n\t\t<\/form>\n\t\t\t\t\t\t<\/div>\n\t\t\t\t<\/div>\n\t\t\t\t\t<\/div>\n\t\t<\/div>\n\t\t\t\t\t<\/div>\n\t\t<\/section>\n\t\t\t\t<\/div>\n\t\t","protected":false},"excerpt":{"rendered":"<p>Aktu\u00e1lne pracovn\u00e9 poz\u00edcie Pracovn\u00e9 ponuky Arriva na Slovensku KARI\u00c9RA V SPOLO\u010cNOSTI ARRIVA ARRIVA je jedn\u00fdm z popredn\u00fdch poskytovate\u013eov osobnej dopravy v Eur\u00f3pe, zamestn\u00e1va viac ako 36 200 \u013eud\u00ed a ro\u010dne prepravuje 1,5 miliardy cestuj\u00facich v 11 eur\u00f3pskych krajin\u00e1ch. Prev\u00e1dzkuje autobusov\u00fa, \u017eelezni\u010dn\u00fa a lodn\u00fa dopravu. Spolo\u010dnos\u0165 ARRIVA p\u00f4sob\u00ed na Slovensku od roku 2008 a je najsilnej\u0161\u00edm [&hellip;]<\/p>\n","protected":false},"author":1,"featured_media":0,"parent":0,"menu_order":0,"comment_status":"closed","ping_status":"closed","template":"","meta":{"_acf_changed":false,"footnotes":""},"class_list":["post-17646","page","type-page","status-publish","hentry"],"acf":[],"yoast_head":"<!-- This site is optimized with the Yoast SEO plugin v27.2 - https:\/\/yoast.com\/product\/yoast-seo-wordpress\/ -->\n<title>Si vodi\u010d autobusu? Po\u010f vozi\u0165 cestuj\u00facich v Ko\u0161ickom kraji!<\/title>\n<meta name=\"description\" content=\"Pridaj sa k n\u00e1m! Sta\u0148 sa vodi\u010dom autobusu a po\u010f vozi\u0165 cestuj\u00facich v Ko\u0161ickom kraji.\" \/>\n<meta name=\"robots\" content=\"index, follow, max-snippet:-1, max-image-preview:large, max-video-preview:-1\" \/>\n<link rel=\"canonical\" href=\"https:\/\/arriva.sk\/michalovce\/kariera\/\" \/>\n<meta property=\"og:locale\" content=\"sk_SK\" \/>\n<meta property=\"og:type\" content=\"article\" \/>\n<meta property=\"og:title\" content=\"Si vodi\u010d autobusu? Po\u010f vozi\u0165 cestuj\u00facich v Ko\u0161ickom kraji!\" \/>\n<meta property=\"og:description\" content=\"Pridaj sa k n\u00e1m! Sta\u0148 sa vodi\u010dom autobusu a po\u010f vozi\u0165 cestuj\u00facich v Ko\u0161ickom kraji.\" \/>\n<meta property=\"og:url\" content=\"https:\/\/arriva.sk\/michalovce\/kariera\/\" \/>\n<meta property=\"og:site_name\" content=\"ARRIVA Michalovce\" \/>\n<meta property=\"article:modified_time\" content=\"2025-08-22T06:41:10+00:00\" \/>\n<meta name=\"twitter:card\" content=\"summary_large_image\" \/>\n<meta name=\"twitter:label1\" content=\"Predpokladan\u00fd \u010das \u010d\u00edtania\" \/>\n\t<meta name=\"twitter:data1\" content=\"2 min\u00faty\" \/>\n<script type=\"application\/ld+json\" class=\"yoast-schema-graph\">{\"@context\":\"https:\/\/schema.org\",\"@graph\":[{\"@type\":\"WebPage\",\"@id\":\"https:\/\/arriva.sk\/michalovce\/kariera\/\",\"url\":\"https:\/\/arriva.sk\/michalovce\/kariera\/\",\"name\":\"Si vodi\u010d autobusu? Po\u010f vozi\u0165 cestuj\u00facich v Ko\u0161ickom kraji!\",\"isPartOf\":{\"@id\":\"https:\/\/arriva.sk\/michalovce\/#website\"},\"datePublished\":\"2021-11-18T22:28:55+00:00\",\"dateModified\":\"2025-08-22T06:41:10+00:00\",\"description\":\"Pridaj sa k n\u00e1m! Sta\u0148 sa vodi\u010dom autobusu a po\u010f vozi\u0165 cestuj\u00facich v Ko\u0161ickom kraji.\",\"breadcrumb\":{\"@id\":\"https:\/\/arriva.sk\/michalovce\/kariera\/#breadcrumb\"},\"inLanguage\":\"sk-SK\",\"potentialAction\":[{\"@type\":\"ReadAction\",\"target\":[\"https:\/\/arriva.sk\/michalovce\/kariera\/\"]}]},{\"@type\":\"BreadcrumbList\",\"@id\":\"https:\/\/arriva.sk\/michalovce\/kariera\/#breadcrumb\",\"itemListElement\":[{\"@type\":\"ListItem\",\"position\":1,\"name\":\"Home\",\"item\":\"https:\/\/arriva.sk\/michalovce\/\"},{\"@type\":\"ListItem\",\"position\":2,\"name\":\"Kari\u00e9ra\"}]},{\"@type\":\"WebSite\",\"@id\":\"https:\/\/arriva.sk\/michalovce\/#website\",\"url\":\"https:\/\/arriva.sk\/michalovce\/\",\"name\":\"ARRIVA Michalovce\",\"description\":\"Autobusov\u00e1 doprava v ko\u0161ickom regi\u00f3ne\",\"publisher\":{\"@id\":\"https:\/\/arriva.sk\/michalovce\/#organization\"},\"potentialAction\":[{\"@type\":\"SearchAction\",\"target\":{\"@type\":\"EntryPoint\",\"urlTemplate\":\"https:\/\/arriva.sk\/michalovce\/?s={search_term_string}\"},\"query-input\":{\"@type\":\"PropertyValueSpecification\",\"valueRequired\":true,\"valueName\":\"search_term_string\"}}],\"inLanguage\":\"sk-SK\"},{\"@type\":\"Organization\",\"@id\":\"https:\/\/arriva.sk\/michalovce\/#organization\",\"name\":\"ARRIVA Nitra\",\"url\":\"https:\/\/arriva.sk\/michalovce\/\",\"logo\":{\"@type\":\"ImageObject\",\"inLanguage\":\"sk-SK\",\"@id\":\"https:\/\/arriva.sk\/michalovce\/#\/schema\/logo\/image\/\",\"url\":\"https:\/\/arriva.sk\/midev\/wp-content\/uploads\/sites\/20\/2021\/11\/logo-nitra.png\",\"contentUrl\":\"https:\/\/arriva.sk\/midev\/wp-content\/uploads\/sites\/20\/2021\/11\/logo-nitra.png\",\"width\":300,\"height\":90,\"caption\":\"ARRIVA Nitra\"},\"image\":{\"@id\":\"https:\/\/arriva.sk\/michalovce\/#\/schema\/logo\/image\/\"}}]}<\/script>\n<!-- \/ Yoast SEO plugin. -->","yoast_head_json":{"title":"Si vodi\u010d autobusu? Po\u010f vozi\u0165 cestuj\u00facich v Ko\u0161ickom kraji!","description":"Pridaj sa k n\u00e1m! Sta\u0148 sa vodi\u010dom autobusu a po\u010f vozi\u0165 cestuj\u00facich v Ko\u0161ickom kraji.","robots":{"index":"index","follow":"follow","max-snippet":"max-snippet:-1","max-image-preview":"max-image-preview:large","max-video-preview":"max-video-preview:-1"},"canonical":"https:\/\/arriva.sk\/michalovce\/kariera\/","og_locale":"sk_SK","og_type":"article","og_title":"Si vodi\u010d autobusu? Po\u010f vozi\u0165 cestuj\u00facich v Ko\u0161ickom kraji!","og_description":"Pridaj sa k n\u00e1m! Sta\u0148 sa vodi\u010dom autobusu a po\u010f vozi\u0165 cestuj\u00facich v Ko\u0161ickom kraji.","og_url":"https:\/\/arriva.sk\/michalovce\/kariera\/","og_site_name":"ARRIVA Michalovce","article_modified_time":"2025-08-22T06:41:10+00:00","twitter_card":"summary_large_image","twitter_misc":{"Predpokladan\u00fd \u010das \u010d\u00edtania":"2 min\u00faty"},"schema":{"@context":"https:\/\/schema.org","@graph":[{"@type":"WebPage","@id":"https:\/\/arriva.sk\/michalovce\/kariera\/","url":"https:\/\/arriva.sk\/michalovce\/kariera\/","name":"Si vodi\u010d autobusu? Po\u010f vozi\u0165 cestuj\u00facich v Ko\u0161ickom kraji!","isPartOf":{"@id":"https:\/\/arriva.sk\/michalovce\/#website"},"datePublished":"2021-11-18T22:28:55+00:00","dateModified":"2025-08-22T06:41:10+00:00","description":"Pridaj sa k n\u00e1m! Sta\u0148 sa vodi\u010dom autobusu a po\u010f vozi\u0165 cestuj\u00facich v Ko\u0161ickom kraji.","breadcrumb":{"@id":"https:\/\/arriva.sk\/michalovce\/kariera\/#breadcrumb"},"inLanguage":"sk-SK","potentialAction":[{"@type":"ReadAction","target":["https:\/\/arriva.sk\/michalovce\/kariera\/"]}]},{"@type":"BreadcrumbList","@id":"https:\/\/arriva.sk\/michalovce\/kariera\/#breadcrumb","itemListElement":[{"@type":"ListItem","position":1,"name":"Home","item":"https:\/\/arriva.sk\/michalovce\/"},{"@type":"ListItem","position":2,"name":"Kari\u00e9ra"}]},{"@type":"WebSite","@id":"https:\/\/arriva.sk\/michalovce\/#website","url":"https:\/\/arriva.sk\/michalovce\/","name":"ARRIVA Michalovce","description":"Autobusov\u00e1 doprava v ko\u0161ickom regi\u00f3ne","publisher":{"@id":"https:\/\/arriva.sk\/michalovce\/#organization"},"potentialAction":[{"@type":"SearchAction","target":{"@type":"EntryPoint","urlTemplate":"https:\/\/arriva.sk\/michalovce\/?s={search_term_string}"},"query-input":{"@type":"PropertyValueSpecification","valueRequired":true,"valueName":"search_term_string"}}],"inLanguage":"sk-SK"},{"@type":"Organization","@id":"https:\/\/arriva.sk\/michalovce\/#organization","name":"ARRIVA Nitra","url":"https:\/\/arriva.sk\/michalovce\/","logo":{"@type":"ImageObject","inLanguage":"sk-SK","@id":"https:\/\/arriva.sk\/michalovce\/#\/schema\/logo\/image\/","url":"https:\/\/arriva.sk\/midev\/wp-content\/uploads\/sites\/20\/2021\/11\/logo-nitra.png","contentUrl":"https:\/\/arriva.sk\/midev\/wp-content\/uploads\/sites\/20\/2021\/11\/logo-nitra.png","width":300,"height":90,"caption":"ARRIVA Nitra"},"image":{"@id":"https:\/\/arriva.sk\/michalovce\/#\/schema\/logo\/image\/"}}]}},"_links":{"self":[{"href":"https:\/\/arriva.sk\/michalovce\/wp-json\/wp\/v2\/pages\/17646","targetHints":{"allow":["GET"]}}],"collection":[{"href":"https:\/\/arriva.sk\/michalovce\/wp-json\/wp\/v2\/pages"}],"about":[{"href":"https:\/\/arriva.sk\/michalovce\/wp-json\/wp\/v2\/types\/page"}],"author":[{"embeddable":true,"href":"https:\/\/arriva.sk\/michalovce\/wp-json\/wp\/v2\/users\/1"}],"replies":[{"embeddable":true,"href":"https:\/\/arriva.sk\/michalovce\/wp-json\/wp\/v2\/comments?post=17646"}],"version-history":[{"count":51,"href":"https:\/\/arriva.sk\/michalovce\/wp-json\/wp\/v2\/pages\/17646\/revisions"}],"predecessor-version":[{"id":31846,"href":"https:\/\/arriva.sk\/michalovce\/wp-json\/wp\/v2\/pages\/17646\/revisions\/31846"}],"wp:attachment":[{"href":"https:\/\/arriva.sk\/michalovce\/wp-json\/wp\/v2\/media?parent=17646"}],"curies":[{"name":"wp","href":"https:\/\/api.w.org\/{rel}","templated":true}]}}