{"id":29239,"date":"2024-01-12T10:05:46","date_gmt":"2024-01-12T10:05:46","guid":{"rendered":"https:\/\/arriva.sk\/liorbusdev\/?page_id=29239"},"modified":"2025-05-28T14:32:03","modified_gmt":"2025-05-28T12:32:03","slug":"cyklobus-na-orave","status":"publish","type":"page","link":"https:\/\/arriva.sk\/liorbus\/cyklobus-na-orave\/","title":{"rendered":"Cyklobus na Orave"},"content":{"rendered":"\t\t<div data-elementor-type=\"wp-page\" data-elementor-id=\"29239\" class=\"elementor elementor-29239\" data-elementor-post-type=\"page\">\n\t\t\t\t\t\t<section class=\"elementor-section elementor-top-section elementor-element elementor-element-18595140 elementor-section-content-middle elementor-reverse-mobile elementor-section-boxed elementor-section-height-default elementor-section-height-default\" data-id=\"18595140\" data-element_type=\"section\" data-e-type=\"section\">\n\t\t\t\t\t\t<div class=\"elementor-container elementor-column-gap-default\">\n\t\t\t\t\t<div class=\"elementor-column elementor-col-50 elementor-top-column elementor-element elementor-element-7a4f021e\" data-id=\"7a4f021e\" data-element_type=\"column\" data-e-type=\"column\">\n\t\t\t<div class=\"elementor-widget-wrap elementor-element-populated\">\n\t\t\t\t\t\t<div class=\"elementor-element elementor-element-6fada645 elementor-widget elementor-widget-heading\" data-id=\"6fada645\" data-element_type=\"widget\" data-e-type=\"widget\" data-widget_type=\"heading.default\">\n\t\t\t\t<div class=\"elementor-widget-container\">\n\t\t\t\t\t<h2 class=\"elementor-heading-title elementor-size-default\">Pre\u010do Orava?<\/h2>\t\t\t\t<\/div>\n\t\t\t\t<\/div>\n\t\t\t\t<div class=\"elementor-element elementor-element-f466e28 elementor-widget elementor-widget-text-editor\" data-id=\"f466e28\" data-element_type=\"widget\" data-e-type=\"widget\" data-widget_type=\"text-editor.default\">\n\t\t\t\t<div class=\"elementor-widget-container\">\n\t\t\t\t\t\t\t\t\t<p><strong><span class=\"relative -mx-px my-[-0.2rem] rounded px-px py-[0.2rem] transition-colors duration-100 ease-in-out\">Orava v\u00e1s o\u010dar\u00ed nielen svojou bohatou hist\u00f3riou, ale aj n\u00e1dhernou pr\u00edrodou, ktor\u00e1 je ako stvoren\u00e1 na horsk\u00fa turistiku a cyklistiku.<\/span><\/strong><\/p><p><span class=\"relative -mx-px my-[-0.2rem] rounded px-px py-[0.2rem] transition-colors duration-100 ease-in-out\">\u010ci u\u017e ste v\u00e1\u0161niv\u00fd cyklista alebo len h\u013ead\u00e1te pr\u00edjemn\u00fd v\u00fdlet, Orava pon\u00faka r\u00f4znorod\u00e9 trasy pre ka\u017ed\u00e9ho.<\/span><\/p><p data-start=\"1070\" data-end=\"1188\"><strong><span class=\"relative -mx-px my-[-0.2rem] rounded px-px py-[0.2rem] transition-colors duration-100 ease-in-out\">Ak sa rozhodnete vyu\u017ei\u0165 verejn\u00fa dopravu, cyklobus je ide\u00e1lnym rie\u0161en\u00edm.<\/span><\/strong> <span class=\"relative -mx-px my-[-0.2rem] rounded px-px py-[0.2rem] transition-colors duration-100 ease-in-out\">Autobus vybaven\u00fd cyklonosi\u010dom bezpe\u010dne preprav\u00ed a\u017e \u0161es\u0165 bicyklov naraz, \u010do v\u00e1m umo\u017en\u00ed spozn\u00e1va\u0165 Oravu bez starost\u00ed o transport.<\/span><\/p><p data-start=\"1190\" data-end=\"1220\"><strong data-start=\"1190\" data-end=\"1220\">Vreckov\u00fd cestovn\u00fd poriadok<\/strong><\/p><p data-start=\"1222\" data-end=\"1340\"><span class=\"relative -mx-px my-[-0.2rem] rounded px-px py-[0.2rem] transition-colors duration-100 ease-in-out\">V\u0161etky potrebn\u00e9 inform\u00e1cie o cyklobusoch, tras\u00e1ch a \u010fal\u0161\u00edch slu\u017eb\u00e1ch n\u00e1jdete v na\u0161om praktickom vreckovom poriadku. Pre pohodln\u00fd pr\u00edstup si ho m\u00f4\u017eete stiahnu\u0165 priamo<\/span> <a href=\"https:\/\/arriva.sk\/\/files\/lb\/dokumenty\/cyklobus_orava_vcp.pdf\" target=\"_blank\" rel=\"noopener\">TU.<\/a><\/p>\t\t\t\t\t\t\t\t<\/div>\n\t\t\t\t<\/div>\n\t\t\t\t\t<\/div>\n\t\t<\/div>\n\t\t\t\t<div class=\"elementor-column elementor-col-50 elementor-top-column elementor-element elementor-element-6bcf0c94\" data-id=\"6bcf0c94\" data-element_type=\"column\" data-e-type=\"column\">\n\t\t\t<div class=\"elementor-widget-wrap elementor-element-populated\">\n\t\t\t\t\t\t<div class=\"elementor-element elementor-element-6079b30 elementor-widget elementor-widget-image\" data-id=\"6079b30\" data-element_type=\"widget\" data-e-type=\"widget\" data-widget_type=\"image.default\">\n\t\t\t\t<div class=\"elementor-widget-container\">\n\t\t\t\t\t\t\t\t\t\t\t\t\t\t\t<img fetchpriority=\"high\" decoding=\"async\" width=\"2048\" height=\"1536\" src=\"https:\/\/arriva.sk\/liorbus\/wp-content\/uploads\/sites\/18\/2024\/07\/IMG_2256-2048x1536-1.webp\" class=\"attachment-full size-full wp-image-30318\" alt=\"\" srcset=\"https:\/\/arriva.sk\/liorbus\/wp-content\/uploads\/sites\/18\/2024\/07\/IMG_2256-2048x1536-1.webp 2048w, https:\/\/arriva.sk\/liorbus\/wp-content\/uploads\/sites\/18\/2024\/07\/IMG_2256-2048x1536-1-300x225.webp 300w, https:\/\/arriva.sk\/liorbus\/wp-content\/uploads\/sites\/18\/2024\/07\/IMG_2256-2048x1536-1-1030x773.webp 1030w, https:\/\/arriva.sk\/liorbus\/wp-content\/uploads\/sites\/18\/2024\/07\/IMG_2256-2048x1536-1-768x576.webp 768w, https:\/\/arriva.sk\/liorbus\/wp-content\/uploads\/sites\/18\/2024\/07\/IMG_2256-2048x1536-1-1536x1152.webp 1536w, https:\/\/arriva.sk\/liorbus\/wp-content\/uploads\/sites\/18\/2024\/07\/IMG_2256-2048x1536-1-1320x990.webp 1320w\" sizes=\"(max-width: 2048px) 100vw, 2048px\" \/>\t\t\t\t\t\t\t\t\t\t\t\t\t\t\t<\/div>\n\t\t\t\t<\/div>\n\t\t\t\t\t<\/div>\n\t\t<\/div>\n\t\t\t\t\t<\/div>\n\t\t<\/section>\n\t\t\t\t<section class=\"elementor-section elementor-top-section elementor-element elementor-element-4f17afd elementor-section-boxed elementor-section-height-default elementor-section-height-default\" data-id=\"4f17afd\" data-element_type=\"section\" data-e-type=\"section\" data-settings=\"{&quot;background_background&quot;:&quot;classic&quot;}\">\n\t\t\t\t\t\t<div class=\"elementor-container elementor-column-gap-default\">\n\t\t\t\t\t<div class=\"elementor-column elementor-col-100 elementor-top-column elementor-element elementor-element-ffd2a4e\" data-id=\"ffd2a4e\" data-element_type=\"column\" data-e-type=\"column\">\n\t\t\t<div class=\"elementor-widget-wrap elementor-element-populated\">\n\t\t\t\t\t\t<div class=\"elementor-element elementor-element-30ca7a8 elementor-widget elementor-widget-heading\" data-id=\"30ca7a8\" data-element_type=\"widget\" data-e-type=\"widget\" data-widget_type=\"heading.default\">\n\t\t\t\t<div class=\"elementor-widget-container\">\n\t\t\t\t\t<h2 class=\"elementor-heading-title elementor-size-default\"><b>Spoznajte Oravu zo sedla bicykla<\/b><\/h2>\t\t\t\t<\/div>\n\t\t\t\t<\/div>\n\t\t\t\t<section class=\"elementor-section elementor-inner-section elementor-element elementor-element-32bc61a elementor-section-boxed elementor-section-height-default elementor-section-height-default\" data-id=\"32bc61a\" data-element_type=\"section\" data-e-type=\"section\">\n\t\t\t\t\t\t<div class=\"elementor-container elementor-column-gap-default\">\n\t\t\t\t\t<div class=\"elementor-column elementor-col-50 elementor-inner-column elementor-element elementor-element-98a6ae9\" data-id=\"98a6ae9\" data-element_type=\"column\" data-e-type=\"column\">\n\t\t\t<div class=\"elementor-widget-wrap elementor-element-populated\">\n\t\t\t\t\t\t<div class=\"elementor-element elementor-element-3e39651 elementor-widget elementor-widget-image\" data-id=\"3e39651\" data-element_type=\"widget\" data-e-type=\"widget\" data-widget_type=\"image.default\">\n\t\t\t\t<div class=\"elementor-widget-container\">\n\t\t\t\t\t\t\t\t\t\t\t\t\t\t\t\t<a href=\"https:\/\/arriva.sk\/liorbus\/wp-content\/uploads\/sites\/18\/2025\/05\/cyklobus_orava_A3_page-0001.jpg\" data-elementor-open-lightbox=\"yes\" data-elementor-lightbox-title=\"cyklobus_orava_A3_page-0001\" data-e-action-hash=\"#elementor-action%3Aaction%3Dlightbox%26settings%3DeyJpZCI6MzE2MjIsInVybCI6Imh0dHBzOlwvXC9hcnJpdmEuc2tcL2xpb3JidXNcL3dwLWNvbnRlbnRcL3VwbG9hZHNcL3NpdGVzXC8xOFwvMjAyNVwvMDVcL2N5a2xvYnVzX29yYXZhX0EzX3BhZ2UtMDAwMS5qcGcifQ%3D%3D\">\n\t\t\t\t\t\t\t<img decoding=\"async\" width=\"1786\" height=\"2484\" src=\"https:\/\/arriva.sk\/liorbus\/wp-content\/uploads\/sites\/18\/2025\/05\/cyklobus_orava_A3_page-0001.jpg\" class=\"attachment-full size-full wp-image-31622\" alt=\"\" srcset=\"https:\/\/arriva.sk\/liorbus\/wp-content\/uploads\/sites\/18\/2025\/05\/cyklobus_orava_A3_page-0001.jpg 1786w, https:\/\/arriva.sk\/liorbus\/wp-content\/uploads\/sites\/18\/2025\/05\/cyklobus_orava_A3_page-0001-216x300.jpg 216w, https:\/\/arriva.sk\/liorbus\/wp-content\/uploads\/sites\/18\/2025\/05\/cyklobus_orava_A3_page-0001-741x1030.jpg 741w, https:\/\/arriva.sk\/liorbus\/wp-content\/uploads\/sites\/18\/2025\/05\/cyklobus_orava_A3_page-0001-768x1068.jpg 768w, https:\/\/arriva.sk\/liorbus\/wp-content\/uploads\/sites\/18\/2025\/05\/cyklobus_orava_A3_page-0001-1104x1536.jpg 1104w, https:\/\/arriva.sk\/liorbus\/wp-content\/uploads\/sites\/18\/2025\/05\/cyklobus_orava_A3_page-0001-1473x2048.jpg 1473w, https:\/\/arriva.sk\/liorbus\/wp-content\/uploads\/sites\/18\/2025\/05\/cyklobus_orava_A3_page-0001-1320x1836.jpg 1320w\" sizes=\"(max-width: 1786px) 100vw, 1786px\" \/>\t\t\t\t\t\t\t\t<\/a>\n\t\t\t\t\t\t\t\t\t\t\t\t\t\t\t<\/div>\n\t\t\t\t<\/div>\n\t\t\t\t\t<\/div>\n\t\t<\/div>\n\t\t\t\t<div class=\"elementor-column elementor-col-50 elementor-inner-column elementor-element elementor-element-e448c54\" data-id=\"e448c54\" data-element_type=\"column\" data-e-type=\"column\">\n\t\t\t<div class=\"elementor-widget-wrap elementor-element-populated\">\n\t\t\t\t\t\t<div class=\"elementor-element elementor-element-209a270 elementor-widget elementor-widget-text-editor\" data-id=\"209a270\" data-element_type=\"widget\" data-e-type=\"widget\" data-widget_type=\"text-editor.default\">\n\t\t\t\t<div class=\"elementor-widget-container\">\n\t\t\t\t\t\t\t\t\t<p>Trasa cyklobusu za\u010d\u00edna v Trstenej, \u010fal\u0161ou zast\u00e1vkou je Ni\u017en\u00e1, Zuberec a kone\u010dn\u00e1 je na Zverovke. Nasp\u00e4\u0165 sa bude vraca\u0165 po rovnakej trase, no po zast\u00e1vke v Trstenej obsl\u00fa\u017ei aj zast\u00e1vky vo Vitanovej a Oraviciach. Cyklobus jazd\u00ed po\u010das letn\u00fdch pr\u00e1zdnin ka\u017ed\u00fd de\u0148 trikr\u00e1t. Mimo pr\u00e1zdnin od 1. j\u00fana do 29. septembra jazd\u00ed po\u010das v\u00edkendov. Odviez\u0165 dok\u00e1\u017ee naraz \u0161es\u0165 bicyklov a cena za ich prevoz je 0,50 eur. Cestovn\u00e9 l\u00edstky si m\u00f4\u017eu cestuj\u00faci k\u00fapi\u0165 u vodi\u010da. Cyklobus sa riadi rovnak\u00fdmi tarifn\u00fdmi podmienkami ako v\u0161etky spoje spolo\u010dnosti ARRIVA Liorbus.\u00a0<\/p>\t\t\t\t\t\t\t\t<\/div>\n\t\t\t\t<\/div>\n\t\t\t\t<div class=\"elementor-element elementor-element-18d6c82 elementor-widget elementor-widget-image\" data-id=\"18d6c82\" data-element_type=\"widget\" data-e-type=\"widget\" data-widget_type=\"image.default\">\n\t\t\t\t<div class=\"elementor-widget-container\">\n\t\t\t\t\t\t\t\t\t\t\t\t\t\t\t\t<a href=\"https:\/\/arriva.sk\/liorbus\/wp-content\/uploads\/sites\/18\/2025\/05\/vcp_orava_odchody.jpg\" data-elementor-open-lightbox=\"yes\" data-elementor-lightbox-title=\"vcp_orava_odchody\" data-e-action-hash=\"#elementor-action%3Aaction%3Dlightbox%26settings%3DeyJpZCI6MzE2MjMsInVybCI6Imh0dHBzOlwvXC9hcnJpdmEuc2tcL2xpb3JidXNcL3dwLWNvbnRlbnRcL3VwbG9hZHNcL3NpdGVzXC8xOFwvMjAyNVwvMDVcL3ZjcF9vcmF2YV9vZGNob2R5LmpwZyJ9\">\n\t\t\t\t\t\t\t<img decoding=\"async\" width=\"1211\" height=\"854\" src=\"https:\/\/arriva.sk\/liorbus\/wp-content\/uploads\/sites\/18\/2025\/05\/vcp_orava_odchody.jpg\" class=\"attachment-full size-full wp-image-31623\" alt=\"\" srcset=\"https:\/\/arriva.sk\/liorbus\/wp-content\/uploads\/sites\/18\/2025\/05\/vcp_orava_odchody.jpg 1211w, https:\/\/arriva.sk\/liorbus\/wp-content\/uploads\/sites\/18\/2025\/05\/vcp_orava_odchody-300x212.jpg 300w, https:\/\/arriva.sk\/liorbus\/wp-content\/uploads\/sites\/18\/2025\/05\/vcp_orava_odchody-1030x726.jpg 1030w, https:\/\/arriva.sk\/liorbus\/wp-content\/uploads\/sites\/18\/2025\/05\/vcp_orava_odchody-768x542.jpg 768w\" sizes=\"(max-width: 1211px) 100vw, 1211px\" \/>\t\t\t\t\t\t\t\t<\/a>\n\t\t\t\t\t\t\t\t\t\t\t\t\t\t\t<\/div>\n\t\t\t\t<\/div>\n\t\t\t\t\t<\/div>\n\t\t<\/div>\n\t\t\t\t\t<\/div>\n\t\t<\/section>\n\t\t\t\t\t<\/div>\n\t\t<\/div>\n\t\t\t\t\t<\/div>\n\t\t<\/section>\n\t\t\t\t<\/div>\n\t\t","protected":false},"excerpt":{"rendered":"<p>Pre\u010do Orava? Orava v\u00e1s o\u010dar\u00ed nielen svojou bohatou hist\u00f3riou, ale aj n\u00e1dhernou pr\u00edrodou, ktor\u00e1 je ako stvoren\u00e1 na horsk\u00fa turistiku a cyklistiku. \u010ci u\u017e ste v\u00e1\u0161niv\u00fd cyklista alebo len h\u013ead\u00e1te pr\u00edjemn\u00fd v\u00fdlet, Orava pon\u00faka r\u00f4znorod\u00e9 trasy pre ka\u017ed\u00e9ho. Ak sa rozhodnete vyu\u017ei\u0165 verejn\u00fa dopravu, cyklobus je ide\u00e1lnym rie\u0161en\u00edm. Autobus vybaven\u00fd cyklonosi\u010dom bezpe\u010dne preprav\u00ed a\u017e \u0161es\u0165 [&hellip;]<\/p>\n","protected":false},"author":1,"featured_media":0,"parent":0,"menu_order":0,"comment_status":"closed","ping_status":"closed","template":"","meta":{"_acf_changed":false,"footnotes":""},"class_list":["post-29239","page","type-page","status-publish","hentry"],"acf":[],"yoast_head":"<!-- This site is optimized with the Yoast SEO plugin v27.2 - https:\/\/yoast.com\/product\/yoast-seo-wordpress\/ -->\n<title>ARRIVA Liorbus - Cyklobus na Orave<\/title>\n<meta name=\"description\" content=\"ARRIVA Liorbus - Cyklobus na Orave\" \/>\n<meta name=\"robots\" content=\"index, follow, max-snippet:-1, max-image-preview:large, max-video-preview:-1\" \/>\n<link rel=\"canonical\" href=\"https:\/\/arriva.sk\/liorbus\/cyklobus-na-orave\/\" \/>\n<meta property=\"og:locale\" content=\"sk_SK\" \/>\n<meta property=\"og:type\" content=\"article\" \/>\n<meta property=\"og:title\" content=\"Pr\u00edmestsk\u00e1 verejn\u00e1 doprava v 4 regi\u00f3noch \u2013 Bratislava, Malacky, Senec a \u0160amor\u00edn.\" \/>\n<meta property=\"og:description\" content=\"ARRIVA Mobility Solutions, s.r.o. zabezpe\u010duje v Bratislavskom kraji pr\u00edmestsk\u00fa verejn\u00fa dopravu v 4 regi\u00f3noch \u2013 Bratislava, Malacky, Senec a \u0160amor\u00edn.\" \/>\n<meta property=\"og:url\" content=\"https:\/\/arriva.sk\/liorbus\/cyklobus-na-orave\/\" \/>\n<meta property=\"og:site_name\" content=\"ARRIVA Liorbus\" \/>\n<meta property=\"article:modified_time\" content=\"2025-05-28T12:32:03+00:00\" \/>\n<meta property=\"og:image\" content=\"https:\/\/arriva.sk\/liorbus\/wp-content\/uploads\/sites\/18\/2024\/07\/IMG_2256-2048x1536-1.webp\" \/>\n\t<meta property=\"og:image:width\" content=\"2048\" \/>\n\t<meta property=\"og:image:height\" content=\"1536\" \/>\n\t<meta property=\"og:image:type\" content=\"image\/webp\" \/>\n<meta name=\"twitter:card\" content=\"summary_large_image\" \/>\n<meta name=\"twitter:label1\" content=\"Predpokladan\u00fd \u010das \u010d\u00edtania\" \/>\n\t<meta name=\"twitter:data1\" content=\"2 min\u00faty\" \/>\n<script type=\"application\/ld+json\" class=\"yoast-schema-graph\">{\"@context\":\"https:\/\/schema.org\",\"@graph\":[{\"@type\":\"WebPage\",\"@id\":\"https:\/\/arriva.sk\/liorbus\/cyklobus-na-orave\/\",\"url\":\"https:\/\/arriva.sk\/liorbus\/cyklobus-na-orave\/\",\"name\":\"ARRIVA Liorbus - Cyklobus na Orave\",\"isPartOf\":{\"@id\":\"https:\/\/arriva.sk\/liorbus\/#website\"},\"primaryImageOfPage\":{\"@id\":\"https:\/\/arriva.sk\/liorbus\/cyklobus-na-orave\/#primaryimage\"},\"image\":{\"@id\":\"https:\/\/arriva.sk\/liorbus\/cyklobus-na-orave\/#primaryimage\"},\"thumbnailUrl\":\"https:\/\/arriva.sk\/liorbus\/wp-content\/uploads\/sites\/18\/2024\/07\/IMG_2256-2048x1536-1.webp\",\"datePublished\":\"2024-01-12T10:05:46+00:00\",\"dateModified\":\"2025-05-28T12:32:03+00:00\",\"description\":\"ARRIVA Liorbus - Cyklobus na Orave\",\"breadcrumb\":{\"@id\":\"https:\/\/arriva.sk\/liorbus\/cyklobus-na-orave\/#breadcrumb\"},\"inLanguage\":\"sk-SK\",\"potentialAction\":[{\"@type\":\"ReadAction\",\"target\":[\"https:\/\/arriva.sk\/liorbus\/cyklobus-na-orave\/\"]}]},{\"@type\":\"ImageObject\",\"inLanguage\":\"sk-SK\",\"@id\":\"https:\/\/arriva.sk\/liorbus\/cyklobus-na-orave\/#primaryimage\",\"url\":\"https:\/\/arriva.sk\/liorbus\/wp-content\/uploads\/sites\/18\/2024\/07\/IMG_2256-2048x1536-1.webp\",\"contentUrl\":\"https:\/\/arriva.sk\/liorbus\/wp-content\/uploads\/sites\/18\/2024\/07\/IMG_2256-2048x1536-1.webp\",\"width\":2048,\"height\":1536},{\"@type\":\"BreadcrumbList\",\"@id\":\"https:\/\/arriva.sk\/liorbus\/cyklobus-na-orave\/#breadcrumb\",\"itemListElement\":[{\"@type\":\"ListItem\",\"position\":1,\"name\":\"Home\",\"item\":\"https:\/\/arriva.sk\/liorbus\/\"},{\"@type\":\"ListItem\",\"position\":2,\"name\":\"Cyklobus na Orave\"}]},{\"@type\":\"WebSite\",\"@id\":\"https:\/\/arriva.sk\/liorbus\/#website\",\"url\":\"https:\/\/arriva.sk\/liorbus\/\",\"name\":\"ARRIVA Liorbus\",\"description\":\"Autobusov\u00e1 doprava v \u017dilinskom regi\u00f3ne\",\"publisher\":{\"@id\":\"https:\/\/arriva.sk\/liorbus\/#organization\"},\"potentialAction\":[{\"@type\":\"SearchAction\",\"target\":{\"@type\":\"EntryPoint\",\"urlTemplate\":\"https:\/\/arriva.sk\/liorbus\/?s={search_term_string}\"},\"query-input\":{\"@type\":\"PropertyValueSpecification\",\"valueRequired\":true,\"valueName\":\"search_term_string\"}}],\"inLanguage\":\"sk-SK\"},{\"@type\":\"Organization\",\"@id\":\"https:\/\/arriva.sk\/liorbus\/#organization\",\"name\":\"ARRIVA Nitra\",\"url\":\"https:\/\/arriva.sk\/liorbus\/\",\"logo\":{\"@type\":\"ImageObject\",\"inLanguage\":\"sk-SK\",\"@id\":\"https:\/\/arriva.sk\/liorbus\/#\/schema\/logo\/image\/\",\"url\":\"https:\/\/arriva.sk\/liorbusdev\/wp-content\/uploads\/sites\/18\/2021\/11\/logo-nitra.png\",\"contentUrl\":\"https:\/\/arriva.sk\/liorbusdev\/wp-content\/uploads\/sites\/18\/2021\/11\/logo-nitra.png\",\"width\":300,\"height\":90,\"caption\":\"ARRIVA Nitra\"},\"image\":{\"@id\":\"https:\/\/arriva.sk\/liorbus\/#\/schema\/logo\/image\/\"}}]}<\/script>\n<!-- \/ Yoast SEO plugin. -->","yoast_head_json":{"title":"ARRIVA Liorbus - Cyklobus na Orave","description":"ARRIVA Liorbus - Cyklobus na Orave","robots":{"index":"index","follow":"follow","max-snippet":"max-snippet:-1","max-image-preview":"max-image-preview:large","max-video-preview":"max-video-preview:-1"},"canonical":"https:\/\/arriva.sk\/liorbus\/cyklobus-na-orave\/","og_locale":"sk_SK","og_type":"article","og_title":"Pr\u00edmestsk\u00e1 verejn\u00e1 doprava v 4 regi\u00f3noch \u2013 Bratislava, Malacky, Senec a \u0160amor\u00edn.","og_description":"ARRIVA Mobility Solutions, s.r.o. zabezpe\u010duje v Bratislavskom kraji pr\u00edmestsk\u00fa verejn\u00fa dopravu v 4 regi\u00f3noch \u2013 Bratislava, Malacky, Senec a \u0160amor\u00edn.","og_url":"https:\/\/arriva.sk\/liorbus\/cyklobus-na-orave\/","og_site_name":"ARRIVA Liorbus","article_modified_time":"2025-05-28T12:32:03+00:00","og_image":[{"width":2048,"height":1536,"url":"https:\/\/arriva.sk\/liorbus\/wp-content\/uploads\/sites\/18\/2024\/07\/IMG_2256-2048x1536-1.webp","type":"image\/webp"}],"twitter_card":"summary_large_image","twitter_misc":{"Predpokladan\u00fd \u010das \u010d\u00edtania":"2 min\u00faty"},"schema":{"@context":"https:\/\/schema.org","@graph":[{"@type":"WebPage","@id":"https:\/\/arriva.sk\/liorbus\/cyklobus-na-orave\/","url":"https:\/\/arriva.sk\/liorbus\/cyklobus-na-orave\/","name":"ARRIVA Liorbus - Cyklobus na Orave","isPartOf":{"@id":"https:\/\/arriva.sk\/liorbus\/#website"},"primaryImageOfPage":{"@id":"https:\/\/arriva.sk\/liorbus\/cyklobus-na-orave\/#primaryimage"},"image":{"@id":"https:\/\/arriva.sk\/liorbus\/cyklobus-na-orave\/#primaryimage"},"thumbnailUrl":"https:\/\/arriva.sk\/liorbus\/wp-content\/uploads\/sites\/18\/2024\/07\/IMG_2256-2048x1536-1.webp","datePublished":"2024-01-12T10:05:46+00:00","dateModified":"2025-05-28T12:32:03+00:00","description":"ARRIVA Liorbus - Cyklobus na Orave","breadcrumb":{"@id":"https:\/\/arriva.sk\/liorbus\/cyklobus-na-orave\/#breadcrumb"},"inLanguage":"sk-SK","potentialAction":[{"@type":"ReadAction","target":["https:\/\/arriva.sk\/liorbus\/cyklobus-na-orave\/"]}]},{"@type":"ImageObject","inLanguage":"sk-SK","@id":"https:\/\/arriva.sk\/liorbus\/cyklobus-na-orave\/#primaryimage","url":"https:\/\/arriva.sk\/liorbus\/wp-content\/uploads\/sites\/18\/2024\/07\/IMG_2256-2048x1536-1.webp","contentUrl":"https:\/\/arriva.sk\/liorbus\/wp-content\/uploads\/sites\/18\/2024\/07\/IMG_2256-2048x1536-1.webp","width":2048,"height":1536},{"@type":"BreadcrumbList","@id":"https:\/\/arriva.sk\/liorbus\/cyklobus-na-orave\/#breadcrumb","itemListElement":[{"@type":"ListItem","position":1,"name":"Home","item":"https:\/\/arriva.sk\/liorbus\/"},{"@type":"ListItem","position":2,"name":"Cyklobus na Orave"}]},{"@type":"WebSite","@id":"https:\/\/arriva.sk\/liorbus\/#website","url":"https:\/\/arriva.sk\/liorbus\/","name":"ARRIVA Liorbus","description":"Autobusov\u00e1 doprava v \u017dilinskom regi\u00f3ne","publisher":{"@id":"https:\/\/arriva.sk\/liorbus\/#organization"},"potentialAction":[{"@type":"SearchAction","target":{"@type":"EntryPoint","urlTemplate":"https:\/\/arriva.sk\/liorbus\/?s={search_term_string}"},"query-input":{"@type":"PropertyValueSpecification","valueRequired":true,"valueName":"search_term_string"}}],"inLanguage":"sk-SK"},{"@type":"Organization","@id":"https:\/\/arriva.sk\/liorbus\/#organization","name":"ARRIVA Nitra","url":"https:\/\/arriva.sk\/liorbus\/","logo":{"@type":"ImageObject","inLanguage":"sk-SK","@id":"https:\/\/arriva.sk\/liorbus\/#\/schema\/logo\/image\/","url":"https:\/\/arriva.sk\/liorbusdev\/wp-content\/uploads\/sites\/18\/2021\/11\/logo-nitra.png","contentUrl":"https:\/\/arriva.sk\/liorbusdev\/wp-content\/uploads\/sites\/18\/2021\/11\/logo-nitra.png","width":300,"height":90,"caption":"ARRIVA Nitra"},"image":{"@id":"https:\/\/arriva.sk\/liorbus\/#\/schema\/logo\/image\/"}}]}},"_links":{"self":[{"href":"https:\/\/arriva.sk\/liorbus\/wp-json\/wp\/v2\/pages\/29239","targetHints":{"allow":["GET"]}}],"collection":[{"href":"https:\/\/arriva.sk\/liorbus\/wp-json\/wp\/v2\/pages"}],"about":[{"href":"https:\/\/arriva.sk\/liorbus\/wp-json\/wp\/v2\/types\/page"}],"author":[{"embeddable":true,"href":"https:\/\/arriva.sk\/liorbus\/wp-json\/wp\/v2\/users\/1"}],"replies":[{"embeddable":true,"href":"https:\/\/arriva.sk\/liorbus\/wp-json\/wp\/v2\/comments?post=29239"}],"version-history":[{"count":31,"href":"https:\/\/arriva.sk\/liorbus\/wp-json\/wp\/v2\/pages\/29239\/revisions"}],"predecessor-version":[{"id":31648,"href":"https:\/\/arriva.sk\/liorbus\/wp-json\/wp\/v2\/pages\/29239\/revisions\/31648"}],"wp:attachment":[{"href":"https:\/\/arriva.sk\/liorbus\/wp-json\/wp\/v2\/media?parent=29239"}],"curies":[{"name":"wp","href":"https:\/\/api.w.org\/{rel}","templated":true}]}}