{"id":29217,"date":"2024-01-12T09:50:41","date_gmt":"2024-01-12T09:50:41","guid":{"rendered":"https:\/\/arriva.sk\/liorbusdev\/?page_id=29217"},"modified":"2025-09-30T09:51:38","modified_gmt":"2025-09-30T07:51:38","slug":"cyklobus","status":"publish","type":"page","link":"https:\/\/arriva.sk\/liorbus\/cyklobus\/","title":{"rendered":"Cyklobus"},"content":{"rendered":"\t\t<div data-elementor-type=\"wp-page\" data-elementor-id=\"29217\" class=\"elementor elementor-29217\" data-elementor-post-type=\"page\">\n\t\t\t\t\t\t<section class=\"elementor-section elementor-top-section elementor-element elementor-element-18595140 elementor-section-content-middle elementor-reverse-mobile elementor-section-boxed elementor-section-height-default elementor-section-height-default\" data-id=\"18595140\" data-element_type=\"section\" data-e-type=\"section\">\n\t\t\t\t\t\t<div class=\"elementor-container elementor-column-gap-default\">\n\t\t\t\t\t<div class=\"elementor-column elementor-col-50 elementor-top-column elementor-element elementor-element-7a4f021e\" data-id=\"7a4f021e\" data-element_type=\"column\" data-e-type=\"column\">\n\t\t\t<div class=\"elementor-widget-wrap elementor-element-populated\">\n\t\t\t\t\t\t<div class=\"elementor-element elementor-element-6fada645 elementor-widget elementor-widget-heading\" data-id=\"6fada645\" data-element_type=\"widget\" data-e-type=\"widget\" data-widget_type=\"heading.default\">\n\t\t\t\t<div class=\"elementor-widget-container\">\n\t\t\t\t\t<h2 class=\"elementor-heading-title elementor-size-default\">Cyklobusy na Orave a Liptove<\/h2>\t\t\t\t<\/div>\n\t\t\t\t<\/div>\n\t\t\t\t<div class=\"elementor-element elementor-element-bb2ed0d elementor-alert-danger elementor-widget elementor-widget-alert\" data-id=\"bb2ed0d\" data-element_type=\"widget\" data-e-type=\"widget\" data-widget_type=\"alert.default\">\n\t\t\t\t<div class=\"elementor-widget-container\">\n\t\t\t\t\t\t\t<div class=\"elementor-alert\" role=\"alert\">\n\n\t\t\t\t\t\t<span class=\"elementor-alert-title\">Upozornenie<\/span>\n\t\t\t\n\t\t\t\t\t\t<span class=\"elementor-alert-description\">SEZ\u00d3NA 2025 UKON\u010cEN\u00c1<\/span>\n\t\t\t\n\t\t\t\t\t\t<button type=\"button\" class=\"elementor-alert-dismiss\" aria-label=\"Dismiss this alert.\">\n\t\t\t\t\t\t\t\t\t<span aria-hidden=\"true\">&times;<\/span>\n\t\t\t\t\t\t\t<\/button>\n\t\t\t\n\t\t<\/div>\n\t\t\t\t\t\t<\/div>\n\t\t\t\t<\/div>\n\t\t\t\t<div class=\"elementor-element elementor-element-f466e28 elementor-widget elementor-widget-text-editor\" data-id=\"f466e28\" data-element_type=\"widget\" data-e-type=\"widget\" data-widget_type=\"text-editor.default\">\n\t\t\t\t<div class=\"elementor-widget-container\">\n\t\t\t\t\t\t\t\t\t<section><div><p>So zlep\u0161uj\u00facim sa po\u010das\u00edm a bl\u00ed\u017eiacimi sa pr\u00e1zdninami V\u00e1m pon\u00fakame mo\u017enos\u0165 spozn\u00e1va\u0165 kr\u00e1sy regi\u00f3nov <strong>Orava a Liptov.<\/strong>\u00a0<\/p><p>Cyklobusy bud\u00fa v novej sez\u00f3ne 2025 prem\u00e1va\u0165 na Liptove <strong>od 31. m\u00e1ja <\/strong>a na Orave<strong> od 1. j\u00fana 2025<\/strong>. S\u00fa vybaven\u00e9 \u0161peci\u00e1lnymi nosi\u010dmi, ktor\u00fdch kapacita je \u0161es\u0165 bicyklov.<\/p><p>Cestovn\u00e9 l\u00edstky si cestuj\u00faci m\u00f4\u017eu zak\u00fapi\u0165 priamo u vodi\u010da \u2013 cena l\u00edstka je \u00fa\u010dtovan\u00e1 pod\u013ea platn\u00fdch tarifn\u00fdch podmienok spolo\u010dnosti ARRIVA Liorbus a <strong>cena za prepravu bicykla zost\u00e1va i v novej sez\u00f3ne bez zmeny &#8211;<\/strong> <strong>0,50 eur<\/strong>.<\/p><p><strong>Vyrazte s nami za dobrodru\u017estvom a objavujte n\u00e1dhern\u00e9 k\u00faty Slovenska<\/strong> \u2013 od historick\u00fdch pamiatok, cez tich\u00e9 lesn\u00e9 cesti\u010dky a\u017e po dychber\u00face v\u00fdh\u013eady.\u00a0<\/p><p>\u010ci u\u017e ste v\u00e1\u0161niv\u00fd cyklista alebo v\u00edkendov\u00fd nad\u0161enec, na\u0161e cyklobusy v\u00e1s pohodlne dopravia k t\u00fdm najkraj\u0161\u00edm cyklotras\u00e1m.<\/p><\/div><\/section>\t\t\t\t\t\t\t\t<\/div>\n\t\t\t\t<\/div>\n\t\t\t\t\t<\/div>\n\t\t<\/div>\n\t\t\t\t<div class=\"elementor-column elementor-col-50 elementor-top-column elementor-element elementor-element-6bcf0c94\" data-id=\"6bcf0c94\" data-element_type=\"column\" data-e-type=\"column\">\n\t\t\t<div class=\"elementor-widget-wrap elementor-element-populated\">\n\t\t\t\t\t\t<div class=\"elementor-element elementor-element-6079b30 elementor-widget elementor-widget-image\" data-id=\"6079b30\" data-element_type=\"widget\" data-e-type=\"widget\" data-widget_type=\"image.default\">\n\t\t\t\t<div class=\"elementor-widget-container\">\n\t\t\t\t\t\t\t\t\t\t\t\t\t\t\t<img fetchpriority=\"high\" decoding=\"async\" width=\"930\" height=\"551\" src=\"https:\/\/arriva.sk\/liorbus\/wp-content\/uploads\/sites\/18\/2023\/05\/cyklobus-arriva-1.jpg\" class=\"attachment-full size-full wp-image-29215\" alt=\"\" srcset=\"https:\/\/arriva.sk\/liorbus\/wp-content\/uploads\/sites\/18\/2023\/05\/cyklobus-arriva-1.jpg 930w, https:\/\/arriva.sk\/liorbus\/wp-content\/uploads\/sites\/18\/2023\/05\/cyklobus-arriva-1-300x178.jpg 300w, https:\/\/arriva.sk\/liorbus\/wp-content\/uploads\/sites\/18\/2023\/05\/cyklobus-arriva-1-768x455.jpg 768w\" sizes=\"(max-width: 930px) 100vw, 930px\" \/>\t\t\t\t\t\t\t\t\t\t\t\t\t\t\t<\/div>\n\t\t\t\t<\/div>\n\t\t\t\t<div class=\"elementor-element elementor-element-553f079e elementor-align-left elementor-widget elementor-widget-button\" data-id=\"553f079e\" data-element_type=\"widget\" data-e-type=\"widget\" data-widget_type=\"button.default\">\n\t\t\t\t<div class=\"elementor-widget-container\">\n\t\t\t\t\t\t\t\t\t<div class=\"elementor-button-wrapper\">\n\t\t\t\t\t<a class=\"elementor-button elementor-button-link elementor-size-md\" href=\"https:\/\/arriva.sk\/liorbus\/cyklobus-na-liptove\/\" id=\"#infolinka\">\n\t\t\t\t\t\t<span class=\"elementor-button-content-wrapper\">\n\t\t\t\t\t\t<span class=\"elementor-button-icon\">\n\t\t\t\t<i aria-hidden=\"true\" class=\"fas fa-long-arrow-alt-right\"><\/i>\t\t\t<\/span>\n\t\t\t\t\t\t\t\t\t<span class=\"elementor-button-text\">Cyklobus na Liptove<\/span>\n\t\t\t\t\t<\/span>\n\t\t\t\t\t<\/a>\n\t\t\t\t<\/div>\n\t\t\t\t\t\t\t\t<\/div>\n\t\t\t\t<\/div>\n\t\t\t\t<div class=\"elementor-element elementor-element-a3efdf6 elementor-align-left elementor-widget elementor-widget-button\" data-id=\"a3efdf6\" data-element_type=\"widget\" data-e-type=\"widget\" data-widget_type=\"button.default\">\n\t\t\t\t<div class=\"elementor-widget-container\">\n\t\t\t\t\t\t\t\t\t<div class=\"elementor-button-wrapper\">\n\t\t\t\t\t<a class=\"elementor-button elementor-button-link elementor-size-md\" href=\"https:\/\/arriva.sk\/liorbus\/cyklobus-na-orave\/\" id=\"#infolinka\">\n\t\t\t\t\t\t<span class=\"elementor-button-content-wrapper\">\n\t\t\t\t\t\t<span class=\"elementor-button-icon\">\n\t\t\t\t<i aria-hidden=\"true\" class=\"fas fa-long-arrow-alt-right\"><\/i>\t\t\t<\/span>\n\t\t\t\t\t\t\t\t\t<span class=\"elementor-button-text\">Cyklobus na Orave<\/span>\n\t\t\t\t\t<\/span>\n\t\t\t\t\t<\/a>\n\t\t\t\t<\/div>\n\t\t\t\t\t\t\t\t<\/div>\n\t\t\t\t<\/div>\n\t\t\t\t\t<\/div>\n\t\t<\/div>\n\t\t\t\t\t<\/div>\n\t\t<\/section>\n\t\t\t\t<section class=\"elementor-section elementor-top-section elementor-element elementor-element-4f17afd elementor-section-boxed elementor-section-height-default elementor-section-height-default\" data-id=\"4f17afd\" data-element_type=\"section\" data-e-type=\"section\" data-settings=\"{&quot;background_background&quot;:&quot;classic&quot;}\">\n\t\t\t\t\t\t<div class=\"elementor-container elementor-column-gap-default\">\n\t\t\t\t\t<div class=\"elementor-column elementor-col-100 elementor-top-column elementor-element elementor-element-ffd2a4e\" data-id=\"ffd2a4e\" data-element_type=\"column\" data-e-type=\"column\">\n\t\t\t<div class=\"elementor-widget-wrap elementor-element-populated\">\n\t\t\t\t\t\t<div class=\"elementor-element elementor-element-680207f6 elementor-widget elementor-widget-text-editor\" data-id=\"680207f6\" data-element_type=\"widget\" data-e-type=\"widget\" data-widget_type=\"text-editor.default\">\n\t\t\t\t<div class=\"elementor-widget-container\">\n\t\t\t\t\t\t\t\t\t<h1 style=\"text-align: center;\">Cyklobusy na Liptove a Orave<\/h1>\t\t\t\t\t\t\t\t<\/div>\n\t\t\t\t<\/div>\n\t\t\t\t<section class=\"elementor-section elementor-inner-section elementor-element elementor-element-32bc61a elementor-section-boxed elementor-section-height-default elementor-section-height-default\" data-id=\"32bc61a\" data-element_type=\"section\" data-e-type=\"section\">\n\t\t\t\t\t\t<div class=\"elementor-container elementor-column-gap-default\">\n\t\t\t\t\t<div class=\"elementor-column elementor-col-50 elementor-inner-column elementor-element elementor-element-98a6ae9\" data-id=\"98a6ae9\" data-element_type=\"column\" data-e-type=\"column\">\n\t\t\t<div class=\"elementor-widget-wrap elementor-element-populated\">\n\t\t\t\t\t\t<div class=\"elementor-element elementor-element-3e39651 elementor-widget elementor-widget-image\" data-id=\"3e39651\" data-element_type=\"widget\" data-e-type=\"widget\" data-widget_type=\"image.default\">\n\t\t\t\t<div class=\"elementor-widget-container\">\n\t\t\t\t\t\t\t\t\t\t\t\t\t\t\t\t<a href=\"https:\/\/arriva.sk\/liorbus\/cyklobus-na-liptove\/\">\n\t\t\t\t\t\t\t<img decoding=\"async\" width=\"1080\" height=\"1080\" src=\"https:\/\/arriva.sk\/liorbus\/wp-content\/uploads\/sites\/18\/2025\/05\/cyklobus_liptov_fbig-1.png\" class=\"attachment-full size-full wp-image-31632\" alt=\"\" srcset=\"https:\/\/arriva.sk\/liorbus\/wp-content\/uploads\/sites\/18\/2025\/05\/cyklobus_liptov_fbig-1.png 1080w, https:\/\/arriva.sk\/liorbus\/wp-content\/uploads\/sites\/18\/2025\/05\/cyklobus_liptov_fbig-1-300x300.png 300w, https:\/\/arriva.sk\/liorbus\/wp-content\/uploads\/sites\/18\/2025\/05\/cyklobus_liptov_fbig-1-1030x1030.png 1030w, https:\/\/arriva.sk\/liorbus\/wp-content\/uploads\/sites\/18\/2025\/05\/cyklobus_liptov_fbig-1-80x80.png 80w, https:\/\/arriva.sk\/liorbus\/wp-content\/uploads\/sites\/18\/2025\/05\/cyklobus_liptov_fbig-1-768x768.png 768w\" sizes=\"(max-width: 1080px) 100vw, 1080px\" \/>\t\t\t\t\t\t\t\t<\/a>\n\t\t\t\t\t\t\t\t\t\t\t\t\t\t\t<\/div>\n\t\t\t\t<\/div>\n\t\t\t\t\t<\/div>\n\t\t<\/div>\n\t\t\t\t<div class=\"elementor-column elementor-col-50 elementor-inner-column elementor-element elementor-element-e448c54\" data-id=\"e448c54\" data-element_type=\"column\" data-e-type=\"column\">\n\t\t\t<div class=\"elementor-widget-wrap elementor-element-populated\">\n\t\t\t\t\t\t<div class=\"elementor-element elementor-element-579d7fc elementor-widget elementor-widget-image\" data-id=\"579d7fc\" data-element_type=\"widget\" data-e-type=\"widget\" data-widget_type=\"image.default\">\n\t\t\t\t<div class=\"elementor-widget-container\">\n\t\t\t\t\t\t\t\t\t\t\t\t\t\t\t\t<a href=\"https:\/\/arriva.sk\/liorbus\/cyklobus-na-orave\/\">\n\t\t\t\t\t\t\t<img decoding=\"async\" width=\"1080\" height=\"1080\" src=\"https:\/\/arriva.sk\/liorbus\/wp-content\/uploads\/sites\/18\/2025\/05\/cyklobus_orava_fbig.png\" class=\"attachment-full size-full wp-image-31592\" alt=\"\" srcset=\"https:\/\/arriva.sk\/liorbus\/wp-content\/uploads\/sites\/18\/2025\/05\/cyklobus_orava_fbig.png 1080w, https:\/\/arriva.sk\/liorbus\/wp-content\/uploads\/sites\/18\/2025\/05\/cyklobus_orava_fbig-300x300.png 300w, https:\/\/arriva.sk\/liorbus\/wp-content\/uploads\/sites\/18\/2025\/05\/cyklobus_orava_fbig-1030x1030.png 1030w, https:\/\/arriva.sk\/liorbus\/wp-content\/uploads\/sites\/18\/2025\/05\/cyklobus_orava_fbig-80x80.png 80w, https:\/\/arriva.sk\/liorbus\/wp-content\/uploads\/sites\/18\/2025\/05\/cyklobus_orava_fbig-768x768.png 768w\" sizes=\"(max-width: 1080px) 100vw, 1080px\" \/>\t\t\t\t\t\t\t\t<\/a>\n\t\t\t\t\t\t\t\t\t\t\t\t\t\t\t<\/div>\n\t\t\t\t<\/div>\n\t\t\t\t\t<\/div>\n\t\t<\/div>\n\t\t\t\t\t<\/div>\n\t\t<\/section>\n\t\t\t\t\t<\/div>\n\t\t<\/div>\n\t\t\t\t\t<\/div>\n\t\t<\/section>\n\t\t\t\t<\/div>\n\t\t","protected":false},"excerpt":{"rendered":"<p>Cyklobusy na Orave a Liptove Upozornenie SEZ\u00d3NA 2025 UKON\u010cEN\u00c1 &times; So zlep\u0161uj\u00facim sa po\u010das\u00edm a bl\u00ed\u017eiacimi sa pr\u00e1zdninami V\u00e1m pon\u00fakame mo\u017enos\u0165 spozn\u00e1va\u0165 kr\u00e1sy regi\u00f3nov Orava a Liptov.\u00a0 Cyklobusy bud\u00fa v novej sez\u00f3ne 2025 prem\u00e1va\u0165 na Liptove od 31. m\u00e1ja a na Orave od 1. j\u00fana 2025. S\u00fa vybaven\u00e9 \u0161peci\u00e1lnymi nosi\u010dmi, ktor\u00fdch kapacita je \u0161es\u0165 bicyklov. [&hellip;]<\/p>\n","protected":false},"author":1,"featured_media":0,"parent":0,"menu_order":0,"comment_status":"closed","ping_status":"closed","template":"","meta":{"_acf_changed":false,"footnotes":""},"class_list":["post-29217","page","type-page","status-publish","hentry"],"acf":[],"yoast_head":"<!-- This site is optimized with the Yoast SEO plugin v27.2 - https:\/\/yoast.com\/product\/yoast-seo-wordpress\/ -->\n<title>ARRIVA Liorbus - Cyklobus v \u017dilinskom kraji<\/title>\n<meta name=\"description\" content=\"ARRIVA Liorbus - Cyklobus\" \/>\n<meta name=\"robots\" content=\"index, follow, max-snippet:-1, max-image-preview:large, max-video-preview:-1\" \/>\n<link rel=\"canonical\" href=\"https:\/\/arriva.sk\/liorbus\/cyklobus\/\" \/>\n<meta property=\"og:locale\" content=\"sk_SK\" \/>\n<meta property=\"og:type\" content=\"article\" \/>\n<meta property=\"og:title\" content=\"Pr\u00edmestsk\u00e1 verejn\u00e1 doprava v 4 regi\u00f3noch \u2013 Bratislava, Malacky, Senec a \u0160amor\u00edn.\" \/>\n<meta property=\"og:description\" content=\"ARRIVA Mobility Solutions, s.r.o. zabezpe\u010duje v Bratislavskom kraji pr\u00edmestsk\u00fa verejn\u00fa dopravu v 4 regi\u00f3noch \u2013 Bratislava, Malacky, Senec a \u0160amor\u00edn.\" \/>\n<meta property=\"og:url\" content=\"https:\/\/arriva.sk\/liorbus\/cyklobus\/\" \/>\n<meta property=\"og:site_name\" content=\"ARRIVA Liorbus\" \/>\n<meta property=\"article:modified_time\" content=\"2025-09-30T07:51:38+00:00\" \/>\n<meta property=\"og:image\" content=\"https:\/\/arriva.sk\/liorbus\/wp-content\/uploads\/sites\/18\/2023\/05\/cyklobus-arriva-1.jpg\" \/>\n\t<meta property=\"og:image:width\" content=\"930\" \/>\n\t<meta property=\"og:image:height\" content=\"551\" \/>\n\t<meta property=\"og:image:type\" content=\"image\/jpeg\" \/>\n<meta name=\"twitter:card\" content=\"summary_large_image\" \/>\n<meta name=\"twitter:label1\" content=\"Predpokladan\u00fd \u010das \u010d\u00edtania\" \/>\n\t<meta name=\"twitter:data1\" content=\"2 min\u00faty\" \/>\n<script type=\"application\/ld+json\" class=\"yoast-schema-graph\">{\"@context\":\"https:\/\/schema.org\",\"@graph\":[{\"@type\":\"WebPage\",\"@id\":\"https:\/\/arriva.sk\/liorbus\/cyklobus\/\",\"url\":\"https:\/\/arriva.sk\/liorbus\/cyklobus\/\",\"name\":\"ARRIVA Liorbus - Cyklobus v \u017dilinskom kraji\",\"isPartOf\":{\"@id\":\"https:\/\/arriva.sk\/liorbus\/#website\"},\"primaryImageOfPage\":{\"@id\":\"https:\/\/arriva.sk\/liorbus\/cyklobus\/#primaryimage\"},\"image\":{\"@id\":\"https:\/\/arriva.sk\/liorbus\/cyklobus\/#primaryimage\"},\"thumbnailUrl\":\"https:\/\/arriva.sk\/liorbus\/wp-content\/uploads\/sites\/18\/2023\/05\/cyklobus-arriva-1.jpg\",\"datePublished\":\"2024-01-12T09:50:41+00:00\",\"dateModified\":\"2025-09-30T07:51:38+00:00\",\"description\":\"ARRIVA Liorbus - Cyklobus\",\"breadcrumb\":{\"@id\":\"https:\/\/arriva.sk\/liorbus\/cyklobus\/#breadcrumb\"},\"inLanguage\":\"sk-SK\",\"potentialAction\":[{\"@type\":\"ReadAction\",\"target\":[\"https:\/\/arriva.sk\/liorbus\/cyklobus\/\"]}]},{\"@type\":\"ImageObject\",\"inLanguage\":\"sk-SK\",\"@id\":\"https:\/\/arriva.sk\/liorbus\/cyklobus\/#primaryimage\",\"url\":\"https:\/\/arriva.sk\/liorbus\/wp-content\/uploads\/sites\/18\/2023\/05\/cyklobus-arriva-1.jpg\",\"contentUrl\":\"https:\/\/arriva.sk\/liorbus\/wp-content\/uploads\/sites\/18\/2023\/05\/cyklobus-arriva-1.jpg\",\"width\":930,\"height\":551},{\"@type\":\"BreadcrumbList\",\"@id\":\"https:\/\/arriva.sk\/liorbus\/cyklobus\/#breadcrumb\",\"itemListElement\":[{\"@type\":\"ListItem\",\"position\":1,\"name\":\"Home\",\"item\":\"https:\/\/arriva.sk\/liorbus\/\"},{\"@type\":\"ListItem\",\"position\":2,\"name\":\"Cyklobus\"}]},{\"@type\":\"WebSite\",\"@id\":\"https:\/\/arriva.sk\/liorbus\/#website\",\"url\":\"https:\/\/arriva.sk\/liorbus\/\",\"name\":\"ARRIVA Liorbus\",\"description\":\"Autobusov\u00e1 doprava v \u017dilinskom regi\u00f3ne\",\"publisher\":{\"@id\":\"https:\/\/arriva.sk\/liorbus\/#organization\"},\"potentialAction\":[{\"@type\":\"SearchAction\",\"target\":{\"@type\":\"EntryPoint\",\"urlTemplate\":\"https:\/\/arriva.sk\/liorbus\/?s={search_term_string}\"},\"query-input\":{\"@type\":\"PropertyValueSpecification\",\"valueRequired\":true,\"valueName\":\"search_term_string\"}}],\"inLanguage\":\"sk-SK\"},{\"@type\":\"Organization\",\"@id\":\"https:\/\/arriva.sk\/liorbus\/#organization\",\"name\":\"ARRIVA Nitra\",\"url\":\"https:\/\/arriva.sk\/liorbus\/\",\"logo\":{\"@type\":\"ImageObject\",\"inLanguage\":\"sk-SK\",\"@id\":\"https:\/\/arriva.sk\/liorbus\/#\/schema\/logo\/image\/\",\"url\":\"https:\/\/arriva.sk\/liorbusdev\/wp-content\/uploads\/sites\/18\/2021\/11\/logo-nitra.png\",\"contentUrl\":\"https:\/\/arriva.sk\/liorbusdev\/wp-content\/uploads\/sites\/18\/2021\/11\/logo-nitra.png\",\"width\":300,\"height\":90,\"caption\":\"ARRIVA Nitra\"},\"image\":{\"@id\":\"https:\/\/arriva.sk\/liorbus\/#\/schema\/logo\/image\/\"}}]}<\/script>\n<!-- \/ Yoast SEO plugin. -->","yoast_head_json":{"title":"ARRIVA Liorbus - Cyklobus v \u017dilinskom kraji","description":"ARRIVA Liorbus - Cyklobus","robots":{"index":"index","follow":"follow","max-snippet":"max-snippet:-1","max-image-preview":"max-image-preview:large","max-video-preview":"max-video-preview:-1"},"canonical":"https:\/\/arriva.sk\/liorbus\/cyklobus\/","og_locale":"sk_SK","og_type":"article","og_title":"Pr\u00edmestsk\u00e1 verejn\u00e1 doprava v 4 regi\u00f3noch \u2013 Bratislava, Malacky, Senec a \u0160amor\u00edn.","og_description":"ARRIVA Mobility Solutions, s.r.o. zabezpe\u010duje v Bratislavskom kraji pr\u00edmestsk\u00fa verejn\u00fa dopravu v 4 regi\u00f3noch \u2013 Bratislava, Malacky, Senec a \u0160amor\u00edn.","og_url":"https:\/\/arriva.sk\/liorbus\/cyklobus\/","og_site_name":"ARRIVA Liorbus","article_modified_time":"2025-09-30T07:51:38+00:00","og_image":[{"width":930,"height":551,"url":"https:\/\/arriva.sk\/liorbus\/wp-content\/uploads\/sites\/18\/2023\/05\/cyklobus-arriva-1.jpg","type":"image\/jpeg"}],"twitter_card":"summary_large_image","twitter_misc":{"Predpokladan\u00fd \u010das \u010d\u00edtania":"2 min\u00faty"},"schema":{"@context":"https:\/\/schema.org","@graph":[{"@type":"WebPage","@id":"https:\/\/arriva.sk\/liorbus\/cyklobus\/","url":"https:\/\/arriva.sk\/liorbus\/cyklobus\/","name":"ARRIVA Liorbus - Cyklobus v \u017dilinskom kraji","isPartOf":{"@id":"https:\/\/arriva.sk\/liorbus\/#website"},"primaryImageOfPage":{"@id":"https:\/\/arriva.sk\/liorbus\/cyklobus\/#primaryimage"},"image":{"@id":"https:\/\/arriva.sk\/liorbus\/cyklobus\/#primaryimage"},"thumbnailUrl":"https:\/\/arriva.sk\/liorbus\/wp-content\/uploads\/sites\/18\/2023\/05\/cyklobus-arriva-1.jpg","datePublished":"2024-01-12T09:50:41+00:00","dateModified":"2025-09-30T07:51:38+00:00","description":"ARRIVA Liorbus - Cyklobus","breadcrumb":{"@id":"https:\/\/arriva.sk\/liorbus\/cyklobus\/#breadcrumb"},"inLanguage":"sk-SK","potentialAction":[{"@type":"ReadAction","target":["https:\/\/arriva.sk\/liorbus\/cyklobus\/"]}]},{"@type":"ImageObject","inLanguage":"sk-SK","@id":"https:\/\/arriva.sk\/liorbus\/cyklobus\/#primaryimage","url":"https:\/\/arriva.sk\/liorbus\/wp-content\/uploads\/sites\/18\/2023\/05\/cyklobus-arriva-1.jpg","contentUrl":"https:\/\/arriva.sk\/liorbus\/wp-content\/uploads\/sites\/18\/2023\/05\/cyklobus-arriva-1.jpg","width":930,"height":551},{"@type":"BreadcrumbList","@id":"https:\/\/arriva.sk\/liorbus\/cyklobus\/#breadcrumb","itemListElement":[{"@type":"ListItem","position":1,"name":"Home","item":"https:\/\/arriva.sk\/liorbus\/"},{"@type":"ListItem","position":2,"name":"Cyklobus"}]},{"@type":"WebSite","@id":"https:\/\/arriva.sk\/liorbus\/#website","url":"https:\/\/arriva.sk\/liorbus\/","name":"ARRIVA Liorbus","description":"Autobusov\u00e1 doprava v \u017dilinskom regi\u00f3ne","publisher":{"@id":"https:\/\/arriva.sk\/liorbus\/#organization"},"potentialAction":[{"@type":"SearchAction","target":{"@type":"EntryPoint","urlTemplate":"https:\/\/arriva.sk\/liorbus\/?s={search_term_string}"},"query-input":{"@type":"PropertyValueSpecification","valueRequired":true,"valueName":"search_term_string"}}],"inLanguage":"sk-SK"},{"@type":"Organization","@id":"https:\/\/arriva.sk\/liorbus\/#organization","name":"ARRIVA Nitra","url":"https:\/\/arriva.sk\/liorbus\/","logo":{"@type":"ImageObject","inLanguage":"sk-SK","@id":"https:\/\/arriva.sk\/liorbus\/#\/schema\/logo\/image\/","url":"https:\/\/arriva.sk\/liorbusdev\/wp-content\/uploads\/sites\/18\/2021\/11\/logo-nitra.png","contentUrl":"https:\/\/arriva.sk\/liorbusdev\/wp-content\/uploads\/sites\/18\/2021\/11\/logo-nitra.png","width":300,"height":90,"caption":"ARRIVA Nitra"},"image":{"@id":"https:\/\/arriva.sk\/liorbus\/#\/schema\/logo\/image\/"}}]}},"_links":{"self":[{"href":"https:\/\/arriva.sk\/liorbus\/wp-json\/wp\/v2\/pages\/29217","targetHints":{"allow":["GET"]}}],"collection":[{"href":"https:\/\/arriva.sk\/liorbus\/wp-json\/wp\/v2\/pages"}],"about":[{"href":"https:\/\/arriva.sk\/liorbus\/wp-json\/wp\/v2\/types\/page"}],"author":[{"embeddable":true,"href":"https:\/\/arriva.sk\/liorbus\/wp-json\/wp\/v2\/users\/1"}],"replies":[{"embeddable":true,"href":"https:\/\/arriva.sk\/liorbus\/wp-json\/wp\/v2\/comments?post=29217"}],"version-history":[{"count":49,"href":"https:\/\/arriva.sk\/liorbus\/wp-json\/wp\/v2\/pages\/29217\/revisions"}],"predecessor-version":[{"id":31978,"href":"https:\/\/arriva.sk\/liorbus\/wp-json\/wp\/v2\/pages\/29217\/revisions\/31978"}],"wp:attachment":[{"href":"https:\/\/arriva.sk\/liorbus\/wp-json\/wp\/v2\/media?parent=29217"}],"curies":[{"name":"wp","href":"https:\/\/api.w.org\/{rel}","templated":true}]}}